{"id":42041,"date":"2025-01-22T13:42:55","date_gmt":"2025-01-22T13:42:55","guid":{"rendered":"https:\/\/adiyamanparkhospital.com.tr\/?page_id=42041"},"modified":"2025-02-11T10:55:24","modified_gmt":"2025-02-11T10:55:24","slug":"hasta-haklari","status":"publish","type":"page","link":"https:\/\/adiyamanparkhospital.com.tr\/en\/hasta-haklari\/","title":{"rendered":"Patient Rights"},"content":{"rendered":"<div data-elementor-type=\"wp-page\" data-elementor-id=\"42041\" class=\"elementor elementor-42041\" data-elementor-post-type=\"page\">\n\t\t\t\t\t\t<div class=\"elementor-section elementor-top-section elementor-element elementor-element-13f2c194 elementor-reverse-tablet elementor-reverse-mobile_extra elementor-reverse-mobile elementor-section-boxed elementor-section-height-default elementor-section-height-default\" data-id=\"13f2c194\" data-element_type=\"section\">\n\t\t\t\t\t\t<div class=\"elementor-container elementor-column-gap-default\">\n\t\t\t\t\t<div class=\"elementor-column elementor-col-50 elementor-top-column elementor-element elementor-element-2446f785 layouts-column-align-inherit layouts-section-position-none\" data-id=\"2446f785\" data-element_type=\"column\" data-settings=\"{&quot;background_background&quot;:&quot;classic&quot;}\">\n\t\t\t<div class=\"elementor-widget-wrap elementor-element-populated\">\n\t\t\t\t\t\t<section class=\"elementor-section elementor-inner-section elementor-element elementor-element-961dc6b elementor-hidden-tablet elementor-hidden-phone elementor-section-boxed elementor-section-height-default elementor-section-height-default\" data-id=\"961dc6b\" data-element_type=\"section\" data-settings=\"{&quot;background_background&quot;:&quot;classic&quot;}\">\n\t\t\t\t\t\t\t<div class=\"elementor-background-overlay\"><\/div>\n\t\t\t\t\t\t\t<div class=\"elementor-container elementor-column-gap-default\">\n\t\t\t\t\t<div class=\"elementor-column elementor-col-100 elementor-inner-column elementor-element elementor-element-00249e2 layouts-column-align-inherit layouts-section-position-none\" data-id=\"00249e2\" data-element_type=\"column\">\n\t\t\t<div class=\"elementor-widget-wrap elementor-element-populated\">\n\t\t\t\t\t\t<div class=\"hf-elementor-layout elementor-element elementor-element-731473c elementor-widget__width-auto elementor-view-default elementor-widget elementor-widget-icon\" data-id=\"731473c\" data-element_type=\"widget\" data-widget_type=\"icon.default\">\n\t\t\t\t<div class=\"elementor-widget-container\">\n\t\t\t\t\t<div class=\"elementor-icon-wrapper\">\n\t\t\t<div class=\"elementor-icon elementor-animation-pulse\">\n\t\t\t<i aria-hidden=\"true\" class=\"ion ion-ios-time-outline\"><\/i>\t\t\t<\/div>\n\t\t<\/div>\n\t\t\t\t<\/div>\n\t\t\t\t<\/div>\n\t\t\t\t<div class=\"hf-elementor-layout elementor-element elementor-element-f9f1a11 elementor-widget elementor-widget-section_title\" data-id=\"f9f1a11\" data-element_type=\"widget\" data-widget_type=\"section_title.default\">\n\t\t\t\t<div class=\"elementor-widget-container\">\n\t\t\t\t<div class=\"iq-title-box iq-title-box-1 iq-befor-line\">\n\t\t<div class=\"iq-title-icon\">\n\t\t\t\t\t<\/div>\n\t\t\n\t\t<h4 class=\"iq-title iq-heading-title\">\n\t\t\tWorking Hours\t\t<\/h4>\n\t\t\t<\/div>\n\t\t<\/div>\n\t\t\t\t<\/div>\n\t\t\t\t<div class=\"hf-elementor-layout elementor-element elementor-element-a632d25 elementor-widget elementor-widget-text-editor\" data-id=\"a632d25\" data-element_type=\"widget\" data-widget_type=\"text-editor.default\">\n\t\t\t\t<div class=\"elementor-widget-container\">\n\t\t\t\t\t\t\t<div style=\"display: flex; flex-wrap: wrap; justify-content: space-between;\">Monday - Friday\n 08.00 - 17.00 <\/div>\t\t\t\t\t\t<\/div>\n\t\t\t\t<\/div>\n\t\t\t\t<div class=\"hf-elementor-layout elementor-element elementor-element-e68c977 elementor-widget elementor-widget-text-editor\" data-id=\"e68c977\" data-element_type=\"widget\" data-widget_type=\"text-editor.default\">\n\t\t\t\t<div class=\"elementor-widget-container\">\n\t\t\t\t\t\t\t<div style=\"display: flex; flex-wrap: wrap; justify-content: space-between;\">Saturday 8.00 - 13.00 <\/div>\t\t\t\t\t\t<\/div>\n\t\t\t\t<\/div>\n\t\t\t\t<div class=\"hf-elementor-layout elementor-element elementor-element-3b7c2af elementor-widget elementor-widget-text-editor\" data-id=\"3b7c2af\" data-element_type=\"widget\" data-widget_type=\"text-editor.default\">\n\t\t\t\t<div class=\"elementor-widget-container\">\n\t\t\t\t\t\t\t<div style=\"display: flex; flex-wrap: wrap; justify-content: space-between;\">Market Closed<\/div>\t\t\t\t\t\t<\/div>\n\t\t\t\t<\/div>\n\t\t\t\t\t<\/div>\n\t\t<\/div>\n\t\t\t\t\t<\/div>\n\t\t<\/section>\n\t\t\t\t<section class=\"elementor-section elementor-inner-section elementor-element elementor-element-14252b4 elementor-hidden-tablet elementor-hidden-phone elementor-section-boxed elementor-section-height-default elementor-section-height-default\" data-id=\"14252b4\" data-element_type=\"section\" data-settings=\"{&quot;background_background&quot;:&quot;classic&quot;}\">\n\t\t\t\t\t\t\t<div class=\"elementor-background-overlay\"><\/div>\n\t\t\t\t\t\t\t<div class=\"elementor-container elementor-column-gap-default\">\n\t\t\t\t\t<div class=\"elementor-column elementor-col-100 elementor-inner-column elementor-element elementor-element-0df2726 layouts-column-align-inherit layouts-section-position-none\" data-id=\"0df2726\" data-element_type=\"column\">\n\t\t\t<div class=\"elementor-widget-wrap elementor-element-populated\">\n\t\t\t\t\t\t<div class=\"hf-elementor-layout elementor-element elementor-element-c4c751b elementor-widget elementor-widget-image\" data-id=\"c4c751b\" data-element_type=\"widget\" data-widget_type=\"image.default\">\n\t\t\t\t<div class=\"elementor-widget-container\">\n\t\t\t\t\t\t\t\t\t\t\t\t\t<img decoding=\"async\" width=\"400\" height=\"96\" src=\"https:\/\/adiyamanparkhospital.com.tr\/wp-content\/uploads\/2022\/03\/logo-park-hospital-400.png\" class=\"attachment-large size-large wp-image-39392\" alt=\"\" srcset=\"https:\/\/adiyamanparkhospital.com.tr\/wp-content\/uploads\/2022\/03\/logo-park-hospital-400.png 400w, https:\/\/adiyamanparkhospital.com.tr\/wp-content\/uploads\/2022\/03\/logo-park-hospital-400-300x72.png 300w\" sizes=\"(min-width: 960px) 75vw, 100vw\" \/>\t\t\t\t\t\t\t\t\t\t\t\t\t<\/div>\n\t\t\t\t<\/div>\n\t\t\t\t<div class=\"hf-elementor-layout elementor-element elementor-element-01798b9 elementor-widget-laptop__width-initial elementor-widget elementor-widget-section_title\" data-id=\"01798b9\" data-element_type=\"widget\" data-widget_type=\"section_title.default\">\n\t\t\t\t<div class=\"elementor-widget-container\">\n\t\t\t\t<div class=\"iq-title-box iq-title-box-1 iq-befor-line\">\n\t\t<div class=\"iq-title-icon\">\n\t\t\t\t\t<\/div>\n\t\t\n\t\t<h4 class=\"iq-title iq-heading-title\">\n\t\t\tInformation &amp; Appointment\t\t<\/h4>\n\t\t<p class=\"iq-title-desc\"><b>Telephone <\/b> : 444 75 02<br>\n<b>Mail<\/b> : info@adiyamanparkhospital.com.tr<br>\n<b>Address <\/b>: Yeni Sanayi Mahallesi 2819 Sk. No:13 Merkez \/ ADIYAMAN<\/p>\t<\/div>\n\t\t<\/div>\n\t\t\t\t<\/div>\n\t\t\t\t<div class=\"hf-elementor-layout elementor-element elementor-element-fa6afc7 elementor-shape-square elementor-widget__width-auto elementor-grid-0 elementor-widget elementor-widget-social-icons\" data-id=\"fa6afc7\" data-element_type=\"widget\" data-widget_type=\"social-icons.default\">\n\t\t\t\t<div class=\"elementor-widget-container\">\n\t\t\t\t\t<div class=\"elementor-social-icons-wrapper elementor-grid\">\n\t\t\t\t\t\t\t<span class=\"elementor-grid-item\">\n\t\t\t\t\t<a class=\"elementor-icon elementor-social-icon elementor-social-icon-instagram elementor-repeater-item-6aced08\" href=\"https:\/\/www.instagram.com\/adiyamanparkhospital\/\" target=\"_blank\">\n\t\t\t\t\t\t<span class=\"elementor-screen-only\">Instagram<\/span>\n\t\t\t\t\t\t<i class=\"fab fa-instagram\"><\/i>\t\t\t\t\t<\/a>\n\t\t\t\t<\/span>\n\t\t\t\t\t\t\t<span class=\"elementor-grid-item\">\n\t\t\t\t\t<a class=\"elementor-icon elementor-social-icon elementor-social-icon-linkedin elementor-repeater-item-35dcbbf\" href=\"https:\/\/www.linkedin.com\/company\/adiyaman-park-hospital\" target=\"_blank\">\n\t\t\t\t\t\t<span class=\"elementor-screen-only\">Linkedin<\/span>\n\t\t\t\t\t\t<i class=\"fab fa-linkedin\"><\/i>\t\t\t\t\t<\/a>\n\t\t\t\t<\/span>\n\t\t\t\t\t\t\t<span class=\"elementor-grid-item\">\n\t\t\t\t\t<a class=\"elementor-icon elementor-social-icon elementor-social-icon-link elementor-repeater-item-3e7730a\" href=\"https:\/\/link.gen.tr\/ph\" target=\"_blank\">\n\t\t\t\t\t\t<span class=\"elementor-screen-only\">Link<\/span>\n\t\t\t\t\t\t<i class=\"fas fa-link\"><\/i>\t\t\t\t\t<\/a>\n\t\t\t\t<\/span>\n\t\t\t\t\t<\/div>\n\t\t\t\t<\/div>\n\t\t\t\t<\/div>\n\t\t\t\t\t<\/div>\n\t\t<\/div>\n\t\t\t\t\t<\/div>\n\t\t<\/section>\n\t\t\t\t\t<\/div>\n\t\t<\/div>\n\t\t\t\t<div class=\"elementor-column elementor-col-50 elementor-top-column elementor-element elementor-element-76d2243c layouts-column-align-inherit layouts-section-position-none\" data-id=\"76d2243c\" data-element_type=\"column\">\n\t\t\t<div class=\"elementor-widget-wrap elementor-element-populated\">\n\t\t\t\t\t\t<div class=\"hf-elementor-layout elementor-element elementor-element-6b49304 elementor-widget elementor-widget-text-editor\" data-id=\"6b49304\" data-element_type=\"widget\" data-widget_type=\"text-editor.default\">\n\t\t\t\t<div class=\"elementor-widget-container\">\n\t\t\t\t\t\t\t<h4><strong>PATIENT RIGHTS<\/strong><\/h4><p>Human rights can be defined as the inherent equality and freedom of all human beings in all respects. This freedom is balanced with the obligation to respect the rights of others and not to violate these rights. There are various human rights. Patient rights are one of the basic human rights.<\/p><p>* General utilisation of the service:<\/p><p>Benefit from health services within the framework of the principles of justice and equity. The right to receive services regardless of race, language, religion and sect, gender, philosophical belief, economic and social status.<\/p><p>* Informing and requesting information:\u00a0<\/p><p>He\/she has the right to be informed about the availability of all kinds of health services and facilities and to request all kinds of information about his\/her health status orally or in writing.<\/p><p>* Selecting and changing the health institution and its staff:\u00a0<\/p><p>They have the right to choose and change the health institution and to benefit from the health services provided in the health facility they have chosen, to learn the identities, duties and titles of the physicians and other health professionals who will provide health services.<\/p><p>* Privacy:\u00a0<\/p><p>They have the right to receive all kinds of health services in a confidential environment.<\/p><p>* Refusal, stop and consent:\u00a0<\/p><p>He\/she has the right to refuse treatment, to request its cessation, to obtain his\/her consent in medical interventions and to benefit from the service within the framework of consent.<\/p><p>* Security:\u00a0<\/p><p>To receive health care in a safe environment,<\/p><p>* To be able to fulfil religious obligations:\u00a0<\/p><p>They have the right to fulfil their religious obligations to the extent of the facilities of the health facility and within the framework of the measures taken by the administration.<\/p><p>* Respect for human values, dignity and comfort:<\/p><p>He\/she has the right to receive health care with respect, care and attention, in a friendly, kind, compassionate environment, with all kinds of hygienic conditions, noise and all disturbing factors eliminated.<\/p><p>* Visiting and accompaniment:\u00a0<\/p><p>The patient has the right to receive visitors within the framework of the procedures and principles determined by the health facilities and to have a companion to the extent of the legislation and the facilities of the health facility and if the physician deems appropriate.<\/p><p>* Right of application, complaint and litigation:\u00a0<\/p><p>In case of violation of their rights, they have the right to use all kinds of applications, complaints and lawsuits within the framework of the legislation.<\/p><p>Your responsibilities<\/p><p>Recently, in addition to patient rights, the concept of \"Patient Responsibility\" has also emerged. The content and scope of this concept has not yet been defined. However, in general, it can be defined as the duties and obligations that the patient must fulfil before and after applying to a health institution. It is possible to dimension the responsibilities of the patient. We can briefly list them in items:<\/p><p>1. General Responsibilities<\/p><p>People should do their best to take care of their own health and follow the advice given for a healthy life.<br \/>If the person is eligible, they can give blood or donate organs.<br \/>In simple cases, people should take care of themselves.<\/p><p>2. Social Security Status<\/p><p>Patients are obliged to notify changes in their health, social security and personal information in a timely manner.<br \/>The patient is obliged to have his\/her health card (such as Ba\u011f-Kur, Green Card) visa done on time.<\/p><p>3. Informing Health Workers<\/p><p>The patient should give full and complete information about his\/her complaints, previous illnesses, whether he\/she has received any inpatient treatment, the medications he\/she is currently taking, if any, and all information about his\/her health.<\/p><p>4. Compliance with Hospital Rules<\/p><p>The patient must comply with the rules and practices of the health institution to which he\/she applies.<br \/>The patient must follow the referral chain determined by the Ministry of Health and other social security institutions.<br \/>The patient is expected to co-operate with health professionals during the treatment, care and rehabilitation process.<br \/>If the patient benefits from a health facility that provides services by appointment, he\/she must comply with the date and time of the appointment and notify the relevant place of any changes.<br \/>The patient must respect the rights of hospital staff, other patients and visitors.<br \/>The patient is obliged to compensate for damages to hospital equipment.<\/p><p>5. Compliance with Treatment Recommendations<\/p><p>The patient should listen attentively to the advice about treatment and medication and ask questions if they do not understand.<br \/>If the patient is unable to comply with the recommendations regarding his\/her treatment, he\/she should report this to the health worker.<br \/>The patient should indicate whether he\/she has correctly understood the health care and post-discharge care plan as expected.<br \/>The patient is responsible for the consequences arising from his\/her refusal of the treatment to be applied or failure to comply with the recommendations.<\/p><p>WHERE HEALTH MEETS TRUST AND QUALITY<\/p>\t\t\t\t\t\t<\/div>\n\t\t\t\t<\/div>\n\t\t\t\t\t<\/div>\n\t\t<\/div>\n\t\t\t\t\t<\/div>\n\t\t<\/div>\n\t\t\t\t<\/div>","protected":false},"excerpt":{"rendered":"<p>\u00c7al\u0131\u015fma Saatleri Pazartesi &#8211; Cuma 08.00 \u2013 17.00 Cumartesi 8.00 \u2013 13.00 Pazar Kapal\u0131 Bilgi &amp; Randevu Telefon : 444 75 02 Mail : info@adiyamanparkhospital.com.tr Adres : Yeni Sanayi Mahallesi 2819 Sk. No:13 Merkez \/ ADIYAMAN Instagram Linkedin Link HASTA HAKLARI \u0130nsan haklar\u0131n\u0131;\u00a0t\u00fcm insanlar\u0131n her a\u00e7\u0131dan do\u011fu\u015ftan e\u015fit ve \u00f6zg\u00fcr olmas\u0131 diye tarif etmek m\u00fcmk\u00fcnd\u00fcr. [&hellip;]<\/p>","protected":false},"author":1,"featured_media":0,"parent":0,"menu_order":0,"comment_status":"closed","ping_status":"closed","template":"","meta":{"_acf_changed":false,"footnotes":""},"class_list":["post-42041","page","type-page","status-publish","hentry"],"acf":[],"yoast_head":"<!-- This site is optimized with the Yoast SEO Premium plugin v20.13 (Yoast SEO v20.13) - https:\/\/yoast.com\/wordpress\/plugins\/seo\/ -->\n<title>Hasta Haklar\u0131 ve Sorumluluklar\u0131 | Ad\u0131yaman Park Hospital<\/title>\n<meta name=\"description\" content=\"Ad\u0131yaman Park Hospital&#039;da hasta haklar\u0131n\u0131z\u0131 \u00f6\u011frenin. Sa\u011fl\u0131k hizmetlerinde bilgi alma, mahremiyet, g\u00fcvenlik ve e\u015fit hizmet alma hakk\u0131n\u0131z\u0131 ke\u015ffedin.\" \/>\n<meta name=\"robots\" content=\"index, follow, max-snippet:-1, max-image-preview:large, max-video-preview:-1\" \/>\n<link rel=\"canonical\" href=\"https:\/\/adiyamanparkhospital.com.tr\/en\/hasta-haklari\/\" \/>\n<meta property=\"og:locale\" content=\"en_GB\" \/>\n<meta property=\"og:type\" content=\"article\" \/>\n<meta property=\"og:title\" content=\"Hasta Haklar\u0131\" \/>\n<meta property=\"og:description\" content=\"Ad\u0131yaman Park Hospital&#039;da hasta haklar\u0131n\u0131z\u0131 \u00f6\u011frenin. Sa\u011fl\u0131k hizmetlerinde bilgi alma, mahremiyet, g\u00fcvenlik ve e\u015fit hizmet alma hakk\u0131n\u0131z\u0131 ke\u015ffedin.\" \/>\n<meta property=\"og:url\" content=\"https:\/\/adiyamanparkhospital.com.tr\/en\/hasta-haklari\/\" \/>\n<meta property=\"og:site_name\" content=\"Park Hospital | Ad\u0131yaman\" \/>\n<meta property=\"article:modified_time\" content=\"2025-02-11T10:55:24+00:00\" \/>\n<meta property=\"og:image\" content=\"https:\/\/adiyamanparkhospital.com.tr\/wp-content\/uploads\/2022\/03\/logo-park-hospital-400.png\" \/>\n<meta name=\"twitter:card\" content=\"summary_large_image\" \/>\n<meta name=\"twitter:label1\" content=\"Estimated reading time\" \/>\n\t<meta name=\"twitter:data1\" content=\"4 minutes\" \/>\n<script type=\"application\/ld+json\" class=\"yoast-schema-graph\">{\"@context\":\"https:\/\/schema.org\",\"@graph\":[{\"@type\":\"WebPage\",\"@id\":\"https:\/\/adiyamanparkhospital.com.tr\/hasta-haklari\/\",\"url\":\"https:\/\/adiyamanparkhospital.com.tr\/hasta-haklari\/\",\"name\":\"Hasta Haklar\u0131 ve Sorumluluklar\u0131 | Ad\u0131yaman Park Hospital\",\"isPartOf\":{\"@id\":\"https:\/\/adiyamanparkhospital.com.tr\/#website\"},\"datePublished\":\"2025-01-22T13:42:55+00:00\",\"dateModified\":\"2025-02-11T10:55:24+00:00\",\"description\":\"Ad\u0131yaman Park Hospital'da hasta haklar\u0131n\u0131z\u0131 \u00f6\u011frenin. Sa\u011fl\u0131k hizmetlerinde bilgi alma, mahremiyet, g\u00fcvenlik ve e\u015fit hizmet alma hakk\u0131n\u0131z\u0131 ke\u015ffedin.\",\"breadcrumb\":{\"@id\":\"https:\/\/adiyamanparkhospital.com.tr\/hasta-haklari\/#breadcrumb\"},\"inLanguage\":\"en-GB\",\"potentialAction\":[{\"@type\":\"ReadAction\",\"target\":[\"https:\/\/adiyamanparkhospital.com.tr\/hasta-haklari\/\"]}]},{\"@type\":\"BreadcrumbList\",\"@id\":\"https:\/\/adiyamanparkhospital.com.tr\/hasta-haklari\/#breadcrumb\",\"itemListElement\":[{\"@type\":\"ListItem\",\"position\":1,\"name\":\"Home\",\"item\":\"https:\/\/adiyamanparkhospital.com.tr\/\"},{\"@type\":\"ListItem\",\"position\":2,\"name\":\"Hasta Haklar\u0131\"}]},{\"@type\":\"WebSite\",\"@id\":\"https:\/\/adiyamanparkhospital.com.tr\/#website\",\"url\":\"https:\/\/adiyamanparkhospital.com.tr\/\",\"name\":\"Park Hospital | Ad\u0131yman\",\"description\":\"Ad\u0131yaman \u00d6zel Park Hospital | Alan\u0131nda Yetkin Doktor Kadrosu\",\"publisher\":{\"@id\":\"https:\/\/adiyamanparkhospital.com.tr\/#organization\"},\"alternateName\":\"Park Hospital\",\"potentialAction\":[{\"@type\":\"SearchAction\",\"target\":{\"@type\":\"EntryPoint\",\"urlTemplate\":\"https:\/\/adiyamanparkhospital.com.tr\/?s={search_term_string}\"},\"query-input\":\"required name=search_term_string\"}],\"inLanguage\":\"en-GB\"},{\"@type\":\"Organization\",\"@id\":\"https:\/\/adiyamanparkhospital.com.tr\/#organization\",\"name\":\"Park Hospital | Ad\u0131yman\",\"alternateName\":\"Park Hospital Ad\u0131yaman \u00d6zel Hastane\",\"url\":\"https:\/\/adiyamanparkhospital.com.tr\/\",\"logo\":{\"@type\":\"ImageObject\",\"inLanguage\":\"en-GB\",\"@id\":\"https:\/\/adiyamanparkhospital.com.tr\/#\/schema\/logo\/image\/\",\"url\":\"https:\/\/adiyamanparkhospital.com.tr\/wp-content\/uploads\/2025\/02\/cropped-LOGO300X300.png\",\"contentUrl\":\"https:\/\/adiyamanparkhospital.com.tr\/wp-content\/uploads\/2025\/02\/cropped-LOGO300X300.png\",\"width\":512,\"height\":512,\"caption\":\"Park Hospital | Ad\u0131yman\"},\"image\":{\"@id\":\"https:\/\/adiyamanparkhospital.com.tr\/#\/schema\/logo\/image\/\"},\"sameAs\":[\"https:\/\/www.instagram.com\/adiyamanparkhospital\"]}]}<\/script>\n<!-- \/ Yoast SEO Premium plugin. -->","yoast_head_json":{"title":"Hasta Haklar\u0131 ve Sorumluluklar\u0131 | Ad\u0131yaman Park Hospital","description":"Ad\u0131yaman Park Hospital'da hasta haklar\u0131n\u0131z\u0131 \u00f6\u011frenin. Sa\u011fl\u0131k hizmetlerinde bilgi alma, mahremiyet, g\u00fcvenlik ve e\u015fit hizmet alma hakk\u0131n\u0131z\u0131 ke\u015ffedin.","robots":{"index":"index","follow":"follow","max-snippet":"max-snippet:-1","max-image-preview":"max-image-preview:large","max-video-preview":"max-video-preview:-1"},"canonical":"https:\/\/adiyamanparkhospital.com.tr\/en\/hasta-haklari\/","og_locale":"en_GB","og_type":"article","og_title":"Hasta Haklar\u0131","og_description":"Ad\u0131yaman Park Hospital'da hasta haklar\u0131n\u0131z\u0131 \u00f6\u011frenin. Sa\u011fl\u0131k hizmetlerinde bilgi alma, mahremiyet, g\u00fcvenlik ve e\u015fit hizmet alma hakk\u0131n\u0131z\u0131 ke\u015ffedin.","og_url":"https:\/\/adiyamanparkhospital.com.tr\/en\/hasta-haklari\/","og_site_name":"Park Hospital | Ad\u0131yaman","article_modified_time":"2025-02-11T10:55:24+00:00","og_image":[{"url":"https:\/\/adiyamanparkhospital.com.tr\/wp-content\/uploads\/2022\/03\/logo-park-hospital-400.png"}],"twitter_card":"summary_large_image","twitter_misc":{"Estimated reading time":"4 minutes"},"schema":{"@context":"https:\/\/schema.org","@graph":[{"@type":"WebPage","@id":"https:\/\/adiyamanparkhospital.com.tr\/hasta-haklari\/","url":"https:\/\/adiyamanparkhospital.com.tr\/hasta-haklari\/","name":"Hasta Haklar\u0131 ve Sorumluluklar\u0131 | Ad\u0131yaman Park Hospital","isPartOf":{"@id":"https:\/\/adiyamanparkhospital.com.tr\/#website"},"datePublished":"2025-01-22T13:42:55+00:00","dateModified":"2025-02-11T10:55:24+00:00","description":"Ad\u0131yaman Park Hospital'da hasta haklar\u0131n\u0131z\u0131 \u00f6\u011frenin. Sa\u011fl\u0131k hizmetlerinde bilgi alma, mahremiyet, g\u00fcvenlik ve e\u015fit hizmet alma hakk\u0131n\u0131z\u0131 ke\u015ffedin.","breadcrumb":{"@id":"https:\/\/adiyamanparkhospital.com.tr\/hasta-haklari\/#breadcrumb"},"inLanguage":"en-GB","potentialAction":[{"@type":"ReadAction","target":["https:\/\/adiyamanparkhospital.com.tr\/hasta-haklari\/"]}]},{"@type":"BreadcrumbList","@id":"https:\/\/adiyamanparkhospital.com.tr\/hasta-haklari\/#breadcrumb","itemListElement":[{"@type":"ListItem","position":1,"name":"Home","item":"https:\/\/adiyamanparkhospital.com.tr\/"},{"@type":"ListItem","position":2,"name":"Hasta Haklar\u0131"}]},{"@type":"WebSite","@id":"https:\/\/adiyamanparkhospital.com.tr\/#website","url":"https:\/\/adiyamanparkhospital.com.tr\/","name":"Park Hospital | Ad\u0131yman","description":"Ad\u0131yaman \u00d6zel Park Hospital | Alan\u0131nda Yetkin Doktor Kadrosu","publisher":{"@id":"https:\/\/adiyamanparkhospital.com.tr\/#organization"},"alternateName":"Park Hospital","potentialAction":[{"@type":"SearchAction","target":{"@type":"EntryPoint","urlTemplate":"https:\/\/adiyamanparkhospital.com.tr\/?s={search_term_string}"},"query-input":"required name=search_term_string"}],"inLanguage":"en-GB"},{"@type":"Organization","@id":"https:\/\/adiyamanparkhospital.com.tr\/#organization","name":"Park Hospital | Ad\u0131yman","alternateName":"Park Hospital Ad\u0131yaman \u00d6zel Hastane","url":"https:\/\/adiyamanparkhospital.com.tr\/","logo":{"@type":"ImageObject","inLanguage":"en-GB","@id":"https:\/\/adiyamanparkhospital.com.tr\/#\/schema\/logo\/image\/","url":"https:\/\/adiyamanparkhospital.com.tr\/wp-content\/uploads\/2025\/02\/cropped-LOGO300X300.png","contentUrl":"https:\/\/adiyamanparkhospital.com.tr\/wp-content\/uploads\/2025\/02\/cropped-LOGO300X300.png","width":512,"height":512,"caption":"Park Hospital | Ad\u0131yman"},"image":{"@id":"https:\/\/adiyamanparkhospital.com.tr\/#\/schema\/logo\/image\/"},"sameAs":["https:\/\/www.instagram.com\/adiyamanparkhospital"]}]}},"_links":{"self":[{"href":"https:\/\/adiyamanparkhospital.com.tr\/en\/wp-json\/wp\/v2\/pages\/42041","targetHints":{"allow":["GET"]}}],"collection":[{"href":"https:\/\/adiyamanparkhospital.com.tr\/en\/wp-json\/wp\/v2\/pages"}],"about":[{"href":"https:\/\/adiyamanparkhospital.com.tr\/en\/wp-json\/wp\/v2\/types\/page"}],"author":[{"embeddable":true,"href":"https:\/\/adiyamanparkhospital.com.tr\/en\/wp-json\/wp\/v2\/users\/1"}],"replies":[{"embeddable":true,"href":"https:\/\/adiyamanparkhospital.com.tr\/en\/wp-json\/wp\/v2\/comments?post=42041"}],"version-history":[{"count":0,"href":"https:\/\/adiyamanparkhospital.com.tr\/en\/wp-json\/wp\/v2\/pages\/42041\/revisions"}],"wp:attachment":[{"href":"https:\/\/adiyamanparkhospital.com.tr\/en\/wp-json\/wp\/v2\/media?parent=42041"}],"curies":[{"name":"wp","href":"https:\/\/api.w.org\/{rel}","templated":true}]}}