{"id":42001,"date":"2025-01-22T13:30:58","date_gmt":"2025-01-22T13:30:58","guid":{"rendered":"https:\/\/adiyamanparkhospital.com.tr\/?page_id=42001"},"modified":"2025-02-11T10:55:07","modified_gmt":"2025-02-11T10:55:07","slug":"guvenli-raporlama-hasta","status":"publish","type":"page","link":"https:\/\/adiyamanparkhospital.com.tr\/en\/guvenli-raporlama-hasta\/","title":{"rendered":"Secure Reporting (Patient)"},"content":{"rendered":"<div data-elementor-type=\"wp-page\" data-elementor-id=\"42001\" class=\"elementor elementor-42001\" data-elementor-post-type=\"page\">\n\t\t\t\t\t\t<div class=\"elementor-section elementor-top-section elementor-element elementor-element-13f2c194 elementor-reverse-tablet elementor-reverse-mobile_extra elementor-reverse-mobile elementor-section-boxed elementor-section-height-default elementor-section-height-default\" data-id=\"13f2c194\" data-element_type=\"section\">\n\t\t\t\t\t\t<div class=\"elementor-container elementor-column-gap-default\">\n\t\t\t\t\t<div class=\"elementor-column elementor-col-50 elementor-top-column elementor-element elementor-element-2446f785 layouts-column-align-inherit layouts-section-position-none\" data-id=\"2446f785\" data-element_type=\"column\" data-settings=\"{&quot;background_background&quot;:&quot;classic&quot;}\">\n\t\t\t<div class=\"elementor-widget-wrap elementor-element-populated\">\n\t\t\t\t\t\t<section class=\"elementor-section elementor-inner-section elementor-element elementor-element-961dc6b elementor-hidden-tablet elementor-hidden-phone elementor-section-boxed elementor-section-height-default elementor-section-height-default\" data-id=\"961dc6b\" data-element_type=\"section\" data-settings=\"{&quot;background_background&quot;:&quot;classic&quot;}\">\n\t\t\t\t\t\t\t<div class=\"elementor-background-overlay\"><\/div>\n\t\t\t\t\t\t\t<div class=\"elementor-container elementor-column-gap-default\">\n\t\t\t\t\t<div class=\"elementor-column elementor-col-100 elementor-inner-column elementor-element elementor-element-00249e2 layouts-column-align-inherit layouts-section-position-none\" data-id=\"00249e2\" data-element_type=\"column\">\n\t\t\t<div class=\"elementor-widget-wrap elementor-element-populated\">\n\t\t\t\t\t\t<div class=\"hf-elementor-layout elementor-element elementor-element-731473c elementor-widget__width-auto elementor-view-default elementor-widget elementor-widget-icon\" data-id=\"731473c\" data-element_type=\"widget\" data-widget_type=\"icon.default\">\n\t\t\t\t<div class=\"elementor-widget-container\">\n\t\t\t\t\t<div class=\"elementor-icon-wrapper\">\n\t\t\t<div class=\"elementor-icon elementor-animation-pulse\">\n\t\t\t<i aria-hidden=\"true\" class=\"ion ion-ios-time-outline\"><\/i>\t\t\t<\/div>\n\t\t<\/div>\n\t\t\t\t<\/div>\n\t\t\t\t<\/div>\n\t\t\t\t<div class=\"hf-elementor-layout elementor-element elementor-element-f9f1a11 elementor-widget elementor-widget-section_title\" data-id=\"f9f1a11\" data-element_type=\"widget\" data-widget_type=\"section_title.default\">\n\t\t\t\t<div class=\"elementor-widget-container\">\n\t\t\t\t<div class=\"iq-title-box iq-title-box-1 iq-befor-line\">\n\t\t<div class=\"iq-title-icon\">\n\t\t\t\t\t<\/div>\n\t\t\n\t\t<h4 class=\"iq-title iq-heading-title\">\n\t\t\tWorking Hours\t\t<\/h4>\n\t\t\t<\/div>\n\t\t<\/div>\n\t\t\t\t<\/div>\n\t\t\t\t<div class=\"hf-elementor-layout elementor-element elementor-element-a632d25 elementor-widget elementor-widget-text-editor\" data-id=\"a632d25\" data-element_type=\"widget\" data-widget_type=\"text-editor.default\">\n\t\t\t\t<div class=\"elementor-widget-container\">\n\t\t\t\t\t\t\t<div style=\"display: flex; flex-wrap: wrap; justify-content: space-between;\">Monday - Friday\n 08.00 - 17.00 <\/div>\t\t\t\t\t\t<\/div>\n\t\t\t\t<\/div>\n\t\t\t\t<div class=\"hf-elementor-layout elementor-element elementor-element-e68c977 elementor-widget elementor-widget-text-editor\" data-id=\"e68c977\" data-element_type=\"widget\" data-widget_type=\"text-editor.default\">\n\t\t\t\t<div class=\"elementor-widget-container\">\n\t\t\t\t\t\t\t<div style=\"display: flex; flex-wrap: wrap; justify-content: space-between;\">Saturday 8.00 - 13.00 <\/div>\t\t\t\t\t\t<\/div>\n\t\t\t\t<\/div>\n\t\t\t\t<div class=\"hf-elementor-layout elementor-element elementor-element-3b7c2af elementor-widget elementor-widget-text-editor\" data-id=\"3b7c2af\" data-element_type=\"widget\" data-widget_type=\"text-editor.default\">\n\t\t\t\t<div class=\"elementor-widget-container\">\n\t\t\t\t\t\t\t<div style=\"display: flex; flex-wrap: wrap; justify-content: space-between;\">Market Closed<\/div>\t\t\t\t\t\t<\/div>\n\t\t\t\t<\/div>\n\t\t\t\t\t<\/div>\n\t\t<\/div>\n\t\t\t\t\t<\/div>\n\t\t<\/section>\n\t\t\t\t<section class=\"elementor-section elementor-inner-section elementor-element elementor-element-14252b4 elementor-hidden-tablet elementor-hidden-phone elementor-section-boxed elementor-section-height-default elementor-section-height-default\" data-id=\"14252b4\" data-element_type=\"section\" data-settings=\"{&quot;background_background&quot;:&quot;classic&quot;}\">\n\t\t\t\t\t\t\t<div class=\"elementor-background-overlay\"><\/div>\n\t\t\t\t\t\t\t<div class=\"elementor-container elementor-column-gap-default\">\n\t\t\t\t\t<div class=\"elementor-column elementor-col-100 elementor-inner-column elementor-element elementor-element-0df2726 layouts-column-align-inherit layouts-section-position-none\" data-id=\"0df2726\" data-element_type=\"column\">\n\t\t\t<div class=\"elementor-widget-wrap elementor-element-populated\">\n\t\t\t\t\t\t<div class=\"hf-elementor-layout elementor-element elementor-element-c4c751b elementor-widget elementor-widget-image\" data-id=\"c4c751b\" data-element_type=\"widget\" data-widget_type=\"image.default\">\n\t\t\t\t<div class=\"elementor-widget-container\">\n\t\t\t\t\t\t\t\t\t\t\t\t\t<img decoding=\"async\" width=\"400\" height=\"96\" src=\"https:\/\/adiyamanparkhospital.com.tr\/wp-content\/uploads\/2022\/03\/logo-park-hospital-400.png\" class=\"attachment-large size-large wp-image-39392\" alt=\"\" srcset=\"https:\/\/adiyamanparkhospital.com.tr\/wp-content\/uploads\/2022\/03\/logo-park-hospital-400.png 400w, https:\/\/adiyamanparkhospital.com.tr\/wp-content\/uploads\/2022\/03\/logo-park-hospital-400-300x72.png 300w\" sizes=\"(min-width: 960px) 75vw, 100vw\" \/>\t\t\t\t\t\t\t\t\t\t\t\t\t<\/div>\n\t\t\t\t<\/div>\n\t\t\t\t<div class=\"hf-elementor-layout elementor-element elementor-element-01798b9 elementor-widget-laptop__width-initial elementor-widget elementor-widget-section_title\" data-id=\"01798b9\" data-element_type=\"widget\" data-widget_type=\"section_title.default\">\n\t\t\t\t<div class=\"elementor-widget-container\">\n\t\t\t\t<div class=\"iq-title-box iq-title-box-1 iq-befor-line\">\n\t\t<div class=\"iq-title-icon\">\n\t\t\t\t\t<\/div>\n\t\t\n\t\t<h4 class=\"iq-title iq-heading-title\">\n\t\t\tInformation &amp; Appointment\t\t<\/h4>\n\t\t<p class=\"iq-title-desc\"><b>Telephone <\/b> : 444 75 02<br>\n<b>Mail<\/b> : info@adiyamanparkhospital.com.tr<br>\n<b>Address <\/b>: Yeni Sanayi Mahallesi 2819 Sk. No:13 Merkez \/ ADIYAMAN<\/p>\t<\/div>\n\t\t<\/div>\n\t\t\t\t<\/div>\n\t\t\t\t<div class=\"hf-elementor-layout elementor-element elementor-element-fa6afc7 elementor-shape-square elementor-widget__width-auto elementor-grid-0 elementor-widget elementor-widget-social-icons\" data-id=\"fa6afc7\" data-element_type=\"widget\" data-widget_type=\"social-icons.default\">\n\t\t\t\t<div class=\"elementor-widget-container\">\n\t\t\t\t\t<div class=\"elementor-social-icons-wrapper elementor-grid\">\n\t\t\t\t\t\t\t<span class=\"elementor-grid-item\">\n\t\t\t\t\t<a class=\"elementor-icon elementor-social-icon elementor-social-icon-instagram elementor-repeater-item-6aced08\" href=\"https:\/\/www.instagram.com\/adiyamanparkhospital\/\" target=\"_blank\">\n\t\t\t\t\t\t<span class=\"elementor-screen-only\">Instagram<\/span>\n\t\t\t\t\t\t<i class=\"fab fa-instagram\"><\/i>\t\t\t\t\t<\/a>\n\t\t\t\t<\/span>\n\t\t\t\t\t\t\t<span class=\"elementor-grid-item\">\n\t\t\t\t\t<a class=\"elementor-icon elementor-social-icon elementor-social-icon-linkedin elementor-repeater-item-35dcbbf\" href=\"https:\/\/www.linkedin.com\/company\/adiyaman-park-hospital\" target=\"_blank\">\n\t\t\t\t\t\t<span class=\"elementor-screen-only\">Linkedin<\/span>\n\t\t\t\t\t\t<i class=\"fab fa-linkedin\"><\/i>\t\t\t\t\t<\/a>\n\t\t\t\t<\/span>\n\t\t\t\t\t\t\t<span class=\"elementor-grid-item\">\n\t\t\t\t\t<a class=\"elementor-icon elementor-social-icon elementor-social-icon-link elementor-repeater-item-3e7730a\" href=\"https:\/\/link.gen.tr\/ph\" target=\"_blank\">\n\t\t\t\t\t\t<span class=\"elementor-screen-only\">Link<\/span>\n\t\t\t\t\t\t<i class=\"fas fa-link\"><\/i>\t\t\t\t\t<\/a>\n\t\t\t\t<\/span>\n\t\t\t\t\t<\/div>\n\t\t\t\t<\/div>\n\t\t\t\t<\/div>\n\t\t\t\t\t<\/div>\n\t\t<\/div>\n\t\t\t\t\t<\/div>\n\t\t<\/section>\n\t\t\t\t\t<\/div>\n\t\t<\/div>\n\t\t\t\t<div class=\"elementor-column elementor-col-50 elementor-top-column elementor-element elementor-element-76d2243c layouts-column-align-inherit layouts-section-position-none\" data-id=\"76d2243c\" data-element_type=\"column\">\n\t\t\t<div class=\"elementor-widget-wrap elementor-element-populated\">\n\t\t\t\t\t\t<div class=\"hf-elementor-layout elementor-element elementor-element-ac7fd41 elementor-widget elementor-widget-wpforms\" data-id=\"ac7fd41\" data-element_type=\"widget\" data-widget_type=\"wpforms.default\">\n\t\t\t\t<div class=\"elementor-widget-container\">\n\t\t\t<style id=\"wpforms-css-vars-elementor-widget-ac7fd41\">\n\t\t\t\t.elementor-widget-wpforms.elementor-element-ac7fd41 {\n\t\t\t\t--wpforms-field-size-input-height: 43px;\n--wpforms-field-size-input-spacing: 15px;\n--wpforms-field-size-font-size: 16px;\n--wpforms-field-size-line-height: 19px;\n--wpforms-field-size-padding-h: 14px;\n--wpforms-field-size-checkbox-size: 16px;\n--wpforms-field-size-sublabel-spacing: 5px;\n--wpforms-field-size-icon-size: 1;\n--wpforms-label-size-font-size: 16px;\n--wpforms-label-size-line-height: 19px;\n--wpforms-label-size-sublabel-font-size: 14px;\n--wpforms-label-size-sublabel-line-height: 17px;\n--wpforms-button-size-font-size: 17px;\n--wpforms-button-size-height: 41px;\n--wpforms-button-size-padding-h: 15px;\n--wpforms-button-size-margin-top: 10px;\n\n\t\t\t}\n\t\t\t<\/style><div class=\"wpforms-container wpforms-container-full wpforms-render-modern\" id=\"wpforms-41884\"><form id=\"wpforms-form-41884\" class=\"wpforms-validate wpforms-form wpforms-ajax-form\" data-formid=\"41884\" method=\"post\" enctype=\"multipart\/form-data\" action=\"\/en\/wp-json\/wp\/v2\/pages\/42001\" data-token=\"58a84e95f0b577349d3b9135dd57ad03\" data-token-time=\"1777464781\" data-trp-original-action=\"\/en\/wp-json\/wp\/v2\/pages\/42001\"><noscript class=\"wpforms-error-noscript\">Please enable JavaScript in your browser to complete this form.<\/noscript><div class=\"wpforms-hidden\" id=\"wpforms-error-noscript\">Please enable JavaScript in your browser to complete this form.<\/div><div class=\"wpforms-field-container\"><div id=\"wpforms-41884-field_5-container\" class=\"wpforms-field wpforms-field-text\" data-field-id=\"5\"><label class=\"wpforms-field-label\" for=\"wpforms-41884-field_5\">Notification Date: <span class=\"wpforms-required-label\" aria-hidden=\"true\">*<\/span><\/label><input type=\"text\" id=\"wpforms-41884-field_5\" class=\"wpforms-field-medium wpforms-field-required\" name=\"wpforms[fields][5]\" placeholder=\"DD\/AA\/YYYYYY\" aria-errormessage=\"wpforms-41884-field_5-error\" required><\/div><div id=\"wpforms-41884-field_9-container\" class=\"wpforms-field wpforms-field-select wpforms-field-select-style-classic\" data-field-id=\"9\"><label class=\"wpforms-field-label\" for=\"wpforms-41884-field_9\">Subject of Notification <span class=\"wpforms-required-label\" aria-hidden=\"true\">*<\/span><\/label><select id=\"wpforms-41884-field_9\" class=\"wpforms-field-medium wpforms-field-required\" name=\"wpforms[fields][9]\" required=\"required\"><option value=\"\u0130la\u00e7 G\u00fcvenli\u011fi\" >Medicine Safety<\/option><option value=\"Transf\u00fczyon G\u00fcvenli\u011fi\" >Transfusion Safety<\/option><option value=\"Cerrahi G\u00fcvenlik\" >Surgical Safety<\/option><option value=\"Laboratuvar G\u00fcvenli\u011fi\" >Laboratory Safety<\/option><option value=\"Hasta G\u00fcvenli\u011fi\" >Patient Safety<\/option><option value=\"\u00c7al\u0131\u015fan G\u00fcvenli\u011fi\" >Employee Safety<\/option><option value=\"Di\u011fer\" >Other<\/option><\/select><\/div><div id=\"wpforms-41884-field_3-container\" class=\"wpforms-field wpforms-field-textarea\" data-field-id=\"3\"><label class=\"wpforms-field-label\" for=\"wpforms-41884-field_3\">Describe the Event <span class=\"wpforms-required-label\" aria-hidden=\"true\">*<\/span><\/label><textarea id=\"wpforms-41884-field_3\" class=\"wpforms-field-medium wpforms-field-required\" name=\"wpforms[fields][3]\" aria-errormessage=\"wpforms-41884-field_3-error\" required><\/textarea><\/div><div id=\"wpforms-41884-field_6-container\" class=\"wpforms-field wpforms-field-textarea\" data-field-id=\"6\"><label class=\"wpforms-field-label\" for=\"wpforms-41884-field_6\">Please write your comments and suggestions<\/label><textarea id=\"wpforms-41884-field_6\" class=\"wpforms-field-medium\" name=\"wpforms[fields][6]\" aria-errormessage=\"wpforms-41884-field_6-error\" ><\/textarea><\/div><div id=\"wpforms-41884-field_7-container\" class=\"wpforms-field wpforms-field-textarea\" data-field-id=\"7\"><label class=\"wpforms-field-label\" for=\"wpforms-41884-field_7\">Plans for the Notification Regarding the Secure Reporting System<\/label><textarea id=\"wpforms-41884-field_7\" class=\"wpforms-field-medium\" name=\"wpforms[fields][7]\" aria-errormessage=\"wpforms-41884-field_7-error\" ><\/textarea><\/div><\/div><!-- .wpforms-field-container --><div class=\"wpforms-recaptcha-container wpforms-is-recaptcha wpforms-is-recaptcha-type-v2\" ><div class=\"g-recaptcha\" data-sitekey=\"6LcOn9QqAAAAAFG422zba9J6FDzwrMv_IaFgT25O\"><\/div><input type=\"text\" name=\"g-recaptcha-hidden\" class=\"wpforms-recaptcha-hidden\" style=\"position:absolute!important;clip:rect(0,0,0,0)!important;height:1px!important;width:1px!important;border:0!important;overflow:hidden!important;padding:0!important;margin:0!important;\" data-rule-recaptcha=\"1\"><\/div><div class=\"wpforms-submit-container\" ><input type=\"hidden\" name=\"wpforms[id]\" value=\"41884\"><input type=\"hidden\" name=\"page_title\" value=\"\"><input type=\"hidden\" name=\"page_url\" value=\"https:\/\/adiyamanparkhospital.com.tr\/en\/wp-json\/wp\/v2\/pages\/42001\"><button type=\"submit\" name=\"wpforms[submit]\" id=\"wpforms-submit-41884\" class=\"wpforms-submit\" data-alt-text=\"G\u00f6nderiliyor...\" data-submit-text=\"G\u00f6nder\" aria-live=\"assertive\" value=\"wpforms-submit\">Send<\/button><img decoding=\"async\" src=\"https:\/\/adiyamanparkhospital.com.tr\/wp-content\/plugins\/wpforms-lite\/assets\/images\/submit-spin.svg\" class=\"wpforms-submit-spinner\" style=\"display: none;\" width=\"26\" height=\"26\" alt=\"Loading\"><\/div><input type=\"hidden\" name=\"trp-form-language\" value=\"en\"\/><\/form><\/div>  <!-- .wpforms-container -->\t\t<\/div>\n\t\t\t\t<\/div>\n\t\t\t\t\t<\/div>\n\t\t<\/div>\n\t\t\t\t\t<\/div>\n\t\t<\/div>\n\t\t\t\t<\/div>","protected":false},"excerpt":{"rendered":"<p>\u00c7al\u0131\u015fma Saatleri Pazartesi &#8211; Cuma 08.00 \u2013 17.00 Cumartesi 8.00 \u2013 13.00 Pazar Kapal\u0131 Bilgi &amp; Randevu Telefon : 444 75 02 Mail : info@adiyamanparkhospital.com.tr Adres : Yeni Sanayi Mahallesi 2819 Sk. No:13 Merkez \/ ADIYAMAN Instagram Linkedin Link Bu formu bitirebilmek i\u00e7in taray\u0131c\u0131n\u0131zda JavaScript&#039;i etkinle\u015ftirin.Bu formu bitirebilmek i\u00e7in taray\u0131c\u0131n\u0131zda JavaScript&#039;i etkinle\u015ftirin.Bildirim Tarihi: *Bildirimin Konusu [&hellip;]<\/p>","protected":false},"author":1,"featured_media":0,"parent":0,"menu_order":0,"comment_status":"closed","ping_status":"closed","template":"","meta":{"_acf_changed":false,"footnotes":""},"class_list":["post-42001","page","type-page","status-publish","hentry"],"acf":[],"yoast_head":"<!-- This site is optimized with the Yoast SEO Premium plugin v20.13 (Yoast SEO v20.13) - https:\/\/yoast.com\/wordpress\/plugins\/seo\/ -->\n<title>G\u00fcvenli Hasta Raporlama | Ad\u0131yaman Park Hospital<\/title>\n<meta name=\"description\" content=\"Ad\u0131yaman Park Hospital&#039;da hasta g\u00fcvenli\u011fi \u00f6nceli\u011fimizdir. G\u00fcvenli raporlama sistemi ile hasta \u015fikayetlerinizi ve \u00f6nerilerinizi g\u00fcvenle iletebilirsiniz.\" \/>\n<meta name=\"robots\" content=\"index, follow, max-snippet:-1, max-image-preview:large, max-video-preview:-1\" \/>\n<link rel=\"canonical\" href=\"https:\/\/adiyamanparkhospital.com.tr\/en\/guvenli-raporlama-hasta\/\" \/>\n<meta property=\"og:locale\" content=\"en_GB\" \/>\n<meta property=\"og:type\" content=\"article\" \/>\n<meta property=\"og:title\" content=\"G\u00fcvenli Raporlama (Hasta)\" \/>\n<meta property=\"og:description\" content=\"Ad\u0131yaman Park Hospital&#039;da hasta g\u00fcvenli\u011fi \u00f6nceli\u011fimizdir. G\u00fcvenli raporlama sistemi ile hasta \u015fikayetlerinizi ve \u00f6nerilerinizi g\u00fcvenle iletebilirsiniz.\" \/>\n<meta property=\"og:url\" content=\"https:\/\/adiyamanparkhospital.com.tr\/en\/guvenli-raporlama-hasta\/\" \/>\n<meta property=\"og:site_name\" content=\"Park Hospital | Ad\u0131yaman\" \/>\n<meta property=\"article:modified_time\" content=\"2025-02-11T10:55:07+00:00\" \/>\n<meta property=\"og:image\" content=\"https:\/\/adiyamanparkhospital.com.tr\/wp-content\/uploads\/2022\/03\/logo-park-hospital-400.png\" \/>\n<meta name=\"twitter:card\" content=\"summary_large_image\" \/>\n<meta name=\"twitter:label1\" content=\"Estimated reading time\" \/>\n\t<meta name=\"twitter:data1\" content=\"1 minute\" \/>\n<script type=\"application\/ld+json\" class=\"yoast-schema-graph\">{\"@context\":\"https:\/\/schema.org\",\"@graph\":[{\"@type\":\"WebPage\",\"@id\":\"https:\/\/adiyamanparkhospital.com.tr\/guvenli-raporlama-hasta\/\",\"url\":\"https:\/\/adiyamanparkhospital.com.tr\/guvenli-raporlama-hasta\/\",\"name\":\"G\u00fcvenli Hasta Raporlama | Ad\u0131yaman Park Hospital\",\"isPartOf\":{\"@id\":\"https:\/\/adiyamanparkhospital.com.tr\/#website\"},\"datePublished\":\"2025-01-22T13:30:58+00:00\",\"dateModified\":\"2025-02-11T10:55:07+00:00\",\"description\":\"Ad\u0131yaman Park Hospital'da hasta g\u00fcvenli\u011fi \u00f6nceli\u011fimizdir. G\u00fcvenli raporlama sistemi ile hasta \u015fikayetlerinizi ve \u00f6nerilerinizi g\u00fcvenle iletebilirsiniz.\",\"breadcrumb\":{\"@id\":\"https:\/\/adiyamanparkhospital.com.tr\/guvenli-raporlama-hasta\/#breadcrumb\"},\"inLanguage\":\"en-GB\",\"potentialAction\":[{\"@type\":\"ReadAction\",\"target\":[\"https:\/\/adiyamanparkhospital.com.tr\/guvenli-raporlama-hasta\/\"]}]},{\"@type\":\"BreadcrumbList\",\"@id\":\"https:\/\/adiyamanparkhospital.com.tr\/guvenli-raporlama-hasta\/#breadcrumb\",\"itemListElement\":[{\"@type\":\"ListItem\",\"position\":1,\"name\":\"Home\",\"item\":\"https:\/\/adiyamanparkhospital.com.tr\/\"},{\"@type\":\"ListItem\",\"position\":2,\"name\":\"G\u00fcvenli Raporlama (Hasta)\"}]},{\"@type\":\"WebSite\",\"@id\":\"https:\/\/adiyamanparkhospital.com.tr\/#website\",\"url\":\"https:\/\/adiyamanparkhospital.com.tr\/\",\"name\":\"Park Hospital | Ad\u0131yman\",\"description\":\"Ad\u0131yaman \u00d6zel Park Hospital | Alan\u0131nda Yetkin Doktor Kadrosu\",\"publisher\":{\"@id\":\"https:\/\/adiyamanparkhospital.com.tr\/#organization\"},\"alternateName\":\"Park Hospital\",\"potentialAction\":[{\"@type\":\"SearchAction\",\"target\":{\"@type\":\"EntryPoint\",\"urlTemplate\":\"https:\/\/adiyamanparkhospital.com.tr\/?s={search_term_string}\"},\"query-input\":\"required name=search_term_string\"}],\"inLanguage\":\"en-GB\"},{\"@type\":\"Organization\",\"@id\":\"https:\/\/adiyamanparkhospital.com.tr\/#organization\",\"name\":\"Park Hospital | Ad\u0131yman\",\"alternateName\":\"Park Hospital Ad\u0131yaman \u00d6zel Hastane\",\"url\":\"https:\/\/adiyamanparkhospital.com.tr\/\",\"logo\":{\"@type\":\"ImageObject\",\"inLanguage\":\"en-GB\",\"@id\":\"https:\/\/adiyamanparkhospital.com.tr\/#\/schema\/logo\/image\/\",\"url\":\"https:\/\/adiyamanparkhospital.com.tr\/wp-content\/uploads\/2025\/02\/cropped-LOGO300X300.png\",\"contentUrl\":\"https:\/\/adiyamanparkhospital.com.tr\/wp-content\/uploads\/2025\/02\/cropped-LOGO300X300.png\",\"width\":512,\"height\":512,\"caption\":\"Park Hospital | Ad\u0131yman\"},\"image\":{\"@id\":\"https:\/\/adiyamanparkhospital.com.tr\/#\/schema\/logo\/image\/\"},\"sameAs\":[\"https:\/\/www.instagram.com\/adiyamanparkhospital\"]}]}<\/script>\n<!-- \/ Yoast SEO Premium plugin. -->","yoast_head_json":{"title":"G\u00fcvenli Hasta Raporlama | Ad\u0131yaman Park Hospital","description":"Ad\u0131yaman Park Hospital'da hasta g\u00fcvenli\u011fi \u00f6nceli\u011fimizdir. G\u00fcvenli raporlama sistemi ile hasta \u015fikayetlerinizi ve \u00f6nerilerinizi g\u00fcvenle iletebilirsiniz.","robots":{"index":"index","follow":"follow","max-snippet":"max-snippet:-1","max-image-preview":"max-image-preview:large","max-video-preview":"max-video-preview:-1"},"canonical":"https:\/\/adiyamanparkhospital.com.tr\/en\/guvenli-raporlama-hasta\/","og_locale":"en_GB","og_type":"article","og_title":"G\u00fcvenli Raporlama (Hasta)","og_description":"Ad\u0131yaman Park Hospital'da hasta g\u00fcvenli\u011fi \u00f6nceli\u011fimizdir. G\u00fcvenli raporlama sistemi ile hasta \u015fikayetlerinizi ve \u00f6nerilerinizi g\u00fcvenle iletebilirsiniz.","og_url":"https:\/\/adiyamanparkhospital.com.tr\/en\/guvenli-raporlama-hasta\/","og_site_name":"Park Hospital | Ad\u0131yaman","article_modified_time":"2025-02-11T10:55:07+00:00","og_image":[{"url":"https:\/\/adiyamanparkhospital.com.tr\/wp-content\/uploads\/2022\/03\/logo-park-hospital-400.png"}],"twitter_card":"summary_large_image","twitter_misc":{"Estimated reading time":"1 minute"},"schema":{"@context":"https:\/\/schema.org","@graph":[{"@type":"WebPage","@id":"https:\/\/adiyamanparkhospital.com.tr\/guvenli-raporlama-hasta\/","url":"https:\/\/adiyamanparkhospital.com.tr\/guvenli-raporlama-hasta\/","name":"G\u00fcvenli Hasta Raporlama | Ad\u0131yaman Park Hospital","isPartOf":{"@id":"https:\/\/adiyamanparkhospital.com.tr\/#website"},"datePublished":"2025-01-22T13:30:58+00:00","dateModified":"2025-02-11T10:55:07+00:00","description":"Ad\u0131yaman Park Hospital'da hasta g\u00fcvenli\u011fi \u00f6nceli\u011fimizdir. G\u00fcvenli raporlama sistemi ile hasta \u015fikayetlerinizi ve \u00f6nerilerinizi g\u00fcvenle iletebilirsiniz.","breadcrumb":{"@id":"https:\/\/adiyamanparkhospital.com.tr\/guvenli-raporlama-hasta\/#breadcrumb"},"inLanguage":"en-GB","potentialAction":[{"@type":"ReadAction","target":["https:\/\/adiyamanparkhospital.com.tr\/guvenli-raporlama-hasta\/"]}]},{"@type":"BreadcrumbList","@id":"https:\/\/adiyamanparkhospital.com.tr\/guvenli-raporlama-hasta\/#breadcrumb","itemListElement":[{"@type":"ListItem","position":1,"name":"Home","item":"https:\/\/adiyamanparkhospital.com.tr\/"},{"@type":"ListItem","position":2,"name":"G\u00fcvenli Raporlama (Hasta)"}]},{"@type":"WebSite","@id":"https:\/\/adiyamanparkhospital.com.tr\/#website","url":"https:\/\/adiyamanparkhospital.com.tr\/","name":"Park Hospital | Ad\u0131yman","description":"Ad\u0131yaman \u00d6zel Park Hospital | Alan\u0131nda Yetkin Doktor Kadrosu","publisher":{"@id":"https:\/\/adiyamanparkhospital.com.tr\/#organization"},"alternateName":"Park Hospital","potentialAction":[{"@type":"SearchAction","target":{"@type":"EntryPoint","urlTemplate":"https:\/\/adiyamanparkhospital.com.tr\/?s={search_term_string}"},"query-input":"required name=search_term_string"}],"inLanguage":"en-GB"},{"@type":"Organization","@id":"https:\/\/adiyamanparkhospital.com.tr\/#organization","name":"Park Hospital | Ad\u0131yman","alternateName":"Park Hospital Ad\u0131yaman \u00d6zel Hastane","url":"https:\/\/adiyamanparkhospital.com.tr\/","logo":{"@type":"ImageObject","inLanguage":"en-GB","@id":"https:\/\/adiyamanparkhospital.com.tr\/#\/schema\/logo\/image\/","url":"https:\/\/adiyamanparkhospital.com.tr\/wp-content\/uploads\/2025\/02\/cropped-LOGO300X300.png","contentUrl":"https:\/\/adiyamanparkhospital.com.tr\/wp-content\/uploads\/2025\/02\/cropped-LOGO300X300.png","width":512,"height":512,"caption":"Park Hospital | Ad\u0131yman"},"image":{"@id":"https:\/\/adiyamanparkhospital.com.tr\/#\/schema\/logo\/image\/"},"sameAs":["https:\/\/www.instagram.com\/adiyamanparkhospital"]}]}},"_links":{"self":[{"href":"https:\/\/adiyamanparkhospital.com.tr\/en\/wp-json\/wp\/v2\/pages\/42001","targetHints":{"allow":["GET"]}}],"collection":[{"href":"https:\/\/adiyamanparkhospital.com.tr\/en\/wp-json\/wp\/v2\/pages"}],"about":[{"href":"https:\/\/adiyamanparkhospital.com.tr\/en\/wp-json\/wp\/v2\/types\/page"}],"author":[{"embeddable":true,"href":"https:\/\/adiyamanparkhospital.com.tr\/en\/wp-json\/wp\/v2\/users\/1"}],"replies":[{"embeddable":true,"href":"https:\/\/adiyamanparkhospital.com.tr\/en\/wp-json\/wp\/v2\/comments?post=42001"}],"version-history":[{"count":0,"href":"https:\/\/adiyamanparkhospital.com.tr\/en\/wp-json\/wp\/v2\/pages\/42001\/revisions"}],"wp:attachment":[{"href":"https:\/\/adiyamanparkhospital.com.tr\/en\/wp-json\/wp\/v2\/media?parent=42001"}],"curies":[{"name":"wp","href":"https:\/\/api.w.org\/{rel}","templated":true}]}}