{"id":41966,"date":"2025-01-22T12:49:58","date_gmt":"2025-01-22T12:49:58","guid":{"rendered":"https:\/\/adiyamanparkhospital.com.tr\/?page_id=41966"},"modified":"2025-02-10T12:36:46","modified_gmt":"2025-02-10T12:36:46","slug":"saglik-turizmi","status":"publish","type":"page","link":"https:\/\/adiyamanparkhospital.com.tr\/en\/saglik-turizmi\/","title":{"rendered":"Health Tourism"},"content":{"rendered":"<div data-elementor-type=\"wp-page\" data-elementor-id=\"41966\" class=\"elementor elementor-41966\" data-elementor-post-type=\"page\">\n\t\t\t\t\t\t<div class=\"elementor-section elementor-top-section elementor-element elementor-element-13f2c194 elementor-reverse-tablet elementor-reverse-mobile_extra elementor-reverse-mobile elementor-section-boxed elementor-section-height-default elementor-section-height-default\" data-id=\"13f2c194\" data-element_type=\"section\">\n\t\t\t\t\t\t<div class=\"elementor-container elementor-column-gap-default\">\n\t\t\t\t\t<div class=\"elementor-column elementor-col-50 elementor-top-column elementor-element elementor-element-2446f785 layouts-column-align-inherit layouts-section-position-none\" data-id=\"2446f785\" data-element_type=\"column\" data-settings=\"{&quot;background_background&quot;:&quot;classic&quot;}\">\n\t\t\t<div class=\"elementor-widget-wrap elementor-element-populated\">\n\t\t\t\t\t\t<section class=\"elementor-section elementor-inner-section elementor-element elementor-element-961dc6b elementor-hidden-tablet elementor-hidden-phone elementor-section-boxed elementor-section-height-default elementor-section-height-default\" data-id=\"961dc6b\" data-element_type=\"section\" data-settings=\"{&quot;background_background&quot;:&quot;classic&quot;}\">\n\t\t\t\t\t\t\t<div class=\"elementor-background-overlay\"><\/div>\n\t\t\t\t\t\t\t<div class=\"elementor-container elementor-column-gap-default\">\n\t\t\t\t\t<div class=\"elementor-column elementor-col-100 elementor-inner-column elementor-element elementor-element-00249e2 layouts-column-align-inherit layouts-section-position-none\" data-id=\"00249e2\" data-element_type=\"column\">\n\t\t\t<div class=\"elementor-widget-wrap elementor-element-populated\">\n\t\t\t\t\t\t<div class=\"hf-elementor-layout elementor-element elementor-element-731473c elementor-widget__width-auto elementor-view-default elementor-widget elementor-widget-icon\" data-id=\"731473c\" data-element_type=\"widget\" data-widget_type=\"icon.default\">\n\t\t\t\t<div class=\"elementor-widget-container\">\n\t\t\t\t\t<div class=\"elementor-icon-wrapper\">\n\t\t\t<div class=\"elementor-icon elementor-animation-pulse\">\n\t\t\t<i aria-hidden=\"true\" class=\"ion ion-ios-time-outline\"><\/i>\t\t\t<\/div>\n\t\t<\/div>\n\t\t\t\t<\/div>\n\t\t\t\t<\/div>\n\t\t\t\t<div class=\"hf-elementor-layout elementor-element elementor-element-f9f1a11 elementor-widget elementor-widget-section_title\" data-id=\"f9f1a11\" data-element_type=\"widget\" data-widget_type=\"section_title.default\">\n\t\t\t\t<div class=\"elementor-widget-container\">\n\t\t\t\t<div class=\"iq-title-box iq-title-box-1 iq-befor-line\">\n\t\t<div class=\"iq-title-icon\">\n\t\t\t\t\t<\/div>\n\t\t\n\t\t<h4 class=\"iq-title iq-heading-title\">\n\t\t\tWorking Hours\t\t<\/h4>\n\t\t\t<\/div>\n\t\t<\/div>\n\t\t\t\t<\/div>\n\t\t\t\t<div class=\"hf-elementor-layout elementor-element elementor-element-a632d25 elementor-widget elementor-widget-text-editor\" data-id=\"a632d25\" data-element_type=\"widget\" data-widget_type=\"text-editor.default\">\n\t\t\t\t<div class=\"elementor-widget-container\">\n\t\t\t\t\t\t\t<div style=\"display: flex; flex-wrap: wrap; justify-content: space-between;\">Monday - Friday\n 08.00 - 17.00 <\/div>\t\t\t\t\t\t<\/div>\n\t\t\t\t<\/div>\n\t\t\t\t<div class=\"hf-elementor-layout elementor-element elementor-element-e68c977 elementor-widget elementor-widget-text-editor\" data-id=\"e68c977\" data-element_type=\"widget\" data-widget_type=\"text-editor.default\">\n\t\t\t\t<div class=\"elementor-widget-container\">\n\t\t\t\t\t\t\t<div style=\"display: flex; flex-wrap: wrap; justify-content: space-between;\">Saturday 8.00 - 13.00 <\/div>\t\t\t\t\t\t<\/div>\n\t\t\t\t<\/div>\n\t\t\t\t<div class=\"hf-elementor-layout elementor-element elementor-element-3b7c2af elementor-widget elementor-widget-text-editor\" data-id=\"3b7c2af\" data-element_type=\"widget\" data-widget_type=\"text-editor.default\">\n\t\t\t\t<div class=\"elementor-widget-container\">\n\t\t\t\t\t\t\t<div style=\"display: flex; flex-wrap: wrap; justify-content: space-between;\">Market Closed<\/div>\t\t\t\t\t\t<\/div>\n\t\t\t\t<\/div>\n\t\t\t\t\t<\/div>\n\t\t<\/div>\n\t\t\t\t\t<\/div>\n\t\t<\/section>\n\t\t\t\t<section class=\"elementor-section elementor-inner-section elementor-element elementor-element-14252b4 elementor-hidden-tablet elementor-hidden-phone elementor-section-boxed elementor-section-height-default elementor-section-height-default\" data-id=\"14252b4\" data-element_type=\"section\" data-settings=\"{&quot;background_background&quot;:&quot;classic&quot;}\">\n\t\t\t\t\t\t\t<div class=\"elementor-background-overlay\"><\/div>\n\t\t\t\t\t\t\t<div class=\"elementor-container elementor-column-gap-default\">\n\t\t\t\t\t<div class=\"elementor-column elementor-col-100 elementor-inner-column elementor-element elementor-element-0df2726 layouts-column-align-inherit layouts-section-position-none\" data-id=\"0df2726\" data-element_type=\"column\">\n\t\t\t<div class=\"elementor-widget-wrap elementor-element-populated\">\n\t\t\t\t\t\t<div class=\"hf-elementor-layout elementor-element elementor-element-c4c751b elementor-widget elementor-widget-image\" data-id=\"c4c751b\" data-element_type=\"widget\" data-widget_type=\"image.default\">\n\t\t\t\t<div class=\"elementor-widget-container\">\n\t\t\t\t\t\t\t\t\t\t\t\t\t<img decoding=\"async\" width=\"400\" height=\"96\" src=\"https:\/\/adiyamanparkhospital.com.tr\/wp-content\/uploads\/2022\/03\/logo-park-hospital-400.png\" class=\"attachment-large size-large wp-image-39392\" alt=\"\" srcset=\"https:\/\/adiyamanparkhospital.com.tr\/wp-content\/uploads\/2022\/03\/logo-park-hospital-400.png 400w, https:\/\/adiyamanparkhospital.com.tr\/wp-content\/uploads\/2022\/03\/logo-park-hospital-400-300x72.png 300w\" sizes=\"(min-width: 960px) 75vw, 100vw\" \/>\t\t\t\t\t\t\t\t\t\t\t\t\t<\/div>\n\t\t\t\t<\/div>\n\t\t\t\t<div class=\"hf-elementor-layout elementor-element elementor-element-01798b9 elementor-widget-laptop__width-initial elementor-widget elementor-widget-section_title\" data-id=\"01798b9\" data-element_type=\"widget\" data-widget_type=\"section_title.default\">\n\t\t\t\t<div class=\"elementor-widget-container\">\n\t\t\t\t<div class=\"iq-title-box iq-title-box-1 iq-befor-line\">\n\t\t<div class=\"iq-title-icon\">\n\t\t\t\t\t<\/div>\n\t\t\n\t\t<h4 class=\"iq-title iq-heading-title\">\n\t\t\tInformation &amp; Appointment\t\t<\/h4>\n\t\t<p class=\"iq-title-desc\"><b>Telephone <\/b> : 444 75 02<br>\n<b>Mail<\/b> : info@adiyamanparkhospital.com.tr<br>\n<b>Address <\/b>: Yeni Sanayi Mahallesi 2819 Sk. No:13 Merkez \/ ADIYAMAN<\/p>\t<\/div>\n\t\t<\/div>\n\t\t\t\t<\/div>\n\t\t\t\t<div class=\"hf-elementor-layout elementor-element elementor-element-fa6afc7 elementor-shape-square elementor-widget__width-auto elementor-grid-0 elementor-widget elementor-widget-social-icons\" data-id=\"fa6afc7\" data-element_type=\"widget\" data-widget_type=\"social-icons.default\">\n\t\t\t\t<div class=\"elementor-widget-container\">\n\t\t\t\t\t<div class=\"elementor-social-icons-wrapper elementor-grid\">\n\t\t\t\t\t\t\t<span class=\"elementor-grid-item\">\n\t\t\t\t\t<a class=\"elementor-icon elementor-social-icon elementor-social-icon-instagram elementor-repeater-item-6aced08\" href=\"https:\/\/www.instagram.com\/adiyamanparkhospital\/\" target=\"_blank\">\n\t\t\t\t\t\t<span class=\"elementor-screen-only\">Instagram<\/span>\n\t\t\t\t\t\t<i class=\"fab fa-instagram\"><\/i>\t\t\t\t\t<\/a>\n\t\t\t\t<\/span>\n\t\t\t\t\t\t\t<span class=\"elementor-grid-item\">\n\t\t\t\t\t<a class=\"elementor-icon elementor-social-icon elementor-social-icon-linkedin elementor-repeater-item-35dcbbf\" href=\"https:\/\/www.linkedin.com\/company\/adiyaman-park-hospital\" target=\"_blank\">\n\t\t\t\t\t\t<span class=\"elementor-screen-only\">Linkedin<\/span>\n\t\t\t\t\t\t<i class=\"fab fa-linkedin\"><\/i>\t\t\t\t\t<\/a>\n\t\t\t\t<\/span>\n\t\t\t\t\t\t\t<span class=\"elementor-grid-item\">\n\t\t\t\t\t<a class=\"elementor-icon elementor-social-icon elementor-social-icon-link elementor-repeater-item-3e7730a\" href=\"https:\/\/link.gen.tr\/ph\" target=\"_blank\">\n\t\t\t\t\t\t<span class=\"elementor-screen-only\">Link<\/span>\n\t\t\t\t\t\t<i class=\"fas fa-link\"><\/i>\t\t\t\t\t<\/a>\n\t\t\t\t<\/span>\n\t\t\t\t\t<\/div>\n\t\t\t\t<\/div>\n\t\t\t\t<\/div>\n\t\t\t\t\t<\/div>\n\t\t<\/div>\n\t\t\t\t\t<\/div>\n\t\t<\/section>\n\t\t\t\t\t<\/div>\n\t\t<\/div>\n\t\t\t\t<div class=\"elementor-column elementor-col-50 elementor-top-column elementor-element elementor-element-76d2243c layouts-column-align-inherit layouts-section-position-none\" data-id=\"76d2243c\" data-element_type=\"column\">\n\t\t\t<div class=\"elementor-widget-wrap elementor-element-populated\">\n\t\t\t\t\t\t<div class=\"hf-elementor-layout elementor-element elementor-element-6ed0766c elementor-absolute elementor-widget elementor-widget-iqonic_popup_video\" data-id=\"6ed0766c\" data-element_type=\"widget\" data-settings=\"{&quot;_position&quot;:&quot;absolute&quot;}\" data-widget_type=\"iqonic_popup_video.default\">\n\t\t\t\t<div class=\"elementor-widget-container\">\n\t\t\t\n<div class=\"iq-popup-video\">\n\t<div class=\"iq-video-img position-relative\">\n\t\t<div class=\"iq-video-icon wow FadeIn\">\n\t\t\t<a href=\"\" class=\"iq-video popup-youtube\">\n\t\t\t\t<i aria-hidden=\"true\" class=\"ion ion-play\"><\/i>\t\t\t<\/a>\n\t\t\t<div class=\"iq-waves\">\n\t\t\t\t<div class=\"waves wave-1\"><\/div>\n\t\t\t\t<div class=\"waves wave-2\"><\/div>\n\t\t\t\t<div class=\"waves wave-3\"><\/div>\n\t\t\t<\/div>\n\t\t<\/div>\n\t<\/div>\n<\/div>\t\t<\/div>\n\t\t\t\t<\/div>\n\t\t\t\t<div class=\"hf-elementor-layout elementor-element elementor-element-62561cb5 elementor-widget elementor-widget-image\" data-id=\"62561cb5\" data-element_type=\"widget\" data-widget_type=\"image.default\">\n\t\t\t\t<div class=\"elementor-widget-container\">\n\t\t\t\t\t\t\t\t\t\t\t\t\t<img decoding=\"async\" src=\"https:\/\/adiyamanparkhospital.com.tr\/wp-content\/uploads\/2024\/12\/baskanin-mesaji.jpg\" title=\"president&#039;s-message\" alt=\"ba\u015fkan\u0131n-mesaj\u0131\" loading=\"lazy\" \/>\t\t\t\t\t\t\t\t\t\t\t\t\t<\/div>\n\t\t\t\t<\/div>\n\t\t\t\t<div class=\"hf-elementor-layout elementor-element elementor-element-0662388 elementor-widget-laptop__width-initial elementor-widget elementor-widget-heading\" data-id=\"0662388\" data-element_type=\"widget\" data-widget_type=\"heading.default\">\n\t\t\t\t<div class=\"elementor-widget-container\">\n\t\t\t<h2 class=\"elementor-heading-title elementor-size-default\">General Information:<\/h2>\t\t<\/div>\n\t\t\t\t<\/div>\n\t\t\t\t<div class=\"hf-elementor-layout elementor-element elementor-element-09d4236 elementor-widget elementor-widget-text-editor\" data-id=\"09d4236\" data-element_type=\"widget\" data-widget_type=\"text-editor.default\">\n\t\t\t\t<div class=\"elementor-widget-container\">\n\t\t\t\t\t\t\t<p data-pm-slice=\"1 1 []\">Health tourism is a rapidly rising trend in the world and in our country in recent years and is a very important alternative tourism type.<\/p><p>Health tourism is travelling from the country of residence to another country for treatment purposes in order to regain health. People travelling for this purpose are called \"health tourists\".<\/p><p>Health tourism should not be considered only as a type of tourism for treatment in hospitals. All kinds of tourism activities that offer a healthy life are considered as health tourism. This type of tourism is analysed under three main headings:<\/p><ol start=\"1\" data-spread=\"false\"><li><p><strong>Medical Tourism<\/strong> (Treatment, surgery, etc. in hospitals)<\/p><\/li><li><p><strong>Thermal Tourism<\/strong> (Rehabilitation and recreation services in thermal facilities)<\/p><\/li><li><p><strong>Elderly and Disabled Tourism<\/strong> (long-term stays in geriatric treatment centres or in combination with social activities)<\/p><\/li><\/ol><div><hr \/><\/div><p><strong>Main Reasons for Health Tourism<\/strong><\/p><ol start=\"1\" data-spread=\"false\"><li><p>Lack of high-tech health services in their country or lack of professional human resources.<\/p><\/li><li><p>The desire to have a holiday with the treatment.<\/p><\/li><li><p>Health services are expensive in their own countries.<\/p><\/li><li><p>The desire to receive better quality health care.<\/p><\/li><li><p>Not wanting the surgery to be known in their own country (cosmetic surgery, infertility treatment, etc.).<\/p><\/li><li><p>Lack of geographical and climatic conditions for holidays.<\/p><\/li><li><p>The desire of chronically ill, elderly and disabled people to be treated in different settings.<\/p><\/li><li><p>Seeking a more appropriate setting for drug or addiction treatment.<\/p><\/li><li><p>Winter's will to hold on to life and the will to live.<\/p><\/li><\/ol><p>As a result, health tourism is a rapidly developing sector that is carried out for a wide variety of reasons.<\/p><div><hr \/><\/div><p><strong>Health Tourism in Turkey<\/strong><\/p><p>There are 42 hospitals in Turkey with JCI accreditation at international standards. Private, public and university hospitals, especially in Istanbul and Ankara, are equipped with the world's highest technology. Advanced technology services are offered in areas such as oncology, cardiovascular surgery, orthopaedics, neurosurgery, aesthetic surgery, eye and dental surgery. Applications such as Cyberknife, robotic surgery, MRI, bone marrow and organ transplantation are available.<\/p><p>The health tourism unit of the Ministry of Health provides 24\/7 services in Arabic, English, German and Russian. 112 Emergency and 184 complaint lines and interpretation services are available. Doctors have professional liability insurance, providing patients with a compensation guarantee in case of medical error.<\/p><p>Moreover, Turkey ranks first in Europe and seventh in the world in thermal tourism. Various incentives are offered in this sector and the number of thermal hotels is increasing rapidly.<\/p><div><hr \/><\/div><p><strong>Health Tourism Statistics<\/strong><\/p><p>T\u0131p turizmi kapsam\u0131nda T\u00fcrkiye\u2019ye gelen hastalar genellikle Almanya, Hollanda, Fransa, Orta Do\u011fu \u00fclkeleri gibi b\u00f6lgelerden %70 oran\u0131nda talep g\u00f6rmektedir. Bran\u015flar aras\u0131nda ise g\u00f6z, di\u015f, ortopedi, kardiyoloji, onkoloji, plastik cerrahi ve beyin cerrahisi ba\u015fta gelmektedir.<\/p><div><hr \/><\/div><p><strong>New Era in Health Tourism<\/strong><\/p><p>Reforms in the last 9 years have increased the quality and efficiency of the health system. Turkey ranks second in the world with 42 health institutions with JCI accreditation. Turkey provides services at European standards with its modern hospitals, specialised doctors and technological infrastructure.<\/p><p><strong>Invitation to Turkey<\/strong><\/p><p>With its geographical location, natural beauties, historical and cultural richness, Turkey is an ideal centre for health tourism. Our country has become a centre of attraction with its medical and thermal tourism resources, spa and wellness facilities, quality and affordable tourism packages.<\/p><p><strong>Do not go far for health<\/strong><\/p><p>Turkey is located at the crossroads of Europe, Asia and Central Asia and is preferred for its easy accessibility. The best service is offered to health tourists by combining the tradition of hospitality with the understanding of medical tourism.<\/p><p><strong>The Last Word in Health Tourism<\/strong><\/p><p>Turkey is on its way to become a leading country in health tourism with its trained human resources, foreign language speaking healthcare professionals, affordable prices and advanced technology. Demands for plastic surgery, heart surgeries and thermal treatments are increasing rapidly and Turkey is a candidate for world leadership in this field.<\/p>\t\t\t\t\t\t<\/div>\n\t\t\t\t<\/div>\n\t\t\t\t\t<\/div>\n\t\t<\/div>\n\t\t\t\t\t<\/div>\n\t\t<\/div>\n\t\t\t\t<\/div>","protected":false},"excerpt":{"rendered":"<p>\u00c7al\u0131\u015fma Saatleri Pazartesi &#8211; Cuma 08.00 \u2013 17.00 Cumartesi 8.00 \u2013 13.00 Pazar Kapal\u0131 Bilgi &amp; Randevu Telefon : 444 75 02 Mail : info@adiyamanparkhospital.com.tr Adres : Yeni Sanayi Mahallesi 2819 Sk. No:13 Merkez \/ ADIYAMAN Instagram Linkedin Link Genel Bilgi: D\u00fcnyada ve \u00fclkemizde sa\u011fl\u0131k turizmi son y\u0131llarda h\u0131zla y\u00fckselen bir trend olup \u00e7ok \u00f6nemli [&hellip;]<\/p>","protected":false},"author":1,"featured_media":0,"parent":0,"menu_order":0,"comment_status":"closed","ping_status":"closed","template":"","meta":{"_acf_changed":false,"footnotes":""},"class_list":["post-41966","page","type-page","status-publish","hentry"],"acf":[],"yoast_head":"<!-- This site is optimized with the Yoast SEO Premium plugin v20.13 (Yoast SEO v20.13) - https:\/\/yoast.com\/wordpress\/plugins\/seo\/ -->\n<title>Sa\u011fl\u0131k Rehberi | G\u00fcncel Sa\u011fl\u0131k Bilgileri ve Uzman \u00d6nerileri<\/title>\n<meta name=\"description\" content=\"Sa\u011fl\u0131k rehberi sayfam\u0131zda g\u00fcncel sa\u011fl\u0131k bilgileri, hastal\u0131klar\u0131n belirtileri ve tedavi y\u00f6ntemleri hakk\u0131nda uzman \u00f6nerileri yer almaktad\u0131r. Sa\u011fl\u0131kl\u0131 bir ya\u015fam i\u00e7in en do\u011fru bilgilere ula\u015f\u0131n.\" \/>\n<meta name=\"robots\" content=\"index, follow, max-snippet:-1, max-image-preview:large, max-video-preview:-1\" \/>\n<link rel=\"canonical\" href=\"https:\/\/adiyamanparkhospital.com.tr\/en\/saglik-turizmi\/\" \/>\n<meta property=\"og:locale\" content=\"en_GB\" \/>\n<meta property=\"og:type\" content=\"article\" \/>\n<meta property=\"og:title\" content=\"Sa\u011fl\u0131k Turizmi\" \/>\n<meta property=\"og:description\" content=\"Sa\u011fl\u0131k rehberi sayfam\u0131zda g\u00fcncel sa\u011fl\u0131k bilgileri, hastal\u0131klar\u0131n belirtileri ve tedavi y\u00f6ntemleri hakk\u0131nda uzman \u00f6nerileri yer almaktad\u0131r. Sa\u011fl\u0131kl\u0131 bir ya\u015fam i\u00e7in en do\u011fru bilgilere ula\u015f\u0131n.\" \/>\n<meta property=\"og:url\" content=\"https:\/\/adiyamanparkhospital.com.tr\/en\/saglik-turizmi\/\" \/>\n<meta property=\"og:site_name\" content=\"Park Hospital | Ad\u0131yaman\" \/>\n<meta property=\"article:modified_time\" content=\"2025-02-10T12:36:46+00:00\" \/>\n<meta property=\"og:image\" content=\"https:\/\/adiyamanparkhospital.com.tr\/wp-content\/uploads\/2022\/03\/logo-park-hospital-400.png\" \/>\n<meta name=\"twitter:card\" content=\"summary_large_image\" \/>\n<meta name=\"twitter:label1\" content=\"Estimated reading time\" \/>\n\t<meta name=\"twitter:data1\" content=\"4 minutes\" \/>\n<script type=\"application\/ld+json\" class=\"yoast-schema-graph\">{\"@context\":\"https:\/\/schema.org\",\"@graph\":[{\"@type\":\"WebPage\",\"@id\":\"https:\/\/adiyamanparkhospital.com.tr\/saglik-turizmi\/\",\"url\":\"https:\/\/adiyamanparkhospital.com.tr\/saglik-turizmi\/\",\"name\":\"Sa\u011fl\u0131k Rehberi | G\u00fcncel Sa\u011fl\u0131k Bilgileri ve Uzman \u00d6nerileri\",\"isPartOf\":{\"@id\":\"https:\/\/adiyamanparkhospital.com.tr\/#website\"},\"datePublished\":\"2025-01-22T12:49:58+00:00\",\"dateModified\":\"2025-02-10T12:36:46+00:00\",\"description\":\"Sa\u011fl\u0131k rehberi sayfam\u0131zda g\u00fcncel sa\u011fl\u0131k bilgileri, hastal\u0131klar\u0131n belirtileri ve tedavi y\u00f6ntemleri hakk\u0131nda uzman \u00f6nerileri yer almaktad\u0131r. Sa\u011fl\u0131kl\u0131 bir ya\u015fam i\u00e7in en do\u011fru bilgilere ula\u015f\u0131n.\",\"breadcrumb\":{\"@id\":\"https:\/\/adiyamanparkhospital.com.tr\/saglik-turizmi\/#breadcrumb\"},\"inLanguage\":\"en-GB\",\"potentialAction\":[{\"@type\":\"ReadAction\",\"target\":[\"https:\/\/adiyamanparkhospital.com.tr\/saglik-turizmi\/\"]}]},{\"@type\":\"BreadcrumbList\",\"@id\":\"https:\/\/adiyamanparkhospital.com.tr\/saglik-turizmi\/#breadcrumb\",\"itemListElement\":[{\"@type\":\"ListItem\",\"position\":1,\"name\":\"Home\",\"item\":\"https:\/\/adiyamanparkhospital.com.tr\/\"},{\"@type\":\"ListItem\",\"position\":2,\"name\":\"Sa\u011fl\u0131k Turizmi\"}]},{\"@type\":\"WebSite\",\"@id\":\"https:\/\/adiyamanparkhospital.com.tr\/#website\",\"url\":\"https:\/\/adiyamanparkhospital.com.tr\/\",\"name\":\"Park Hospital | Ad\u0131yman\",\"description\":\"Ad\u0131yaman \u00d6zel Park Hospital | Alan\u0131nda Yetkin Doktor Kadrosu\",\"publisher\":{\"@id\":\"https:\/\/adiyamanparkhospital.com.tr\/#organization\"},\"alternateName\":\"Park Hospital\",\"potentialAction\":[{\"@type\":\"SearchAction\",\"target\":{\"@type\":\"EntryPoint\",\"urlTemplate\":\"https:\/\/adiyamanparkhospital.com.tr\/?s={search_term_string}\"},\"query-input\":\"required name=search_term_string\"}],\"inLanguage\":\"en-GB\"},{\"@type\":\"Organization\",\"@id\":\"https:\/\/adiyamanparkhospital.com.tr\/#organization\",\"name\":\"Park Hospital | Ad\u0131yman\",\"alternateName\":\"Park Hospital Ad\u0131yaman \u00d6zel Hastane\",\"url\":\"https:\/\/adiyamanparkhospital.com.tr\/\",\"logo\":{\"@type\":\"ImageObject\",\"inLanguage\":\"en-GB\",\"@id\":\"https:\/\/adiyamanparkhospital.com.tr\/#\/schema\/logo\/image\/\",\"url\":\"https:\/\/adiyamanparkhospital.com.tr\/wp-content\/uploads\/2025\/02\/cropped-LOGO300X300.png\",\"contentUrl\":\"https:\/\/adiyamanparkhospital.com.tr\/wp-content\/uploads\/2025\/02\/cropped-LOGO300X300.png\",\"width\":512,\"height\":512,\"caption\":\"Park Hospital | Ad\u0131yman\"},\"image\":{\"@id\":\"https:\/\/adiyamanparkhospital.com.tr\/#\/schema\/logo\/image\/\"},\"sameAs\":[\"https:\/\/www.instagram.com\/adiyamanparkhospital\"]}]}<\/script>\n<!-- \/ Yoast SEO Premium plugin. -->","yoast_head_json":{"title":"Sa\u011fl\u0131k Rehberi | G\u00fcncel Sa\u011fl\u0131k Bilgileri ve Uzman \u00d6nerileri","description":"Sa\u011fl\u0131k rehberi sayfam\u0131zda g\u00fcncel sa\u011fl\u0131k bilgileri, hastal\u0131klar\u0131n belirtileri ve tedavi y\u00f6ntemleri hakk\u0131nda uzman \u00f6nerileri yer almaktad\u0131r. Sa\u011fl\u0131kl\u0131 bir ya\u015fam i\u00e7in en do\u011fru bilgilere ula\u015f\u0131n.","robots":{"index":"index","follow":"follow","max-snippet":"max-snippet:-1","max-image-preview":"max-image-preview:large","max-video-preview":"max-video-preview:-1"},"canonical":"https:\/\/adiyamanparkhospital.com.tr\/en\/saglik-turizmi\/","og_locale":"en_GB","og_type":"article","og_title":"Sa\u011fl\u0131k Turizmi","og_description":"Sa\u011fl\u0131k rehberi sayfam\u0131zda g\u00fcncel sa\u011fl\u0131k bilgileri, hastal\u0131klar\u0131n belirtileri ve tedavi y\u00f6ntemleri hakk\u0131nda uzman \u00f6nerileri yer almaktad\u0131r. Sa\u011fl\u0131kl\u0131 bir ya\u015fam i\u00e7in en do\u011fru bilgilere ula\u015f\u0131n.","og_url":"https:\/\/adiyamanparkhospital.com.tr\/en\/saglik-turizmi\/","og_site_name":"Park Hospital | Ad\u0131yaman","article_modified_time":"2025-02-10T12:36:46+00:00","og_image":[{"url":"https:\/\/adiyamanparkhospital.com.tr\/wp-content\/uploads\/2022\/03\/logo-park-hospital-400.png"}],"twitter_card":"summary_large_image","twitter_misc":{"Estimated reading time":"4 minutes"},"schema":{"@context":"https:\/\/schema.org","@graph":[{"@type":"WebPage","@id":"https:\/\/adiyamanparkhospital.com.tr\/saglik-turizmi\/","url":"https:\/\/adiyamanparkhospital.com.tr\/saglik-turizmi\/","name":"Sa\u011fl\u0131k Rehberi | G\u00fcncel Sa\u011fl\u0131k Bilgileri ve Uzman \u00d6nerileri","isPartOf":{"@id":"https:\/\/adiyamanparkhospital.com.tr\/#website"},"datePublished":"2025-01-22T12:49:58+00:00","dateModified":"2025-02-10T12:36:46+00:00","description":"Sa\u011fl\u0131k rehberi sayfam\u0131zda g\u00fcncel sa\u011fl\u0131k bilgileri, hastal\u0131klar\u0131n belirtileri ve tedavi y\u00f6ntemleri hakk\u0131nda uzman \u00f6nerileri yer almaktad\u0131r. Sa\u011fl\u0131kl\u0131 bir ya\u015fam i\u00e7in en do\u011fru bilgilere ula\u015f\u0131n.","breadcrumb":{"@id":"https:\/\/adiyamanparkhospital.com.tr\/saglik-turizmi\/#breadcrumb"},"inLanguage":"en-GB","potentialAction":[{"@type":"ReadAction","target":["https:\/\/adiyamanparkhospital.com.tr\/saglik-turizmi\/"]}]},{"@type":"BreadcrumbList","@id":"https:\/\/adiyamanparkhospital.com.tr\/saglik-turizmi\/#breadcrumb","itemListElement":[{"@type":"ListItem","position":1,"name":"Home","item":"https:\/\/adiyamanparkhospital.com.tr\/"},{"@type":"ListItem","position":2,"name":"Sa\u011fl\u0131k Turizmi"}]},{"@type":"WebSite","@id":"https:\/\/adiyamanparkhospital.com.tr\/#website","url":"https:\/\/adiyamanparkhospital.com.tr\/","name":"Park Hospital | Ad\u0131yman","description":"Ad\u0131yaman \u00d6zel Park Hospital | Alan\u0131nda Yetkin Doktor Kadrosu","publisher":{"@id":"https:\/\/adiyamanparkhospital.com.tr\/#organization"},"alternateName":"Park Hospital","potentialAction":[{"@type":"SearchAction","target":{"@type":"EntryPoint","urlTemplate":"https:\/\/adiyamanparkhospital.com.tr\/?s={search_term_string}"},"query-input":"required name=search_term_string"}],"inLanguage":"en-GB"},{"@type":"Organization","@id":"https:\/\/adiyamanparkhospital.com.tr\/#organization","name":"Park Hospital | Ad\u0131yman","alternateName":"Park Hospital Ad\u0131yaman \u00d6zel Hastane","url":"https:\/\/adiyamanparkhospital.com.tr\/","logo":{"@type":"ImageObject","inLanguage":"en-GB","@id":"https:\/\/adiyamanparkhospital.com.tr\/#\/schema\/logo\/image\/","url":"https:\/\/adiyamanparkhospital.com.tr\/wp-content\/uploads\/2025\/02\/cropped-LOGO300X300.png","contentUrl":"https:\/\/adiyamanparkhospital.com.tr\/wp-content\/uploads\/2025\/02\/cropped-LOGO300X300.png","width":512,"height":512,"caption":"Park Hospital | Ad\u0131yman"},"image":{"@id":"https:\/\/adiyamanparkhospital.com.tr\/#\/schema\/logo\/image\/"},"sameAs":["https:\/\/www.instagram.com\/adiyamanparkhospital"]}]}},"_links":{"self":[{"href":"https:\/\/adiyamanparkhospital.com.tr\/en\/wp-json\/wp\/v2\/pages\/41966","targetHints":{"allow":["GET"]}}],"collection":[{"href":"https:\/\/adiyamanparkhospital.com.tr\/en\/wp-json\/wp\/v2\/pages"}],"about":[{"href":"https:\/\/adiyamanparkhospital.com.tr\/en\/wp-json\/wp\/v2\/types\/page"}],"author":[{"embeddable":true,"href":"https:\/\/adiyamanparkhospital.com.tr\/en\/wp-json\/wp\/v2\/users\/1"}],"replies":[{"embeddable":true,"href":"https:\/\/adiyamanparkhospital.com.tr\/en\/wp-json\/wp\/v2\/comments?post=41966"}],"version-history":[{"count":0,"href":"https:\/\/adiyamanparkhospital.com.tr\/en\/wp-json\/wp\/v2\/pages\/41966\/revisions"}],"wp:attachment":[{"href":"https:\/\/adiyamanparkhospital.com.tr\/en\/wp-json\/wp\/v2\/media?parent=41966"}],"curies":[{"name":"wp","href":"https:\/\/api.w.org\/{rel}","templated":true}]}}