{"id":41932,"date":"2025-01-22T11:58:41","date_gmt":"2025-01-22T11:58:41","guid":{"rendered":"https:\/\/adiyamanparkhospital.com.tr\/?page_id=41932"},"modified":"2025-03-19T11:18:58","modified_gmt":"2025-03-19T11:18:58","slug":"kalite-birim-sorumlusu","status":"publish","type":"page","link":"https:\/\/adiyamanparkhospital.com.tr\/en\/kalite-birim-sorumlusu\/","title":{"rendered":"Quality Unit Responsible"},"content":{"rendered":"<div data-elementor-type=\"wp-page\" data-elementor-id=\"41932\" class=\"elementor elementor-41932\" data-elementor-post-type=\"page\">\n\t\t\t\t\t\t<div class=\"elementor-section elementor-top-section elementor-element elementor-element-13f2c194 elementor-reverse-tablet elementor-reverse-mobile_extra elementor-reverse-mobile elementor-section-boxed elementor-section-height-default elementor-section-height-default\" data-id=\"13f2c194\" data-element_type=\"section\">\n\t\t\t\t\t\t<div class=\"elementor-container elementor-column-gap-default\">\n\t\t\t\t\t<div class=\"elementor-column elementor-col-50 elementor-top-column elementor-element elementor-element-2446f785 layouts-column-align-inherit layouts-section-position-none\" data-id=\"2446f785\" data-element_type=\"column\" data-settings=\"{&quot;background_background&quot;:&quot;classic&quot;}\">\n\t\t\t<div class=\"elementor-widget-wrap elementor-element-populated\">\n\t\t\t\t\t\t<section class=\"elementor-section elementor-inner-section elementor-element elementor-element-961dc6b elementor-hidden-tablet elementor-hidden-phone elementor-section-boxed elementor-section-height-default elementor-section-height-default\" data-id=\"961dc6b\" data-element_type=\"section\" data-settings=\"{&quot;background_background&quot;:&quot;classic&quot;}\">\n\t\t\t\t\t\t\t<div class=\"elementor-background-overlay\"><\/div>\n\t\t\t\t\t\t\t<div class=\"elementor-container elementor-column-gap-default\">\n\t\t\t\t\t<div class=\"elementor-column elementor-col-100 elementor-inner-column elementor-element elementor-element-00249e2 layouts-column-align-inherit layouts-section-position-none\" data-id=\"00249e2\" data-element_type=\"column\">\n\t\t\t<div class=\"elementor-widget-wrap elementor-element-populated\">\n\t\t\t\t\t\t<div class=\"hf-elementor-layout elementor-element elementor-element-731473c elementor-widget__width-auto elementor-view-default elementor-widget elementor-widget-icon\" data-id=\"731473c\" data-element_type=\"widget\" data-widget_type=\"icon.default\">\n\t\t\t\t<div class=\"elementor-widget-container\">\n\t\t\t\t\t<div class=\"elementor-icon-wrapper\">\n\t\t\t<div class=\"elementor-icon elementor-animation-pulse\">\n\t\t\t<i aria-hidden=\"true\" class=\"ion ion-ios-time-outline\"><\/i>\t\t\t<\/div>\n\t\t<\/div>\n\t\t\t\t<\/div>\n\t\t\t\t<\/div>\n\t\t\t\t<div class=\"hf-elementor-layout elementor-element elementor-element-f9f1a11 elementor-widget elementor-widget-section_title\" data-id=\"f9f1a11\" data-element_type=\"widget\" data-widget_type=\"section_title.default\">\n\t\t\t\t<div class=\"elementor-widget-container\">\n\t\t\t\t<div class=\"iq-title-box iq-title-box-1 iq-befor-line\">\n\t\t<div class=\"iq-title-icon\">\n\t\t\t\t\t<\/div>\n\t\t\n\t\t<h4 class=\"iq-title iq-heading-title\">\n\t\t\tWorking Hours\t\t<\/h4>\n\t\t\t<\/div>\n\t\t<\/div>\n\t\t\t\t<\/div>\n\t\t\t\t<div class=\"hf-elementor-layout elementor-element elementor-element-a632d25 elementor-widget elementor-widget-text-editor\" data-id=\"a632d25\" data-element_type=\"widget\" data-widget_type=\"text-editor.default\">\n\t\t\t\t<div class=\"elementor-widget-container\">\n\t\t\t\t\t\t\t<div style=\"display: flex; flex-wrap: wrap; justify-content: space-between;\">Monday - Friday\n 08.00 - 17.00 <\/div>\t\t\t\t\t\t<\/div>\n\t\t\t\t<\/div>\n\t\t\t\t<div class=\"hf-elementor-layout elementor-element elementor-element-e68c977 elementor-widget elementor-widget-text-editor\" data-id=\"e68c977\" data-element_type=\"widget\" data-widget_type=\"text-editor.default\">\n\t\t\t\t<div class=\"elementor-widget-container\">\n\t\t\t\t\t\t\t<div style=\"display: flex; flex-wrap: wrap; justify-content: space-between;\">Saturday 8.00 - 13.00 <\/div>\t\t\t\t\t\t<\/div>\n\t\t\t\t<\/div>\n\t\t\t\t<div class=\"hf-elementor-layout elementor-element elementor-element-3b7c2af elementor-widget elementor-widget-text-editor\" data-id=\"3b7c2af\" data-element_type=\"widget\" data-widget_type=\"text-editor.default\">\n\t\t\t\t<div class=\"elementor-widget-container\">\n\t\t\t\t\t\t\t<div style=\"display: flex; flex-wrap: wrap; justify-content: space-between;\">Market Closed<\/div>\t\t\t\t\t\t<\/div>\n\t\t\t\t<\/div>\n\t\t\t\t\t<\/div>\n\t\t<\/div>\n\t\t\t\t\t<\/div>\n\t\t<\/section>\n\t\t\t\t<section class=\"elementor-section elementor-inner-section elementor-element elementor-element-14252b4 elementor-hidden-tablet elementor-hidden-phone elementor-section-boxed elementor-section-height-default elementor-section-height-default\" data-id=\"14252b4\" data-element_type=\"section\" data-settings=\"{&quot;background_background&quot;:&quot;classic&quot;}\">\n\t\t\t\t\t\t\t<div class=\"elementor-background-overlay\"><\/div>\n\t\t\t\t\t\t\t<div class=\"elementor-container elementor-column-gap-default\">\n\t\t\t\t\t<div class=\"elementor-column elementor-col-100 elementor-inner-column elementor-element elementor-element-0df2726 layouts-column-align-inherit layouts-section-position-none\" data-id=\"0df2726\" data-element_type=\"column\">\n\t\t\t<div class=\"elementor-widget-wrap elementor-element-populated\">\n\t\t\t\t\t\t<div class=\"hf-elementor-layout elementor-element elementor-element-c4c751b elementor-widget elementor-widget-image\" data-id=\"c4c751b\" data-element_type=\"widget\" data-widget_type=\"image.default\">\n\t\t\t\t<div class=\"elementor-widget-container\">\n\t\t\t\t\t\t\t\t\t\t\t\t\t<img decoding=\"async\" width=\"400\" height=\"96\" src=\"https:\/\/adiyamanparkhospital.com.tr\/wp-content\/uploads\/2022\/03\/logo-park-hospital-400.png\" class=\"attachment-large size-large wp-image-39392\" alt=\"\" srcset=\"https:\/\/adiyamanparkhospital.com.tr\/wp-content\/uploads\/2022\/03\/logo-park-hospital-400.png 400w, https:\/\/adiyamanparkhospital.com.tr\/wp-content\/uploads\/2022\/03\/logo-park-hospital-400-300x72.png 300w\" sizes=\"(min-width: 960px) 75vw, 100vw\" \/>\t\t\t\t\t\t\t\t\t\t\t\t\t<\/div>\n\t\t\t\t<\/div>\n\t\t\t\t<div class=\"hf-elementor-layout elementor-element elementor-element-01798b9 elementor-widget-laptop__width-initial elementor-widget elementor-widget-section_title\" data-id=\"01798b9\" data-element_type=\"widget\" data-widget_type=\"section_title.default\">\n\t\t\t\t<div class=\"elementor-widget-container\">\n\t\t\t\t<div class=\"iq-title-box iq-title-box-1 iq-befor-line\">\n\t\t<div class=\"iq-title-icon\">\n\t\t\t\t\t<\/div>\n\t\t\n\t\t<h4 class=\"iq-title iq-heading-title\">\n\t\t\tInformation &amp; Appointment\t\t<\/h4>\n\t\t<p class=\"iq-title-desc\"><b>Telephone <\/b> : 444 75 02<br>\n<b>Mail<\/b> : info@adiyamanparkhospital.com.tr<br>\n<b>Address <\/b>: Yeni Sanayi Mahallesi 2819 Sk. No:13 Merkez \/ ADIYAMAN<\/p>\t<\/div>\n\t\t<\/div>\n\t\t\t\t<\/div>\n\t\t\t\t<div class=\"hf-elementor-layout elementor-element elementor-element-fa6afc7 elementor-shape-square elementor-widget__width-auto elementor-grid-0 elementor-widget elementor-widget-social-icons\" data-id=\"fa6afc7\" data-element_type=\"widget\" data-widget_type=\"social-icons.default\">\n\t\t\t\t<div class=\"elementor-widget-container\">\n\t\t\t\t\t<div class=\"elementor-social-icons-wrapper elementor-grid\">\n\t\t\t\t\t\t\t<span class=\"elementor-grid-item\">\n\t\t\t\t\t<a class=\"elementor-icon elementor-social-icon elementor-social-icon-instagram elementor-repeater-item-6aced08\" href=\"https:\/\/www.instagram.com\/adiyamanparkhospital\/\" target=\"_blank\">\n\t\t\t\t\t\t<span class=\"elementor-screen-only\">Instagram<\/span>\n\t\t\t\t\t\t<i class=\"fab fa-instagram\"><\/i>\t\t\t\t\t<\/a>\n\t\t\t\t<\/span>\n\t\t\t\t\t\t\t<span class=\"elementor-grid-item\">\n\t\t\t\t\t<a class=\"elementor-icon elementor-social-icon elementor-social-icon-linkedin elementor-repeater-item-35dcbbf\" href=\"https:\/\/www.linkedin.com\/company\/adiyaman-park-hospital\" target=\"_blank\">\n\t\t\t\t\t\t<span class=\"elementor-screen-only\">Linkedin<\/span>\n\t\t\t\t\t\t<i class=\"fab fa-linkedin\"><\/i>\t\t\t\t\t<\/a>\n\t\t\t\t<\/span>\n\t\t\t\t\t\t\t<span class=\"elementor-grid-item\">\n\t\t\t\t\t<a class=\"elementor-icon elementor-social-icon elementor-social-icon-link elementor-repeater-item-3e7730a\" href=\"https:\/\/link.gen.tr\/ph\" target=\"_blank\">\n\t\t\t\t\t\t<span class=\"elementor-screen-only\">Link<\/span>\n\t\t\t\t\t\t<i class=\"fas fa-link\"><\/i>\t\t\t\t\t<\/a>\n\t\t\t\t<\/span>\n\t\t\t\t\t<\/div>\n\t\t\t\t<\/div>\n\t\t\t\t<\/div>\n\t\t\t\t\t<\/div>\n\t\t<\/div>\n\t\t\t\t\t<\/div>\n\t\t<\/section>\n\t\t\t\t\t<\/div>\n\t\t<\/div>\n\t\t\t\t<div class=\"elementor-column elementor-col-50 elementor-top-column elementor-element elementor-element-76d2243c layouts-column-align-inherit layouts-section-position-none\" data-id=\"76d2243c\" data-element_type=\"column\">\n\t\t\t<div class=\"elementor-widget-wrap elementor-element-populated\">\n\t\t\t\t\t\t<div class=\"hf-elementor-layout elementor-element elementor-element-a86af39 elementor-widget elementor-widget-text-editor\" data-id=\"a86af39\" data-element_type=\"widget\" data-widget_type=\"text-editor.default\">\n\t\t\t\t<div class=\"elementor-widget-container\">\n\t\t\t\t\t\t\t<h2>Quality Unit Responsible<\/h2><p>\u00a0<\/p><table border=\"1\" width=\"715\" cellspacing=\"0\" cellpadding=\"0\"><tbody><tr><td width=\"244\"><strong>QUALITY UNIT Responsible<\/strong><\/td><\/tr><tr><td width=\"273\"><strong>Hatice EM\u00dcL<\/strong><\/td><\/tr><\/tbody><\/table><p data-pm-slice=\"1 1 []\">\u00a0<\/p>\t\t\t\t\t\t<\/div>\n\t\t\t\t<\/div>\n\t\t\t\t\t<\/div>\n\t\t<\/div>\n\t\t\t\t\t<\/div>\n\t\t<\/div>\n\t\t\t\t<\/div>","protected":false},"excerpt":{"rendered":"<p>\u00c7al\u0131\u015fma Saatleri Pazartesi &#8211; Cuma 08.00 \u2013 17.00 Cumartesi 8.00 \u2013 13.00 Pazar Kapal\u0131 Bilgi &amp; Randevu Telefon : 444 75 02 Mail : info@adiyamanparkhospital.com.tr Adres : Yeni Sanayi Mahallesi 2819 Sk. No:13 Merkez \/ ADIYAMAN Instagram Linkedin Link Kalite Birim Sorumlusu KAL\u0130TE B\u0130R\u0130M Sorumlusu Hatice EM\u00dcL<\/p>","protected":false},"author":1,"featured_media":0,"parent":0,"menu_order":0,"comment_status":"closed","ping_status":"closed","template":"","meta":{"_acf_changed":false,"footnotes":""},"class_list":["post-41932","page","type-page","status-publish","hentry"],"acf":[],"yoast_head":"<!-- This site is optimized with the Yoast SEO Premium plugin v20.13 (Yoast SEO v20.13) - https:\/\/yoast.com\/wordpress\/plugins\/seo\/ -->\n<title>Kalite Birim Sorumlular\u0131 | Ad\u0131yaman Park Hospital<\/title>\n<meta name=\"description\" content=\"Ad\u0131yaman Park Hospital kalite birim sorumlular\u0131, hasta g\u00fcvenli\u011fi ve sa\u011fl\u0131k hizmetlerinde m\u00fckemmelli\u011fi sa\u011flamak i\u00e7in \u00e7al\u0131\u015fmaktad\u0131r. Kalite s\u00fcre\u00e7lerimiz hakk\u0131nda bilgi al\u0131n.\" \/>\n<meta name=\"robots\" content=\"index, follow, max-snippet:-1, max-image-preview:large, max-video-preview:-1\" \/>\n<link rel=\"canonical\" href=\"https:\/\/adiyamanparkhospital.com.tr\/en\/kalite-birim-sorumlusu\/\" \/>\n<meta property=\"og:locale\" content=\"en_GB\" \/>\n<meta property=\"og:type\" content=\"article\" \/>\n<meta property=\"og:title\" content=\"Kalite Birim Sorumlusu\" \/>\n<meta property=\"og:description\" content=\"Ad\u0131yaman Park Hospital kalite birim sorumlular\u0131, hasta g\u00fcvenli\u011fi ve sa\u011fl\u0131k hizmetlerinde m\u00fckemmelli\u011fi sa\u011flamak i\u00e7in \u00e7al\u0131\u015fmaktad\u0131r. Kalite s\u00fcre\u00e7lerimiz hakk\u0131nda bilgi al\u0131n.\" \/>\n<meta property=\"og:url\" content=\"https:\/\/adiyamanparkhospital.com.tr\/en\/kalite-birim-sorumlusu\/\" \/>\n<meta property=\"og:site_name\" content=\"Park Hospital | Ad\u0131yaman\" \/>\n<meta property=\"article:modified_time\" content=\"2025-03-19T11:18:58+00:00\" \/>\n<meta property=\"og:image\" content=\"https:\/\/adiyamanparkhospital.com.tr\/wp-content\/uploads\/2022\/03\/logo-park-hospital-400.png\" \/>\n<meta name=\"twitter:card\" content=\"summary_large_image\" \/>\n<meta name=\"twitter:label1\" content=\"Estimated reading time\" \/>\n\t<meta name=\"twitter:data1\" content=\"1 minute\" \/>\n<script type=\"application\/ld+json\" class=\"yoast-schema-graph\">{\"@context\":\"https:\/\/schema.org\",\"@graph\":[{\"@type\":\"WebPage\",\"@id\":\"https:\/\/adiyamanparkhospital.com.tr\/kalite-birim-sorumlusu\/\",\"url\":\"https:\/\/adiyamanparkhospital.com.tr\/kalite-birim-sorumlusu\/\",\"name\":\"Kalite Birim Sorumlular\u0131 | Ad\u0131yaman Park Hospital\",\"isPartOf\":{\"@id\":\"https:\/\/adiyamanparkhospital.com.tr\/#website\"},\"datePublished\":\"2025-01-22T11:58:41+00:00\",\"dateModified\":\"2025-03-19T11:18:58+00:00\",\"description\":\"Ad\u0131yaman Park Hospital kalite birim sorumlular\u0131, hasta g\u00fcvenli\u011fi ve sa\u011fl\u0131k hizmetlerinde m\u00fckemmelli\u011fi sa\u011flamak i\u00e7in \u00e7al\u0131\u015fmaktad\u0131r. Kalite s\u00fcre\u00e7lerimiz hakk\u0131nda bilgi al\u0131n.\",\"breadcrumb\":{\"@id\":\"https:\/\/adiyamanparkhospital.com.tr\/kalite-birim-sorumlusu\/#breadcrumb\"},\"inLanguage\":\"en-GB\",\"potentialAction\":[{\"@type\":\"ReadAction\",\"target\":[\"https:\/\/adiyamanparkhospital.com.tr\/kalite-birim-sorumlusu\/\"]}]},{\"@type\":\"BreadcrumbList\",\"@id\":\"https:\/\/adiyamanparkhospital.com.tr\/kalite-birim-sorumlusu\/#breadcrumb\",\"itemListElement\":[{\"@type\":\"ListItem\",\"position\":1,\"name\":\"Home\",\"item\":\"https:\/\/adiyamanparkhospital.com.tr\/\"},{\"@type\":\"ListItem\",\"position\":2,\"name\":\"Kalite Birim Sorumlusu\"}]},{\"@type\":\"WebSite\",\"@id\":\"https:\/\/adiyamanparkhospital.com.tr\/#website\",\"url\":\"https:\/\/adiyamanparkhospital.com.tr\/\",\"name\":\"Park Hospital | Ad\u0131yman\",\"description\":\"Ad\u0131yaman \u00d6zel Park Hospital | Alan\u0131nda Yetkin Doktor Kadrosu\",\"publisher\":{\"@id\":\"https:\/\/adiyamanparkhospital.com.tr\/#organization\"},\"alternateName\":\"Park Hospital\",\"potentialAction\":[{\"@type\":\"SearchAction\",\"target\":{\"@type\":\"EntryPoint\",\"urlTemplate\":\"https:\/\/adiyamanparkhospital.com.tr\/?s={search_term_string}\"},\"query-input\":\"required name=search_term_string\"}],\"inLanguage\":\"en-GB\"},{\"@type\":\"Organization\",\"@id\":\"https:\/\/adiyamanparkhospital.com.tr\/#organization\",\"name\":\"Park Hospital | Ad\u0131yman\",\"alternateName\":\"Park Hospital Ad\u0131yaman \u00d6zel Hastane\",\"url\":\"https:\/\/adiyamanparkhospital.com.tr\/\",\"logo\":{\"@type\":\"ImageObject\",\"inLanguage\":\"en-GB\",\"@id\":\"https:\/\/adiyamanparkhospital.com.tr\/#\/schema\/logo\/image\/\",\"url\":\"https:\/\/adiyamanparkhospital.com.tr\/wp-content\/uploads\/2025\/02\/cropped-LOGO300X300.png\",\"contentUrl\":\"https:\/\/adiyamanparkhospital.com.tr\/wp-content\/uploads\/2025\/02\/cropped-LOGO300X300.png\",\"width\":512,\"height\":512,\"caption\":\"Park Hospital | Ad\u0131yman\"},\"image\":{\"@id\":\"https:\/\/adiyamanparkhospital.com.tr\/#\/schema\/logo\/image\/\"},\"sameAs\":[\"https:\/\/www.instagram.com\/adiyamanparkhospital\"]}]}<\/script>\n<!-- \/ Yoast SEO Premium plugin. -->","yoast_head_json":{"title":"Kalite Birim Sorumlular\u0131 | Ad\u0131yaman Park Hospital","description":"Ad\u0131yaman Park Hospital kalite birim sorumlular\u0131, hasta g\u00fcvenli\u011fi ve sa\u011fl\u0131k hizmetlerinde m\u00fckemmelli\u011fi sa\u011flamak i\u00e7in \u00e7al\u0131\u015fmaktad\u0131r. Kalite s\u00fcre\u00e7lerimiz hakk\u0131nda bilgi al\u0131n.","robots":{"index":"index","follow":"follow","max-snippet":"max-snippet:-1","max-image-preview":"max-image-preview:large","max-video-preview":"max-video-preview:-1"},"canonical":"https:\/\/adiyamanparkhospital.com.tr\/en\/kalite-birim-sorumlusu\/","og_locale":"en_GB","og_type":"article","og_title":"Kalite Birim Sorumlusu","og_description":"Ad\u0131yaman Park Hospital kalite birim sorumlular\u0131, hasta g\u00fcvenli\u011fi ve sa\u011fl\u0131k hizmetlerinde m\u00fckemmelli\u011fi sa\u011flamak i\u00e7in \u00e7al\u0131\u015fmaktad\u0131r. Kalite s\u00fcre\u00e7lerimiz hakk\u0131nda bilgi al\u0131n.","og_url":"https:\/\/adiyamanparkhospital.com.tr\/en\/kalite-birim-sorumlusu\/","og_site_name":"Park Hospital | Ad\u0131yaman","article_modified_time":"2025-03-19T11:18:58+00:00","og_image":[{"url":"https:\/\/adiyamanparkhospital.com.tr\/wp-content\/uploads\/2022\/03\/logo-park-hospital-400.png"}],"twitter_card":"summary_large_image","twitter_misc":{"Estimated reading time":"1 minute"},"schema":{"@context":"https:\/\/schema.org","@graph":[{"@type":"WebPage","@id":"https:\/\/adiyamanparkhospital.com.tr\/kalite-birim-sorumlusu\/","url":"https:\/\/adiyamanparkhospital.com.tr\/kalite-birim-sorumlusu\/","name":"Kalite Birim Sorumlular\u0131 | Ad\u0131yaman Park Hospital","isPartOf":{"@id":"https:\/\/adiyamanparkhospital.com.tr\/#website"},"datePublished":"2025-01-22T11:58:41+00:00","dateModified":"2025-03-19T11:18:58+00:00","description":"Ad\u0131yaman Park Hospital kalite birim sorumlular\u0131, hasta g\u00fcvenli\u011fi ve sa\u011fl\u0131k hizmetlerinde m\u00fckemmelli\u011fi sa\u011flamak i\u00e7in \u00e7al\u0131\u015fmaktad\u0131r. Kalite s\u00fcre\u00e7lerimiz hakk\u0131nda bilgi al\u0131n.","breadcrumb":{"@id":"https:\/\/adiyamanparkhospital.com.tr\/kalite-birim-sorumlusu\/#breadcrumb"},"inLanguage":"en-GB","potentialAction":[{"@type":"ReadAction","target":["https:\/\/adiyamanparkhospital.com.tr\/kalite-birim-sorumlusu\/"]}]},{"@type":"BreadcrumbList","@id":"https:\/\/adiyamanparkhospital.com.tr\/kalite-birim-sorumlusu\/#breadcrumb","itemListElement":[{"@type":"ListItem","position":1,"name":"Home","item":"https:\/\/adiyamanparkhospital.com.tr\/"},{"@type":"ListItem","position":2,"name":"Kalite Birim Sorumlusu"}]},{"@type":"WebSite","@id":"https:\/\/adiyamanparkhospital.com.tr\/#website","url":"https:\/\/adiyamanparkhospital.com.tr\/","name":"Park Hospital | Ad\u0131yman","description":"Ad\u0131yaman \u00d6zel Park Hospital | Alan\u0131nda Yetkin Doktor Kadrosu","publisher":{"@id":"https:\/\/adiyamanparkhospital.com.tr\/#organization"},"alternateName":"Park Hospital","potentialAction":[{"@type":"SearchAction","target":{"@type":"EntryPoint","urlTemplate":"https:\/\/adiyamanparkhospital.com.tr\/?s={search_term_string}"},"query-input":"required name=search_term_string"}],"inLanguage":"en-GB"},{"@type":"Organization","@id":"https:\/\/adiyamanparkhospital.com.tr\/#organization","name":"Park Hospital | Ad\u0131yman","alternateName":"Park Hospital Ad\u0131yaman \u00d6zel Hastane","url":"https:\/\/adiyamanparkhospital.com.tr\/","logo":{"@type":"ImageObject","inLanguage":"en-GB","@id":"https:\/\/adiyamanparkhospital.com.tr\/#\/schema\/logo\/image\/","url":"https:\/\/adiyamanparkhospital.com.tr\/wp-content\/uploads\/2025\/02\/cropped-LOGO300X300.png","contentUrl":"https:\/\/adiyamanparkhospital.com.tr\/wp-content\/uploads\/2025\/02\/cropped-LOGO300X300.png","width":512,"height":512,"caption":"Park Hospital | Ad\u0131yman"},"image":{"@id":"https:\/\/adiyamanparkhospital.com.tr\/#\/schema\/logo\/image\/"},"sameAs":["https:\/\/www.instagram.com\/adiyamanparkhospital"]}]}},"_links":{"self":[{"href":"https:\/\/adiyamanparkhospital.com.tr\/en\/wp-json\/wp\/v2\/pages\/41932","targetHints":{"allow":["GET"]}}],"collection":[{"href":"https:\/\/adiyamanparkhospital.com.tr\/en\/wp-json\/wp\/v2\/pages"}],"about":[{"href":"https:\/\/adiyamanparkhospital.com.tr\/en\/wp-json\/wp\/v2\/types\/page"}],"author":[{"embeddable":true,"href":"https:\/\/adiyamanparkhospital.com.tr\/en\/wp-json\/wp\/v2\/users\/1"}],"replies":[{"embeddable":true,"href":"https:\/\/adiyamanparkhospital.com.tr\/en\/wp-json\/wp\/v2\/comments?post=41932"}],"version-history":[{"count":4,"href":"https:\/\/adiyamanparkhospital.com.tr\/en\/wp-json\/wp\/v2\/pages\/41932\/revisions"}],"predecessor-version":[{"id":43016,"href":"https:\/\/adiyamanparkhospital.com.tr\/en\/wp-json\/wp\/v2\/pages\/41932\/revisions\/43016"}],"wp:attachment":[{"href":"https:\/\/adiyamanparkhospital.com.tr\/en\/wp-json\/wp\/v2\/media?parent=41932"}],"curies":[{"name":"wp","href":"https:\/\/api.w.org\/{rel}","templated":true}]}}