{"id":41921,"date":"2025-01-22T11:38:18","date_gmt":"2025-01-22T11:38:18","guid":{"rendered":"https:\/\/adiyamanparkhospital.com.tr\/?page_id=41921"},"modified":"2025-03-18T10:09:12","modified_gmt":"2025-03-18T10:09:12","slug":"ekip-ve-ekip-uyeleri","status":"publish","type":"page","link":"https:\/\/adiyamanparkhospital.com.tr\/en\/ekip-ve-ekip-uyeleri\/","title":{"rendered":"Team and Team Members"},"content":{"rendered":"<div data-elementor-type=\"wp-page\" data-elementor-id=\"41921\" class=\"elementor elementor-41921\" data-elementor-post-type=\"page\">\n\t\t\t\t\t\t<div class=\"elementor-section elementor-top-section elementor-element elementor-element-13f2c194 elementor-reverse-tablet elementor-reverse-mobile_extra elementor-reverse-mobile elementor-section-boxed elementor-section-height-default elementor-section-height-default\" data-id=\"13f2c194\" data-element_type=\"section\">\n\t\t\t\t\t\t<div class=\"elementor-container elementor-column-gap-default\">\n\t\t\t\t\t<div class=\"elementor-column elementor-col-50 elementor-top-column elementor-element elementor-element-2446f785 layouts-column-align-inherit layouts-section-position-none\" data-id=\"2446f785\" data-element_type=\"column\" data-settings=\"{&quot;background_background&quot;:&quot;classic&quot;}\">\n\t\t\t<div class=\"elementor-widget-wrap elementor-element-populated\">\n\t\t\t\t\t\t<section class=\"elementor-section elementor-inner-section elementor-element elementor-element-961dc6b elementor-hidden-tablet elementor-hidden-phone elementor-section-boxed elementor-section-height-default elementor-section-height-default\" data-id=\"961dc6b\" data-element_type=\"section\" data-settings=\"{&quot;background_background&quot;:&quot;classic&quot;}\">\n\t\t\t\t\t\t\t<div class=\"elementor-background-overlay\"><\/div>\n\t\t\t\t\t\t\t<div class=\"elementor-container elementor-column-gap-default\">\n\t\t\t\t\t<div class=\"elementor-column elementor-col-100 elementor-inner-column elementor-element elementor-element-00249e2 layouts-column-align-inherit layouts-section-position-none\" data-id=\"00249e2\" data-element_type=\"column\">\n\t\t\t<div class=\"elementor-widget-wrap elementor-element-populated\">\n\t\t\t\t\t\t<div class=\"hf-elementor-layout elementor-element elementor-element-731473c elementor-widget__width-auto elementor-view-default elementor-widget elementor-widget-icon\" data-id=\"731473c\" data-element_type=\"widget\" data-widget_type=\"icon.default\">\n\t\t\t\t<div class=\"elementor-widget-container\">\n\t\t\t\t\t<div class=\"elementor-icon-wrapper\">\n\t\t\t<div class=\"elementor-icon elementor-animation-pulse\">\n\t\t\t<i aria-hidden=\"true\" class=\"ion ion-ios-time-outline\"><\/i>\t\t\t<\/div>\n\t\t<\/div>\n\t\t\t\t<\/div>\n\t\t\t\t<\/div>\n\t\t\t\t<div class=\"hf-elementor-layout elementor-element elementor-element-f9f1a11 elementor-widget elementor-widget-section_title\" data-id=\"f9f1a11\" data-element_type=\"widget\" data-widget_type=\"section_title.default\">\n\t\t\t\t<div class=\"elementor-widget-container\">\n\t\t\t\t<div class=\"iq-title-box iq-title-box-1 iq-befor-line\">\n\t\t<div class=\"iq-title-icon\">\n\t\t\t\t\t<\/div>\n\t\t\n\t\t<h4 class=\"iq-title iq-heading-title\">\n\t\t\tWorking Hours\t\t<\/h4>\n\t\t\t<\/div>\n\t\t<\/div>\n\t\t\t\t<\/div>\n\t\t\t\t<div class=\"hf-elementor-layout elementor-element elementor-element-a632d25 elementor-widget elementor-widget-text-editor\" data-id=\"a632d25\" data-element_type=\"widget\" data-widget_type=\"text-editor.default\">\n\t\t\t\t<div class=\"elementor-widget-container\">\n\t\t\t\t\t\t\t<div style=\"display: flex; flex-wrap: wrap; justify-content: space-between;\">Monday - Friday\n 08.00 - 17.00 <\/div>\t\t\t\t\t\t<\/div>\n\t\t\t\t<\/div>\n\t\t\t\t<div class=\"hf-elementor-layout elementor-element elementor-element-e68c977 elementor-widget elementor-widget-text-editor\" data-id=\"e68c977\" data-element_type=\"widget\" data-widget_type=\"text-editor.default\">\n\t\t\t\t<div class=\"elementor-widget-container\">\n\t\t\t\t\t\t\t<div style=\"display: flex; flex-wrap: wrap; justify-content: space-between;\">Saturday 8.00 - 13.00 <\/div>\t\t\t\t\t\t<\/div>\n\t\t\t\t<\/div>\n\t\t\t\t<div class=\"hf-elementor-layout elementor-element elementor-element-3b7c2af elementor-widget elementor-widget-text-editor\" data-id=\"3b7c2af\" data-element_type=\"widget\" data-widget_type=\"text-editor.default\">\n\t\t\t\t<div class=\"elementor-widget-container\">\n\t\t\t\t\t\t\t<div style=\"display: flex; flex-wrap: wrap; justify-content: space-between;\">Market Closed<\/div>\t\t\t\t\t\t<\/div>\n\t\t\t\t<\/div>\n\t\t\t\t\t<\/div>\n\t\t<\/div>\n\t\t\t\t\t<\/div>\n\t\t<\/section>\n\t\t\t\t<section class=\"elementor-section elementor-inner-section elementor-element elementor-element-14252b4 elementor-hidden-tablet elementor-hidden-phone elementor-section-boxed elementor-section-height-default elementor-section-height-default\" data-id=\"14252b4\" data-element_type=\"section\" data-settings=\"{&quot;background_background&quot;:&quot;classic&quot;}\">\n\t\t\t\t\t\t\t<div class=\"elementor-background-overlay\"><\/div>\n\t\t\t\t\t\t\t<div class=\"elementor-container elementor-column-gap-default\">\n\t\t\t\t\t<div class=\"elementor-column elementor-col-100 elementor-inner-column elementor-element elementor-element-0df2726 layouts-column-align-inherit layouts-section-position-none\" data-id=\"0df2726\" data-element_type=\"column\">\n\t\t\t<div class=\"elementor-widget-wrap elementor-element-populated\">\n\t\t\t\t\t\t<div class=\"hf-elementor-layout elementor-element elementor-element-c4c751b elementor-widget elementor-widget-image\" data-id=\"c4c751b\" data-element_type=\"widget\" data-widget_type=\"image.default\">\n\t\t\t\t<div class=\"elementor-widget-container\">\n\t\t\t\t\t\t\t\t\t\t\t\t\t<img decoding=\"async\" width=\"400\" height=\"96\" src=\"https:\/\/adiyamanparkhospital.com.tr\/wp-content\/uploads\/2022\/03\/logo-park-hospital-400.png\" class=\"attachment-large size-large wp-image-39392\" alt=\"\" srcset=\"https:\/\/adiyamanparkhospital.com.tr\/wp-content\/uploads\/2022\/03\/logo-park-hospital-400.png 400w, https:\/\/adiyamanparkhospital.com.tr\/wp-content\/uploads\/2022\/03\/logo-park-hospital-400-300x72.png 300w\" sizes=\"(min-width: 960px) 75vw, 100vw\" \/>\t\t\t\t\t\t\t\t\t\t\t\t\t<\/div>\n\t\t\t\t<\/div>\n\t\t\t\t<div class=\"hf-elementor-layout elementor-element elementor-element-01798b9 elementor-widget-laptop__width-initial elementor-widget elementor-widget-section_title\" data-id=\"01798b9\" data-element_type=\"widget\" data-widget_type=\"section_title.default\">\n\t\t\t\t<div class=\"elementor-widget-container\">\n\t\t\t\t<div class=\"iq-title-box iq-title-box-1 iq-befor-line\">\n\t\t<div class=\"iq-title-icon\">\n\t\t\t\t\t<\/div>\n\t\t\n\t\t<h4 class=\"iq-title iq-heading-title\">\n\t\t\tInformation &amp; Appointment\t\t<\/h4>\n\t\t<p class=\"iq-title-desc\"><b>Telephone <\/b> : 444 75 02<br>\n<b>Mail<\/b> : info@adiyamanparkhospital.com.tr<br>\n<b>Address <\/b>: Yeni Sanayi Mahallesi 2819 Sk. No:13 Merkez \/ ADIYAMAN<\/p>\t<\/div>\n\t\t<\/div>\n\t\t\t\t<\/div>\n\t\t\t\t<div class=\"hf-elementor-layout elementor-element elementor-element-fa6afc7 elementor-shape-square elementor-widget__width-auto elementor-grid-0 elementor-widget elementor-widget-social-icons\" data-id=\"fa6afc7\" data-element_type=\"widget\" data-widget_type=\"social-icons.default\">\n\t\t\t\t<div class=\"elementor-widget-container\">\n\t\t\t\t\t<div class=\"elementor-social-icons-wrapper elementor-grid\">\n\t\t\t\t\t\t\t<span class=\"elementor-grid-item\">\n\t\t\t\t\t<a class=\"elementor-icon elementor-social-icon elementor-social-icon-instagram elementor-repeater-item-6aced08\" href=\"https:\/\/www.instagram.com\/adiyamanparkhospital\/\" target=\"_blank\">\n\t\t\t\t\t\t<span class=\"elementor-screen-only\">Instagram<\/span>\n\t\t\t\t\t\t<i class=\"fab fa-instagram\"><\/i>\t\t\t\t\t<\/a>\n\t\t\t\t<\/span>\n\t\t\t\t\t\t\t<span class=\"elementor-grid-item\">\n\t\t\t\t\t<a class=\"elementor-icon elementor-social-icon elementor-social-icon-linkedin elementor-repeater-item-35dcbbf\" href=\"https:\/\/www.linkedin.com\/company\/adiyaman-park-hospital\" target=\"_blank\">\n\t\t\t\t\t\t<span class=\"elementor-screen-only\">Linkedin<\/span>\n\t\t\t\t\t\t<i class=\"fab fa-linkedin\"><\/i>\t\t\t\t\t<\/a>\n\t\t\t\t<\/span>\n\t\t\t\t\t\t\t<span class=\"elementor-grid-item\">\n\t\t\t\t\t<a class=\"elementor-icon elementor-social-icon elementor-social-icon-link elementor-repeater-item-3e7730a\" href=\"https:\/\/link.gen.tr\/ph\" target=\"_blank\">\n\t\t\t\t\t\t<span class=\"elementor-screen-only\">Link<\/span>\n\t\t\t\t\t\t<i class=\"fas fa-link\"><\/i>\t\t\t\t\t<\/a>\n\t\t\t\t<\/span>\n\t\t\t\t\t<\/div>\n\t\t\t\t<\/div>\n\t\t\t\t<\/div>\n\t\t\t\t\t<\/div>\n\t\t<\/div>\n\t\t\t\t\t<\/div>\n\t\t<\/section>\n\t\t\t\t\t<\/div>\n\t\t<\/div>\n\t\t\t\t<div class=\"elementor-column elementor-col-50 elementor-top-column elementor-element elementor-element-76d2243c layouts-column-align-inherit layouts-section-position-none\" data-id=\"76d2243c\" data-element_type=\"column\">\n\t\t\t<div class=\"elementor-widget-wrap elementor-element-populated\">\n\t\t\t\t\t\t<div class=\"hf-elementor-layout elementor-element elementor-element-a86af39 elementor-widget elementor-widget-text-editor\" data-id=\"a86af39\" data-element_type=\"widget\" data-widget_type=\"text-editor.default\">\n\t\t\t\t<div class=\"elementor-widget-container\">\n\t\t\t\t\t\t\t<p data-pm-slice=\"1 1 []\"><strong>EXTINGUISHING TEAM<\/strong><\/p><table><tbody><tr><th>S.NO<\/th><th>ADI<\/th><th>SURNAME<\/th><th>DUTY<\/th><\/tr><tr><td>1<\/td><td>Abuzer<\/td><td>YAL\u00c7IN<\/td><td>Head of Team<\/td><\/tr><tr><td>2<\/td><td>Mehmet<\/td><td>YILDIRIM<\/td><td>Deputy Team Leader.<\/td><\/tr><tr><td>3<\/td><td>M.Sait<\/td><td>KORKMAZ<\/td><td>Team Member<\/td><\/tr><tr><td>4<\/td><td>Enver<\/td><td>WALKER<\/td><td>Team Member<\/td><\/tr><tr><td>5<\/td><td>Noah<\/td><td>YILMAZ<\/td><td>Team Member<\/td><\/tr><tr><td>6<\/td><td>Abuzer<\/td><td>SONMEZ<\/td><td>Team Member<\/td><\/tr><tr><td>7<\/td><td>Meander<\/td><td>WOODCUTTER<\/td><td>Team Member<\/td><\/tr><\/tbody><\/table><p><strong>TRANSPORT TEAM<\/strong><\/p><table><tbody><tr><td>S.NO<\/td><td>ADI<\/td><td>SURNAME<\/td><td>DUTY<\/td><\/tr><tr><td>1<\/td><td>Orhan<\/td><td>TOLUNAY<\/td><td>Head of Team<\/td><\/tr><tr><td>2<\/td><td>Count<\/td><td>D\u00dcNDAR<\/td><td>Deputy Team Leader.<\/td><\/tr><tr><td>3<\/td><td>Abdulkadir<\/td><td>AVSEREN<\/td><td>Team Member<\/td><\/tr><tr><td>4<\/td><td>Mehmet<\/td><td>MAKERS<\/td><td>Team Member<\/td><\/tr><tr><td>5<\/td><td>Yusuf<\/td><td>ATALAY<\/td><td>Team Member<\/td><\/tr><tr><td>6<\/td><td>Jamal<\/td><td>ALAG\u00d6Z<\/td><td>Team Member<\/td><\/tr><tr><td>7<\/td><td>Fortune<\/td><td>SAK<\/td><td>Team Member<\/td><\/tr><\/tbody><\/table><p><strong>PROTECTION TEAM<\/strong><\/p><table><tbody><tr><td>S.NO<\/td><td>ADI<\/td><td>SURNAME<\/td><td>DUTY<\/td><\/tr><tr><td>1<\/td><td>Mustafa<\/td><td>BERKCAN<\/td><td>Head of Team<\/td><\/tr><tr><td>2<\/td><td>\u00d6zkan<\/td><td>\u00d6ZSOY<\/td><td>Deputy Team Leader.<\/td><\/tr><tr><td>3<\/td><td>Mazlum<\/td><td>OZKAN<\/td><td>Team Member<\/td><\/tr><tr><td>4<\/td><td>Erdogan<\/td><td>Y\u00dcCETA\u015e<\/td><td>Team Member<\/td><\/tr><tr><td>5<\/td><td>Yasin<\/td><td>YAVUZ<\/td><td>Team Member<\/td><\/tr><tr><td>6<\/td><td>Jamal<\/td><td>MAMA<\/td><td>Team Member<\/td><\/tr><tr><td>7<\/td><td>Hussein<\/td><td>\u00d6KS\u00dcZ<\/td><td>Team Member<\/td><\/tr><\/tbody><\/table><p><strong>RESCUE TEAM<\/strong><\/p><table style=\"height: 185px;\" width=\"348\"><tbody><tr><td>S.NO<\/td><td>ADI<\/td><td>SURNAME<\/td><td>DUTY<\/td><\/tr><tr><td>1<\/td><td>Mehmet Ali<\/td><td>TEKDAR<\/td><td>Head of Team<\/td><\/tr><tr><td>2<\/td><td>Semih \u00dczeyir<\/td><td>KALAYCI<\/td><td>Deputy Team Leader.<\/td><\/tr><tr><td>3<\/td><td>Ismail<\/td><td>TURAN<\/td><td>Team Member<\/td><\/tr><tr><td>4<\/td><td>Ancient<\/td><td>SUN<\/td><td>Team Member<\/td><\/tr><tr><td>5<\/td><td>Omer<\/td><td>IT WILL HAPPEN<\/td><td>Team Member<\/td><\/tr><tr><td>6<\/td><td>Abdurrahman<\/td><td>BALCI<\/td><td>Team Member<\/td><\/tr><tr><td>7<\/td><td>Sea<\/td><td>CONTINUED<\/td><td>Team Member<\/td><\/tr><\/tbody><\/table><p><strong>ENERGY RESOURCES RESPONSE TEAM<\/strong><\/p><table><tbody><tr><td>S.NO<\/td><td>ADI<\/td><td>SURNAME<\/td><td>DUTY<\/td><\/tr><tr><td>1<\/td><td>Mehmet Ali<\/td><td>LONG<\/td><td>Head of Team<\/td><\/tr><tr><td>2<\/td><td>Irshad<\/td><td>BALTALI<\/td><td>Team Leader Assist.<\/td><\/tr><tr><td>3<\/td><td>Hope<\/td><td>G\u00dcRB\u00dcZCAN<\/td><td>Team Member<\/td><\/tr><tr><td>4<\/td><td>Ramadan<\/td><td>BELIEVES<\/td><td>Team Member<\/td><\/tr><tr><td>5<\/td><td>Zeynel<\/td><td>SHAHAN<\/td><td>Team Member<\/td><\/tr><tr><td>6<\/td><td>Mehmet<\/td><td>FAMOUS<\/td><td>Team Member<\/td><\/tr><tr><td>7<\/td><td>Shukri<\/td><td>GENEROUS<\/td><td>Team Member<\/td><\/tr><\/tbody><\/table><p><strong>FIRST AID TEAM<\/strong><\/p><table><tbody><tr><td>S.NO<\/td><td>ADI<\/td><td>SURNAME<\/td><td>DUTY<\/td><\/tr><tr><td>1<\/td><td>DAVUT<\/td><td>MILL<\/td><td>Head of Team<\/td><\/tr><tr><td>2<\/td><td>Hasan<\/td><td>WOLF<\/td><td>Deputy Team Leader.<\/td><\/tr><tr><td>3<\/td><td>Derya<\/td><td>DURSUN<\/td><td>Team Member<\/td><\/tr><tr><td>4<\/td><td>Rasim<\/td><td>DINCELIR<\/td><td>Team Member<\/td><\/tr><tr><td>5<\/td><td>Sinan<\/td><td>BAGIR<\/td><td>Team Member<\/td><\/tr><tr><td>6<\/td><td>Arzu<\/td><td>BAYAT<\/td><td>Team Member<\/td><\/tr><tr><td>7<\/td><td>A.G\u00f6ksel<\/td><td>IRON<\/td><td>Team Member<\/td><\/tr><tr><td>8<\/td><td>Shawwal<\/td><td>\u00dcST\u00dcNER<\/td><td>Team Member<\/td><\/tr><tr><td>9<\/td><td>Nihal<\/td><td>YILDIRIM<\/td><td>Team Member<\/td><\/tr><tr><td>10<\/td><td>Ahmet<\/td><td>G\u00dcRSOY<\/td><td>Team Member<\/td><\/tr><tr><td>11<\/td><td>Ozge<\/td><td>EDE<\/td><td>Team Member<\/td><\/tr><tr><td>12<\/td><td>Aysegul<\/td><td>YOUNG<\/td><td>Team Member<\/td><\/tr><tr><td>13<\/td><td>Ensari<\/td><td>SUN<\/td><td>Team Member<\/td><\/tr><tr><td>14<\/td><td>Mustafa<\/td><td>YOUNG<\/td><td>Team Member<\/td><\/tr><tr><td>15<\/td><td>Mesut<\/td><td>\u00d6KS\u00dcZ<\/td><td>Team Member<\/td><\/tr><tr><td>16<\/td><td>Nazime<\/td><td>EL\u00c7I<\/td><td>Team Member<\/td><\/tr><tr><td>17<\/td><td>Mustafa<\/td><td>ORAL<\/td><td>Team Member<\/td><\/tr><tr><td>18<\/td><td>Furkan<\/td><td>KARADAS<\/td><td>Team Member<\/td><\/tr><tr><td>19<\/td><td>Abuzer<\/td><td>ASLAN<\/td><td>Team Member<\/td><\/tr><tr><td>20<\/td><td>Abidin<\/td><td>B\u0130LG\u0130\u00c7<\/td><td>Team Member<\/td><\/tr><tr><td>21<\/td><td>Wise<\/td><td>BOZKURT<\/td><td>Team Member<\/td><\/tr><\/tbody><\/table>\t\t\t\t\t\t<\/div>\n\t\t\t\t<\/div>\n\t\t\t\t\t<\/div>\n\t\t<\/div>\n\t\t\t\t\t<\/div>\n\t\t<\/div>\n\t\t\t\t<\/div>","protected":false},"excerpt":{"rendered":"<p>\u00c7al\u0131\u015fma Saatleri Pazartesi &#8211; Cuma 08.00 \u2013 17.00 Cumartesi 8.00 \u2013 13.00 Pazar Kapal\u0131 Bilgi &amp; Randevu Telefon : 444 75 02 Mail : info@adiyamanparkhospital.com.tr Adres : Yeni Sanayi Mahallesi 2819 Sk. No:13 Merkez \/ ADIYAMAN Instagram Linkedin Link S\u00d6ND\u00dcRME EK\u0130B\u0130 S.NO ADI SOYADI G\u00d6REV\u0130 1 Abuzer YAL\u00c7IN Ekip Ba\u015fkan\u0131 2 Mehmet YILDIRIM Ekip Ba\u015fkan [&hellip;]<\/p>","protected":false},"author":1,"featured_media":0,"parent":0,"menu_order":0,"comment_status":"closed","ping_status":"closed","template":"","meta":{"_acf_changed":false,"footnotes":""},"class_list":["post-41921","page","type-page","status-publish","hentry"],"acf":[],"yoast_head":"<!-- This site is optimized with the Yoast SEO Premium plugin v20.13 (Yoast SEO v20.13) - https:\/\/yoast.com\/wordpress\/plugins\/seo\/ -->\n<title>Ad\u0131yaman Park Hospital Doktor Kadrosu | Uzman Sa\u011fl\u0131k Ekibimiz<\/title>\n<meta name=\"description\" content=\"Ad\u0131yaman Park Hospital\u2019in deneyimli doktorlar\u0131 ve sa\u011fl\u0131k ekibi hakk\u0131nda bilgi edinin. Uzman hekimlerimiz ve profesyonel sa\u011fl\u0131k \u00e7al\u0131\u015fanlar\u0131m\u0131zla kaliteli sa\u011fl\u0131k hizmeti sunuyoruz.\" \/>\n<meta name=\"robots\" content=\"index, follow, max-snippet:-1, max-image-preview:large, max-video-preview:-1\" \/>\n<link rel=\"canonical\" href=\"https:\/\/adiyamanparkhospital.com.tr\/en\/ekip-ve-ekip-uyeleri\/\" \/>\n<meta property=\"og:locale\" content=\"en_GB\" \/>\n<meta property=\"og:type\" content=\"article\" \/>\n<meta property=\"og:title\" content=\"Ekip ve Ekip \u00dcyeleri\" \/>\n<meta property=\"og:description\" content=\"Ad\u0131yaman Park Hospital\u2019in deneyimli doktorlar\u0131 ve sa\u011fl\u0131k ekibi hakk\u0131nda bilgi edinin. Uzman hekimlerimiz ve profesyonel sa\u011fl\u0131k \u00e7al\u0131\u015fanlar\u0131m\u0131zla kaliteli sa\u011fl\u0131k hizmeti sunuyoruz.\" \/>\n<meta property=\"og:url\" content=\"https:\/\/adiyamanparkhospital.com.tr\/en\/ekip-ve-ekip-uyeleri\/\" \/>\n<meta property=\"og:site_name\" content=\"Park Hospital | Ad\u0131yaman\" \/>\n<meta property=\"article:modified_time\" content=\"2025-03-18T10:09:12+00:00\" \/>\n<meta property=\"og:image\" content=\"https:\/\/adiyamanparkhospital.com.tr\/wp-content\/uploads\/2022\/03\/logo-park-hospital-400.png\" \/>\n<meta name=\"twitter:card\" content=\"summary_large_image\" \/>\n<meta name=\"twitter:label1\" content=\"Estimated reading time\" \/>\n\t<meta name=\"twitter:data1\" content=\"3 minutes\" \/>\n<script type=\"application\/ld+json\" class=\"yoast-schema-graph\">{\"@context\":\"https:\/\/schema.org\",\"@graph\":[{\"@type\":\"WebPage\",\"@id\":\"https:\/\/adiyamanparkhospital.com.tr\/ekip-ve-ekip-uyeleri\/\",\"url\":\"https:\/\/adiyamanparkhospital.com.tr\/ekip-ve-ekip-uyeleri\/\",\"name\":\"Ad\u0131yaman Park Hospital Doktor Kadrosu | Uzman Sa\u011fl\u0131k Ekibimiz\",\"isPartOf\":{\"@id\":\"https:\/\/adiyamanparkhospital.com.tr\/#website\"},\"datePublished\":\"2025-01-22T11:38:18+00:00\",\"dateModified\":\"2025-03-18T10:09:12+00:00\",\"description\":\"Ad\u0131yaman Park Hospital\u2019in deneyimli doktorlar\u0131 ve sa\u011fl\u0131k ekibi hakk\u0131nda bilgi edinin. Uzman hekimlerimiz ve profesyonel sa\u011fl\u0131k \u00e7al\u0131\u015fanlar\u0131m\u0131zla kaliteli sa\u011fl\u0131k hizmeti sunuyoruz.\",\"breadcrumb\":{\"@id\":\"https:\/\/adiyamanparkhospital.com.tr\/ekip-ve-ekip-uyeleri\/#breadcrumb\"},\"inLanguage\":\"en-GB\",\"potentialAction\":[{\"@type\":\"ReadAction\",\"target\":[\"https:\/\/adiyamanparkhospital.com.tr\/ekip-ve-ekip-uyeleri\/\"]}]},{\"@type\":\"BreadcrumbList\",\"@id\":\"https:\/\/adiyamanparkhospital.com.tr\/ekip-ve-ekip-uyeleri\/#breadcrumb\",\"itemListElement\":[{\"@type\":\"ListItem\",\"position\":1,\"name\":\"Home\",\"item\":\"https:\/\/adiyamanparkhospital.com.tr\/\"},{\"@type\":\"ListItem\",\"position\":2,\"name\":\"Ekip ve Ekip \u00dcyeleri\"}]},{\"@type\":\"WebSite\",\"@id\":\"https:\/\/adiyamanparkhospital.com.tr\/#website\",\"url\":\"https:\/\/adiyamanparkhospital.com.tr\/\",\"name\":\"Park Hospital | Ad\u0131yman\",\"description\":\"Ad\u0131yaman \u00d6zel Park Hospital | Alan\u0131nda Yetkin Doktor Kadrosu\",\"publisher\":{\"@id\":\"https:\/\/adiyamanparkhospital.com.tr\/#organization\"},\"alternateName\":\"Park Hospital\",\"potentialAction\":[{\"@type\":\"SearchAction\",\"target\":{\"@type\":\"EntryPoint\",\"urlTemplate\":\"https:\/\/adiyamanparkhospital.com.tr\/?s={search_term_string}\"},\"query-input\":\"required name=search_term_string\"}],\"inLanguage\":\"en-GB\"},{\"@type\":\"Organization\",\"@id\":\"https:\/\/adiyamanparkhospital.com.tr\/#organization\",\"name\":\"Park Hospital | Ad\u0131yman\",\"alternateName\":\"Park Hospital Ad\u0131yaman \u00d6zel Hastane\",\"url\":\"https:\/\/adiyamanparkhospital.com.tr\/\",\"logo\":{\"@type\":\"ImageObject\",\"inLanguage\":\"en-GB\",\"@id\":\"https:\/\/adiyamanparkhospital.com.tr\/#\/schema\/logo\/image\/\",\"url\":\"https:\/\/adiyamanparkhospital.com.tr\/wp-content\/uploads\/2025\/02\/cropped-LOGO300X300.png\",\"contentUrl\":\"https:\/\/adiyamanparkhospital.com.tr\/wp-content\/uploads\/2025\/02\/cropped-LOGO300X300.png\",\"width\":512,\"height\":512,\"caption\":\"Park Hospital | Ad\u0131yman\"},\"image\":{\"@id\":\"https:\/\/adiyamanparkhospital.com.tr\/#\/schema\/logo\/image\/\"},\"sameAs\":[\"https:\/\/www.instagram.com\/adiyamanparkhospital\"]}]}<\/script>\n<!-- \/ Yoast SEO Premium plugin. -->","yoast_head_json":{"title":"Ad\u0131yaman Park Hospital Doktor Kadrosu | Uzman Sa\u011fl\u0131k Ekibimiz","description":"Ad\u0131yaman Park Hospital\u2019in deneyimli doktorlar\u0131 ve sa\u011fl\u0131k ekibi hakk\u0131nda bilgi edinin. Uzman hekimlerimiz ve profesyonel sa\u011fl\u0131k \u00e7al\u0131\u015fanlar\u0131m\u0131zla kaliteli sa\u011fl\u0131k hizmeti sunuyoruz.","robots":{"index":"index","follow":"follow","max-snippet":"max-snippet:-1","max-image-preview":"max-image-preview:large","max-video-preview":"max-video-preview:-1"},"canonical":"https:\/\/adiyamanparkhospital.com.tr\/en\/ekip-ve-ekip-uyeleri\/","og_locale":"en_GB","og_type":"article","og_title":"Ekip ve Ekip \u00dcyeleri","og_description":"Ad\u0131yaman Park Hospital\u2019in deneyimli doktorlar\u0131 ve sa\u011fl\u0131k ekibi hakk\u0131nda bilgi edinin. Uzman hekimlerimiz ve profesyonel sa\u011fl\u0131k \u00e7al\u0131\u015fanlar\u0131m\u0131zla kaliteli sa\u011fl\u0131k hizmeti sunuyoruz.","og_url":"https:\/\/adiyamanparkhospital.com.tr\/en\/ekip-ve-ekip-uyeleri\/","og_site_name":"Park Hospital | Ad\u0131yaman","article_modified_time":"2025-03-18T10:09:12+00:00","og_image":[{"url":"https:\/\/adiyamanparkhospital.com.tr\/wp-content\/uploads\/2022\/03\/logo-park-hospital-400.png"}],"twitter_card":"summary_large_image","twitter_misc":{"Estimated reading time":"3 minutes"},"schema":{"@context":"https:\/\/schema.org","@graph":[{"@type":"WebPage","@id":"https:\/\/adiyamanparkhospital.com.tr\/ekip-ve-ekip-uyeleri\/","url":"https:\/\/adiyamanparkhospital.com.tr\/ekip-ve-ekip-uyeleri\/","name":"Ad\u0131yaman Park Hospital Doktor Kadrosu | Uzman Sa\u011fl\u0131k Ekibimiz","isPartOf":{"@id":"https:\/\/adiyamanparkhospital.com.tr\/#website"},"datePublished":"2025-01-22T11:38:18+00:00","dateModified":"2025-03-18T10:09:12+00:00","description":"Ad\u0131yaman Park Hospital\u2019in deneyimli doktorlar\u0131 ve sa\u011fl\u0131k ekibi hakk\u0131nda bilgi edinin. Uzman hekimlerimiz ve profesyonel sa\u011fl\u0131k \u00e7al\u0131\u015fanlar\u0131m\u0131zla kaliteli sa\u011fl\u0131k hizmeti sunuyoruz.","breadcrumb":{"@id":"https:\/\/adiyamanparkhospital.com.tr\/ekip-ve-ekip-uyeleri\/#breadcrumb"},"inLanguage":"en-GB","potentialAction":[{"@type":"ReadAction","target":["https:\/\/adiyamanparkhospital.com.tr\/ekip-ve-ekip-uyeleri\/"]}]},{"@type":"BreadcrumbList","@id":"https:\/\/adiyamanparkhospital.com.tr\/ekip-ve-ekip-uyeleri\/#breadcrumb","itemListElement":[{"@type":"ListItem","position":1,"name":"Home","item":"https:\/\/adiyamanparkhospital.com.tr\/"},{"@type":"ListItem","position":2,"name":"Ekip ve Ekip \u00dcyeleri"}]},{"@type":"WebSite","@id":"https:\/\/adiyamanparkhospital.com.tr\/#website","url":"https:\/\/adiyamanparkhospital.com.tr\/","name":"Park Hospital | Ad\u0131yman","description":"Ad\u0131yaman \u00d6zel Park Hospital | Alan\u0131nda Yetkin Doktor Kadrosu","publisher":{"@id":"https:\/\/adiyamanparkhospital.com.tr\/#organization"},"alternateName":"Park Hospital","potentialAction":[{"@type":"SearchAction","target":{"@type":"EntryPoint","urlTemplate":"https:\/\/adiyamanparkhospital.com.tr\/?s={search_term_string}"},"query-input":"required name=search_term_string"}],"inLanguage":"en-GB"},{"@type":"Organization","@id":"https:\/\/adiyamanparkhospital.com.tr\/#organization","name":"Park Hospital | Ad\u0131yman","alternateName":"Park Hospital Ad\u0131yaman \u00d6zel Hastane","url":"https:\/\/adiyamanparkhospital.com.tr\/","logo":{"@type":"ImageObject","inLanguage":"en-GB","@id":"https:\/\/adiyamanparkhospital.com.tr\/#\/schema\/logo\/image\/","url":"https:\/\/adiyamanparkhospital.com.tr\/wp-content\/uploads\/2025\/02\/cropped-LOGO300X300.png","contentUrl":"https:\/\/adiyamanparkhospital.com.tr\/wp-content\/uploads\/2025\/02\/cropped-LOGO300X300.png","width":512,"height":512,"caption":"Park Hospital | Ad\u0131yman"},"image":{"@id":"https:\/\/adiyamanparkhospital.com.tr\/#\/schema\/logo\/image\/"},"sameAs":["https:\/\/www.instagram.com\/adiyamanparkhospital"]}]}},"_links":{"self":[{"href":"https:\/\/adiyamanparkhospital.com.tr\/en\/wp-json\/wp\/v2\/pages\/41921","targetHints":{"allow":["GET"]}}],"collection":[{"href":"https:\/\/adiyamanparkhospital.com.tr\/en\/wp-json\/wp\/v2\/pages"}],"about":[{"href":"https:\/\/adiyamanparkhospital.com.tr\/en\/wp-json\/wp\/v2\/types\/page"}],"author":[{"embeddable":true,"href":"https:\/\/adiyamanparkhospital.com.tr\/en\/wp-json\/wp\/v2\/users\/1"}],"replies":[{"embeddable":true,"href":"https:\/\/adiyamanparkhospital.com.tr\/en\/wp-json\/wp\/v2\/comments?post=41921"}],"version-history":[{"count":6,"href":"https:\/\/adiyamanparkhospital.com.tr\/en\/wp-json\/wp\/v2\/pages\/41921\/revisions"}],"predecessor-version":[{"id":43009,"href":"https:\/\/adiyamanparkhospital.com.tr\/en\/wp-json\/wp\/v2\/pages\/41921\/revisions\/43009"}],"wp:attachment":[{"href":"https:\/\/adiyamanparkhospital.com.tr\/en\/wp-json\/wp\/v2\/media?parent=41921"}],"curies":[{"name":"wp","href":"https:\/\/api.w.org\/{rel}","templated":true}]}}