{"id":40917,"date":"2024-12-11T12:02:25","date_gmt":"2024-12-11T12:02:25","guid":{"rendered":"https:\/\/adiyamanparkhospital.com.tr\/?page_id=40917"},"modified":"2025-02-10T13:55:41","modified_gmt":"2025-02-10T13:55:41","slug":"bebek-dostu","status":"publish","type":"page","link":"https:\/\/adiyamanparkhospital.com.tr\/en\/bebek-dostu\/","title":{"rendered":"Baby Friendly"},"content":{"rendered":"<div data-elementor-type=\"wp-page\" data-elementor-id=\"40917\" class=\"elementor elementor-40917\" data-elementor-post-type=\"page\">\n\t\t\t\t\t\t<div class=\"elementor-section elementor-top-section elementor-element elementor-element-13f2c194 elementor-reverse-tablet elementor-reverse-mobile_extra elementor-reverse-mobile elementor-section-boxed elementor-section-height-default elementor-section-height-default\" data-id=\"13f2c194\" data-element_type=\"section\">\n\t\t\t\t\t\t<div class=\"elementor-container elementor-column-gap-default\">\n\t\t\t\t\t<div class=\"elementor-column elementor-col-50 elementor-top-column elementor-element elementor-element-2446f785 layouts-column-align-inherit layouts-section-position-none\" data-id=\"2446f785\" data-element_type=\"column\" data-settings=\"{&quot;background_background&quot;:&quot;classic&quot;}\">\n\t\t\t<div class=\"elementor-widget-wrap elementor-element-populated\">\n\t\t\t\t\t\t<section class=\"elementor-section elementor-inner-section elementor-element elementor-element-961dc6b elementor-hidden-tablet elementor-hidden-phone elementor-section-boxed elementor-section-height-default elementor-section-height-default\" data-id=\"961dc6b\" data-element_type=\"section\" data-settings=\"{&quot;background_background&quot;:&quot;classic&quot;}\">\n\t\t\t\t\t\t\t<div class=\"elementor-background-overlay\"><\/div>\n\t\t\t\t\t\t\t<div class=\"elementor-container elementor-column-gap-default\">\n\t\t\t\t\t<div class=\"elementor-column elementor-col-100 elementor-inner-column elementor-element elementor-element-00249e2 layouts-column-align-inherit layouts-section-position-none\" data-id=\"00249e2\" data-element_type=\"column\">\n\t\t\t<div class=\"elementor-widget-wrap elementor-element-populated\">\n\t\t\t\t\t\t<div class=\"hf-elementor-layout elementor-element elementor-element-731473c elementor-widget__width-auto elementor-view-default elementor-widget elementor-widget-icon\" data-id=\"731473c\" data-element_type=\"widget\" data-widget_type=\"icon.default\">\n\t\t\t\t<div class=\"elementor-widget-container\">\n\t\t\t\t\t<div class=\"elementor-icon-wrapper\">\n\t\t\t<div class=\"elementor-icon elementor-animation-pulse\">\n\t\t\t<i aria-hidden=\"true\" class=\"ion ion-ios-time-outline\"><\/i>\t\t\t<\/div>\n\t\t<\/div>\n\t\t\t\t<\/div>\n\t\t\t\t<\/div>\n\t\t\t\t<div class=\"hf-elementor-layout elementor-element elementor-element-f9f1a11 elementor-widget elementor-widget-section_title\" data-id=\"f9f1a11\" data-element_type=\"widget\" data-widget_type=\"section_title.default\">\n\t\t\t\t<div class=\"elementor-widget-container\">\n\t\t\t\t<div class=\"iq-title-box iq-title-box-1 iq-befor-line\">\n\t\t<div class=\"iq-title-icon\">\n\t\t\t\t\t<\/div>\n\t\t\n\t\t<h4 class=\"iq-title iq-heading-title\">\n\t\t\tWorking Hours\t\t<\/h4>\n\t\t\t<\/div>\n\t\t<\/div>\n\t\t\t\t<\/div>\n\t\t\t\t<div class=\"hf-elementor-layout elementor-element elementor-element-a632d25 elementor-widget elementor-widget-text-editor\" data-id=\"a632d25\" data-element_type=\"widget\" data-widget_type=\"text-editor.default\">\n\t\t\t\t<div class=\"elementor-widget-container\">\n\t\t\t\t\t\t\t<div style=\"display: flex; flex-wrap: wrap; justify-content: space-between;\">Monday - Friday\n 08.00 - 17.00 <\/div>\t\t\t\t\t\t<\/div>\n\t\t\t\t<\/div>\n\t\t\t\t<div class=\"hf-elementor-layout elementor-element elementor-element-e68c977 elementor-widget elementor-widget-text-editor\" data-id=\"e68c977\" data-element_type=\"widget\" data-widget_type=\"text-editor.default\">\n\t\t\t\t<div class=\"elementor-widget-container\">\n\t\t\t\t\t\t\t<div style=\"display: flex; flex-wrap: wrap; justify-content: space-between;\">Saturday 8.00 - 13.00 <\/div>\t\t\t\t\t\t<\/div>\n\t\t\t\t<\/div>\n\t\t\t\t<div class=\"hf-elementor-layout elementor-element elementor-element-3b7c2af elementor-widget elementor-widget-text-editor\" data-id=\"3b7c2af\" data-element_type=\"widget\" data-widget_type=\"text-editor.default\">\n\t\t\t\t<div class=\"elementor-widget-container\">\n\t\t\t\t\t\t\t<div style=\"display: flex; flex-wrap: wrap; justify-content: space-between;\">Market Closed<\/div>\t\t\t\t\t\t<\/div>\n\t\t\t\t<\/div>\n\t\t\t\t\t<\/div>\n\t\t<\/div>\n\t\t\t\t\t<\/div>\n\t\t<\/section>\n\t\t\t\t<section class=\"elementor-section elementor-inner-section elementor-element elementor-element-14252b4 elementor-hidden-tablet elementor-hidden-phone elementor-section-boxed elementor-section-height-default elementor-section-height-default\" data-id=\"14252b4\" data-element_type=\"section\" data-settings=\"{&quot;background_background&quot;:&quot;classic&quot;}\">\n\t\t\t\t\t\t\t<div class=\"elementor-background-overlay\"><\/div>\n\t\t\t\t\t\t\t<div class=\"elementor-container elementor-column-gap-default\">\n\t\t\t\t\t<div class=\"elementor-column elementor-col-100 elementor-inner-column elementor-element elementor-element-0df2726 layouts-column-align-inherit layouts-section-position-none\" data-id=\"0df2726\" data-element_type=\"column\">\n\t\t\t<div class=\"elementor-widget-wrap elementor-element-populated\">\n\t\t\t\t\t\t<div class=\"hf-elementor-layout elementor-element elementor-element-c4c751b elementor-widget elementor-widget-image\" data-id=\"c4c751b\" data-element_type=\"widget\" data-widget_type=\"image.default\">\n\t\t\t\t<div class=\"elementor-widget-container\">\n\t\t\t\t\t\t\t\t\t\t\t\t\t<img decoding=\"async\" width=\"400\" height=\"96\" src=\"https:\/\/adiyamanparkhospital.com.tr\/wp-content\/uploads\/2022\/03\/logo-park-hospital-400.png\" class=\"attachment-large size-large wp-image-39392\" alt=\"\" srcset=\"https:\/\/adiyamanparkhospital.com.tr\/wp-content\/uploads\/2022\/03\/logo-park-hospital-400.png 400w, https:\/\/adiyamanparkhospital.com.tr\/wp-content\/uploads\/2022\/03\/logo-park-hospital-400-300x72.png 300w\" sizes=\"(min-width: 960px) 75vw, 100vw\" \/>\t\t\t\t\t\t\t\t\t\t\t\t\t<\/div>\n\t\t\t\t<\/div>\n\t\t\t\t<div class=\"hf-elementor-layout elementor-element elementor-element-01798b9 elementor-widget-laptop__width-initial elementor-widget elementor-widget-section_title\" data-id=\"01798b9\" data-element_type=\"widget\" data-widget_type=\"section_title.default\">\n\t\t\t\t<div class=\"elementor-widget-container\">\n\t\t\t\t<div class=\"iq-title-box iq-title-box-1 iq-befor-line\">\n\t\t<div class=\"iq-title-icon\">\n\t\t\t\t\t<\/div>\n\t\t\n\t\t<h4 class=\"iq-title iq-heading-title\">\n\t\t\tInformation &amp; Appointment\t\t<\/h4>\n\t\t<p class=\"iq-title-desc\"><b>Telephone <\/b> : 444 75 02<br>\n<b>Mail<\/b> : info@adiyamanparkhospital.com.tr<br>\n<b>Address <\/b>: Yeni Sanayi Mahallesi 2819 Sk. No:13 Merkez \/ ADIYAMAN<\/p>\t<\/div>\n\t\t<\/div>\n\t\t\t\t<\/div>\n\t\t\t\t<div class=\"hf-elementor-layout elementor-element elementor-element-fa6afc7 elementor-shape-square elementor-widget__width-auto elementor-grid-0 elementor-widget elementor-widget-social-icons\" data-id=\"fa6afc7\" data-element_type=\"widget\" data-widget_type=\"social-icons.default\">\n\t\t\t\t<div class=\"elementor-widget-container\">\n\t\t\t\t\t<div class=\"elementor-social-icons-wrapper elementor-grid\">\n\t\t\t\t\t\t\t<span class=\"elementor-grid-item\">\n\t\t\t\t\t<a class=\"elementor-icon elementor-social-icon elementor-social-icon-instagram elementor-repeater-item-6aced08\" href=\"https:\/\/www.instagram.com\/adiyamanparkhospital\/\" target=\"_blank\">\n\t\t\t\t\t\t<span class=\"elementor-screen-only\">Instagram<\/span>\n\t\t\t\t\t\t<i class=\"fab fa-instagram\"><\/i>\t\t\t\t\t<\/a>\n\t\t\t\t<\/span>\n\t\t\t\t\t\t\t<span class=\"elementor-grid-item\">\n\t\t\t\t\t<a class=\"elementor-icon elementor-social-icon elementor-social-icon-linkedin elementor-repeater-item-35dcbbf\" href=\"https:\/\/www.linkedin.com\/company\/adiyaman-park-hospital\" target=\"_blank\">\n\t\t\t\t\t\t<span class=\"elementor-screen-only\">Linkedin<\/span>\n\t\t\t\t\t\t<i class=\"fab fa-linkedin\"><\/i>\t\t\t\t\t<\/a>\n\t\t\t\t<\/span>\n\t\t\t\t\t\t\t<span class=\"elementor-grid-item\">\n\t\t\t\t\t<a class=\"elementor-icon elementor-social-icon elementor-social-icon-link elementor-repeater-item-3e7730a\" href=\"https:\/\/link.gen.tr\/ph\" target=\"_blank\">\n\t\t\t\t\t\t<span class=\"elementor-screen-only\">Link<\/span>\n\t\t\t\t\t\t<i class=\"fas fa-link\"><\/i>\t\t\t\t\t<\/a>\n\t\t\t\t<\/span>\n\t\t\t\t\t<\/div>\n\t\t\t\t<\/div>\n\t\t\t\t<\/div>\n\t\t\t\t\t<\/div>\n\t\t<\/div>\n\t\t\t\t\t<\/div>\n\t\t<\/section>\n\t\t\t\t\t<\/div>\n\t\t<\/div>\n\t\t\t\t<div class=\"elementor-column elementor-col-50 elementor-top-column elementor-element elementor-element-76d2243c layouts-column-align-inherit layouts-section-position-none\" data-id=\"76d2243c\" data-element_type=\"column\">\n\t\t\t<div class=\"elementor-widget-wrap elementor-element-populated\">\n\t\t\t\t\t\t<div class=\"hf-elementor-layout elementor-element elementor-element-62561cb5 elementor-widget elementor-widget-image\" data-id=\"62561cb5\" data-element_type=\"widget\" data-widget_type=\"image.default\">\n\t\t\t\t<div class=\"elementor-widget-container\">\n\t\t\t\t\t\t\t\t\t\t\t\t\t<img decoding=\"async\" src=\"https:\/\/adiyamanparkhospital.com.tr\/wp-content\/uploads\/2024\/12\/bebek-doatu.jpg\" title=\"baby-doatu\" alt=\"bebek-doatu\" loading=\"lazy\" \/>\t\t\t\t\t\t\t\t\t\t\t\t\t<\/div>\n\t\t\t\t<\/div>\n\t\t\t\t<div class=\"hf-elementor-layout elementor-element elementor-element-bfd441a elementor-widget-laptop__width-initial elementor-widget elementor-widget-heading\" data-id=\"bfd441a\" data-element_type=\"widget\" data-widget_type=\"heading.default\">\n\t\t\t\t<div class=\"elementor-widget-container\">\n\t\t\t<h2 class=\"elementor-heading-title elementor-size-default\">Our Organisation Policy<\/h2>\t\t<\/div>\n\t\t\t\t<\/div>\n\t\t\t\t<div class=\"hf-elementor-layout elementor-element elementor-element-9f53533 elementor-widget elementor-widget-text-editor\" data-id=\"9f53533\" data-element_type=\"widget\" data-widget_type=\"text-editor.default\">\n\t\t\t\t<div class=\"elementor-widget-container\">\n\t\t\t\t\t\t\t<p>In our hospital, in-service trainings on successful breastfeeding and the importance of breast milk are regularly given to all our staff, and these trainings are carried out both theoretically and practically. The trainings aim to increase the knowledge and skills of the staff and are under constant supervision.<\/p><p>Before the birth, expectant mothers are told about the importance of breast milk and successful breastfeeding techniques. Within the first half hour after birth, professional support is provided to the mother and breastfeeding is encouraged. Working mothers and mothers with nipple problems are given detailed information about expressing and storing breast milk.<\/p><p>In order to help strengthen the emotional bond between mother and baby, it is ensured that the baby is not given any food or drink other than breast milk. In line with the training received by the mother, the continuity of breastfeeding is ensured during her stay in the hospital. In addition, breastfeeding mothers are guided about their own nutrition and are encouraged to breastfeed whenever the baby asks for it.<\/p><p>Mothers are informed that the use of pacifiers and bottle feeding is wrong, and it is emphasised that breastfeeding is the only form of nutrition for six months and that the transition to additional foods should be made after the sixth month. Mothers are also informed that breastfeeding should continue until the age of two and beyond.<\/p><p>In the first 10-15 days after birth, mothers and babies are visited at home or interviewed by phone, and the adequacy of the training provided is assessed. Information is also provided about health institutions that can help mothers and babies with their health problems. In our institution, the international formula code is adopted and applied in all health services.<\/p><h2><span style=\"color: var( --e-global-color-text ); font-family: var( --e-global-typography-text-font-family ), Sans-serif; font-weight: var( --e-global-typography-text-font-weight ); font-size: var(--font-size-body);\">Breastfeeding Policy<\/span><\/h2><p>In our hospital, a written breastfeeding policy has been established for all health personnel who directly encounter pregnant women, puerperium and infants. In line with this policy, regular training programmes are carried out to provide all staff with the necessary knowledge and skills about breastfeeding and breast milk.<\/p><p>In our hospital, all pregnant women receiving services are given comprehensive information about the benefits of breast milk, breastfeeding techniques and practices. Except for medical necessities, it is recommended that babies aged 0-6 months be exclusively breastfed. After the sixth month, breastfeeding supported by appropriate supplementary foods is encouraged until the age of two and beyond.<\/p><p>Mothers are provided with professional training and support in initiating breastfeeding within the first half hour after birth. Mothers are provided with the necessary facilities in specially designed breastfeeding rooms so that they can breastfeed comfortably.<\/p><p>The use of breast milk substitute brands and the distribution of posters, brochures or gifts promoting such products are prohibited in our hospital. In addition, mothers who give birth are given practical training on how to breastfeed their babies and mothers who will be separated from their babies are guided on how to continue the breastfeeding process.<\/p><p>Mothers are given detailed information about the conditions for expressing and storing breast milk, and special care is taken to ensure that mother and baby stay together after birth and that visual and physical contact is not interrupted.<\/p><p>The use of bottles and pacifiers is prohibited in our hospital and mothers and family members are educated on this issue. Mothers are also supported to cope with any difficulties they encounter in breastfeeding after discharge.<\/p><p>In order to promote breastfeeding, mothers are reminded that they should breastfeed whenever they want to and are encouraged to breastfeed frequently and without time constraints.<\/p><p>Our institution adopts the policies of \"Baby Friendly Hospital and Good Breastfeeding Practices\" and meticulously fulfils these practices for the healthy growth of every newborn baby.<\/p>\t\t\t\t\t\t<\/div>\n\t\t\t\t<\/div>\n\t\t\t\t\t<\/div>\n\t\t<\/div>\n\t\t\t\t\t<\/div>\n\t\t<\/div>\n\t\t\t\t<\/div>","protected":false},"excerpt":{"rendered":"<p>\u00c7al\u0131\u015fma Saatleri Pazartesi &#8211; Cuma 08.00 \u2013 17.00 Cumartesi 8.00 \u2013 13.00 Pazar Kapal\u0131 Bilgi &amp; Randevu Telefon : 444 75 02 Mail : info@adiyamanparkhospital.com.tr Adres : Yeni Sanayi Mahallesi 2819 Sk. No:13 Merkez \/ ADIYAMAN Instagram Linkedin Link Kurum Politikam\u0131z Hastanemizde, ba\u015far\u0131l\u0131 emzirme ve anne s\u00fct\u00fcn\u00fcn \u00f6nemine dair t\u00fcm personelimize d\u00fczenli olarak hizmet i\u00e7i [&hellip;]<\/p>","protected":false},"author":1,"featured_media":0,"parent":0,"menu_order":0,"comment_status":"closed","ping_status":"closed","template":"","meta":{"_acf_changed":false,"footnotes":""},"class_list":["post-40917","page","type-page","status-publish","hentry"],"acf":[],"yoast_head":"<!-- This site is optimized with the Yoast SEO Premium plugin v20.13 (Yoast SEO v20.13) - https:\/\/yoast.com\/wordpress\/plugins\/seo\/ -->\n<title>Bebek Dostu Hastane: Anne ve Bebe\u011fe \u00d6zel Sa\u011fl\u0131k Hizmetleri<\/title>\n<meta name=\"description\" content=\"Ad\u0131yaman Park Hospital, anne ve bebe\u011fin sa\u011fl\u0131\u011f\u0131n\u0131 \u00f6n planda tutan bebek dostu hastane olarak emzirme dan\u0131\u015fmanl\u0131\u011f\u0131, yenido\u011fan bak\u0131m\u0131 ve do\u011fum sonras\u0131 destek hizmetleri sunmaktad\u0131r. Sa\u011fl\u0131kl\u0131 bir ba\u015flang\u0131\u00e7 i\u00e7in bizimle ileti\u015fime ge\u00e7in.\" \/>\n<meta name=\"robots\" content=\"index, follow, max-snippet:-1, max-image-preview:large, max-video-preview:-1\" \/>\n<link rel=\"canonical\" href=\"https:\/\/adiyamanparkhospital.com.tr\/en\/bebek-dostu\/\" \/>\n<meta property=\"og:locale\" content=\"en_GB\" \/>\n<meta property=\"og:type\" content=\"article\" \/>\n<meta property=\"og:title\" content=\"Bebek Dostu\" \/>\n<meta property=\"og:description\" content=\"Ad\u0131yaman Park Hospital, anne ve bebe\u011fin sa\u011fl\u0131\u011f\u0131n\u0131 \u00f6n planda tutan bebek dostu hastane olarak emzirme dan\u0131\u015fmanl\u0131\u011f\u0131, yenido\u011fan bak\u0131m\u0131 ve do\u011fum sonras\u0131 destek hizmetleri sunmaktad\u0131r. Sa\u011fl\u0131kl\u0131 bir ba\u015flang\u0131\u00e7 i\u00e7in bizimle ileti\u015fime ge\u00e7in.\" \/>\n<meta property=\"og:url\" content=\"https:\/\/adiyamanparkhospital.com.tr\/en\/bebek-dostu\/\" \/>\n<meta property=\"og:site_name\" content=\"Park Hospital | Ad\u0131yaman\" \/>\n<meta property=\"article:modified_time\" content=\"2025-02-10T13:55:41+00:00\" \/>\n<meta property=\"og:image\" content=\"https:\/\/adiyamanparkhospital.com.tr\/wp-content\/uploads\/2022\/03\/logo-park-hospital-400.png\" \/>\n<meta name=\"twitter:card\" content=\"summary_large_image\" \/>\n<meta name=\"twitter:label1\" content=\"Estimated reading time\" \/>\n\t<meta name=\"twitter:data1\" content=\"4 minutes\" \/>\n<script type=\"application\/ld+json\" class=\"yoast-schema-graph\">{\"@context\":\"https:\/\/schema.org\",\"@graph\":[{\"@type\":\"WebPage\",\"@id\":\"https:\/\/adiyamanparkhospital.com.tr\/bebek-dostu\/\",\"url\":\"https:\/\/adiyamanparkhospital.com.tr\/bebek-dostu\/\",\"name\":\"Bebek Dostu Hastane: Anne ve Bebe\u011fe \u00d6zel Sa\u011fl\u0131k Hizmetleri\",\"isPartOf\":{\"@id\":\"https:\/\/adiyamanparkhospital.com.tr\/#website\"},\"datePublished\":\"2024-12-11T12:02:25+00:00\",\"dateModified\":\"2025-02-10T13:55:41+00:00\",\"description\":\"Ad\u0131yaman Park Hospital, anne ve bebe\u011fin sa\u011fl\u0131\u011f\u0131n\u0131 \u00f6n planda tutan bebek dostu hastane olarak emzirme dan\u0131\u015fmanl\u0131\u011f\u0131, yenido\u011fan bak\u0131m\u0131 ve do\u011fum sonras\u0131 destek hizmetleri sunmaktad\u0131r. Sa\u011fl\u0131kl\u0131 bir ba\u015flang\u0131\u00e7 i\u00e7in bizimle ileti\u015fime ge\u00e7in.\",\"breadcrumb\":{\"@id\":\"https:\/\/adiyamanparkhospital.com.tr\/bebek-dostu\/#breadcrumb\"},\"inLanguage\":\"en-GB\",\"potentialAction\":[{\"@type\":\"ReadAction\",\"target\":[\"https:\/\/adiyamanparkhospital.com.tr\/bebek-dostu\/\"]}]},{\"@type\":\"BreadcrumbList\",\"@id\":\"https:\/\/adiyamanparkhospital.com.tr\/bebek-dostu\/#breadcrumb\",\"itemListElement\":[{\"@type\":\"ListItem\",\"position\":1,\"name\":\"Home\",\"item\":\"https:\/\/adiyamanparkhospital.com.tr\/\"},{\"@type\":\"ListItem\",\"position\":2,\"name\":\"Bebek Dostu\"}]},{\"@type\":\"WebSite\",\"@id\":\"https:\/\/adiyamanparkhospital.com.tr\/#website\",\"url\":\"https:\/\/adiyamanparkhospital.com.tr\/\",\"name\":\"Park Hospital | Ad\u0131yman\",\"description\":\"Ad\u0131yaman \u00d6zel Park Hospital | Alan\u0131nda Yetkin Doktor Kadrosu\",\"publisher\":{\"@id\":\"https:\/\/adiyamanparkhospital.com.tr\/#organization\"},\"alternateName\":\"Park Hospital\",\"potentialAction\":[{\"@type\":\"SearchAction\",\"target\":{\"@type\":\"EntryPoint\",\"urlTemplate\":\"https:\/\/adiyamanparkhospital.com.tr\/?s={search_term_string}\"},\"query-input\":\"required name=search_term_string\"}],\"inLanguage\":\"en-GB\"},{\"@type\":\"Organization\",\"@id\":\"https:\/\/adiyamanparkhospital.com.tr\/#organization\",\"name\":\"Park Hospital | Ad\u0131yman\",\"alternateName\":\"Park Hospital Ad\u0131yaman \u00d6zel Hastane\",\"url\":\"https:\/\/adiyamanparkhospital.com.tr\/\",\"logo\":{\"@type\":\"ImageObject\",\"inLanguage\":\"en-GB\",\"@id\":\"https:\/\/adiyamanparkhospital.com.tr\/#\/schema\/logo\/image\/\",\"url\":\"https:\/\/adiyamanparkhospital.com.tr\/wp-content\/uploads\/2025\/02\/cropped-LOGO300X300.png\",\"contentUrl\":\"https:\/\/adiyamanparkhospital.com.tr\/wp-content\/uploads\/2025\/02\/cropped-LOGO300X300.png\",\"width\":512,\"height\":512,\"caption\":\"Park Hospital | Ad\u0131yman\"},\"image\":{\"@id\":\"https:\/\/adiyamanparkhospital.com.tr\/#\/schema\/logo\/image\/\"},\"sameAs\":[\"https:\/\/www.instagram.com\/adiyamanparkhospital\"]}]}<\/script>\n<!-- \/ Yoast SEO Premium plugin. -->","yoast_head_json":{"title":"Bebek Dostu Hastane: Anne ve Bebe\u011fe \u00d6zel Sa\u011fl\u0131k Hizmetleri","description":"Ad\u0131yaman Park Hospital, anne ve bebe\u011fin sa\u011fl\u0131\u011f\u0131n\u0131 \u00f6n planda tutan bebek dostu hastane olarak emzirme dan\u0131\u015fmanl\u0131\u011f\u0131, yenido\u011fan bak\u0131m\u0131 ve do\u011fum sonras\u0131 destek hizmetleri sunmaktad\u0131r. Sa\u011fl\u0131kl\u0131 bir ba\u015flang\u0131\u00e7 i\u00e7in bizimle ileti\u015fime ge\u00e7in.","robots":{"index":"index","follow":"follow","max-snippet":"max-snippet:-1","max-image-preview":"max-image-preview:large","max-video-preview":"max-video-preview:-1"},"canonical":"https:\/\/adiyamanparkhospital.com.tr\/en\/bebek-dostu\/","og_locale":"en_GB","og_type":"article","og_title":"Bebek Dostu","og_description":"Ad\u0131yaman Park Hospital, anne ve bebe\u011fin sa\u011fl\u0131\u011f\u0131n\u0131 \u00f6n planda tutan bebek dostu hastane olarak emzirme dan\u0131\u015fmanl\u0131\u011f\u0131, yenido\u011fan bak\u0131m\u0131 ve do\u011fum sonras\u0131 destek hizmetleri sunmaktad\u0131r. Sa\u011fl\u0131kl\u0131 bir ba\u015flang\u0131\u00e7 i\u00e7in bizimle ileti\u015fime ge\u00e7in.","og_url":"https:\/\/adiyamanparkhospital.com.tr\/en\/bebek-dostu\/","og_site_name":"Park Hospital | Ad\u0131yaman","article_modified_time":"2025-02-10T13:55:41+00:00","og_image":[{"url":"https:\/\/adiyamanparkhospital.com.tr\/wp-content\/uploads\/2022\/03\/logo-park-hospital-400.png"}],"twitter_card":"summary_large_image","twitter_misc":{"Estimated reading time":"4 minutes"},"schema":{"@context":"https:\/\/schema.org","@graph":[{"@type":"WebPage","@id":"https:\/\/adiyamanparkhospital.com.tr\/bebek-dostu\/","url":"https:\/\/adiyamanparkhospital.com.tr\/bebek-dostu\/","name":"Bebek Dostu Hastane: Anne ve Bebe\u011fe \u00d6zel Sa\u011fl\u0131k Hizmetleri","isPartOf":{"@id":"https:\/\/adiyamanparkhospital.com.tr\/#website"},"datePublished":"2024-12-11T12:02:25+00:00","dateModified":"2025-02-10T13:55:41+00:00","description":"Ad\u0131yaman Park Hospital, anne ve bebe\u011fin sa\u011fl\u0131\u011f\u0131n\u0131 \u00f6n planda tutan bebek dostu hastane olarak emzirme dan\u0131\u015fmanl\u0131\u011f\u0131, yenido\u011fan bak\u0131m\u0131 ve do\u011fum sonras\u0131 destek hizmetleri sunmaktad\u0131r. Sa\u011fl\u0131kl\u0131 bir ba\u015flang\u0131\u00e7 i\u00e7in bizimle ileti\u015fime ge\u00e7in.","breadcrumb":{"@id":"https:\/\/adiyamanparkhospital.com.tr\/bebek-dostu\/#breadcrumb"},"inLanguage":"en-GB","potentialAction":[{"@type":"ReadAction","target":["https:\/\/adiyamanparkhospital.com.tr\/bebek-dostu\/"]}]},{"@type":"BreadcrumbList","@id":"https:\/\/adiyamanparkhospital.com.tr\/bebek-dostu\/#breadcrumb","itemListElement":[{"@type":"ListItem","position":1,"name":"Home","item":"https:\/\/adiyamanparkhospital.com.tr\/"},{"@type":"ListItem","position":2,"name":"Bebek Dostu"}]},{"@type":"WebSite","@id":"https:\/\/adiyamanparkhospital.com.tr\/#website","url":"https:\/\/adiyamanparkhospital.com.tr\/","name":"Park Hospital | Ad\u0131yman","description":"Ad\u0131yaman \u00d6zel Park Hospital | Alan\u0131nda Yetkin Doktor Kadrosu","publisher":{"@id":"https:\/\/adiyamanparkhospital.com.tr\/#organization"},"alternateName":"Park Hospital","potentialAction":[{"@type":"SearchAction","target":{"@type":"EntryPoint","urlTemplate":"https:\/\/adiyamanparkhospital.com.tr\/?s={search_term_string}"},"query-input":"required name=search_term_string"}],"inLanguage":"en-GB"},{"@type":"Organization","@id":"https:\/\/adiyamanparkhospital.com.tr\/#organization","name":"Park Hospital | Ad\u0131yman","alternateName":"Park Hospital Ad\u0131yaman \u00d6zel Hastane","url":"https:\/\/adiyamanparkhospital.com.tr\/","logo":{"@type":"ImageObject","inLanguage":"en-GB","@id":"https:\/\/adiyamanparkhospital.com.tr\/#\/schema\/logo\/image\/","url":"https:\/\/adiyamanparkhospital.com.tr\/wp-content\/uploads\/2025\/02\/cropped-LOGO300X300.png","contentUrl":"https:\/\/adiyamanparkhospital.com.tr\/wp-content\/uploads\/2025\/02\/cropped-LOGO300X300.png","width":512,"height":512,"caption":"Park Hospital | Ad\u0131yman"},"image":{"@id":"https:\/\/adiyamanparkhospital.com.tr\/#\/schema\/logo\/image\/"},"sameAs":["https:\/\/www.instagram.com\/adiyamanparkhospital"]}]}},"_links":{"self":[{"href":"https:\/\/adiyamanparkhospital.com.tr\/en\/wp-json\/wp\/v2\/pages\/40917","targetHints":{"allow":["GET"]}}],"collection":[{"href":"https:\/\/adiyamanparkhospital.com.tr\/en\/wp-json\/wp\/v2\/pages"}],"about":[{"href":"https:\/\/adiyamanparkhospital.com.tr\/en\/wp-json\/wp\/v2\/types\/page"}],"author":[{"embeddable":true,"href":"https:\/\/adiyamanparkhospital.com.tr\/en\/wp-json\/wp\/v2\/users\/1"}],"replies":[{"embeddable":true,"href":"https:\/\/adiyamanparkhospital.com.tr\/en\/wp-json\/wp\/v2\/comments?post=40917"}],"version-history":[{"count":0,"href":"https:\/\/adiyamanparkhospital.com.tr\/en\/wp-json\/wp\/v2\/pages\/40917\/revisions"}],"wp:attachment":[{"href":"https:\/\/adiyamanparkhospital.com.tr\/en\/wp-json\/wp\/v2\/media?parent=40917"}],"curies":[{"name":"wp","href":"https:\/\/api.w.org\/{rel}","templated":true}]}}