{"id":40910,"date":"2024-12-11T11:50:07","date_gmt":"2024-12-11T11:50:07","guid":{"rendered":"https:\/\/adiyamanparkhospital.com.tr\/?page_id=40910"},"modified":"2025-02-10T12:35:38","modified_gmt":"2025-02-10T12:35:38","slug":"organizasyon-semamiz-2","status":"publish","type":"page","link":"https:\/\/adiyamanparkhospital.com.tr\/en\/organizasyon-semamiz-2\/","title":{"rendered":"Organisation Chart"},"content":{"rendered":"<div data-elementor-type=\"wp-page\" data-elementor-id=\"40910\" class=\"elementor elementor-40910\" data-elementor-post-type=\"page\">\n\t\t\t\t\t\t<div class=\"elementor-section elementor-top-section elementor-element elementor-element-13f2c194 elementor-reverse-tablet elementor-reverse-mobile_extra elementor-reverse-mobile elementor-section-boxed elementor-section-height-default elementor-section-height-default\" data-id=\"13f2c194\" data-element_type=\"section\">\n\t\t\t\t\t\t<div class=\"elementor-container elementor-column-gap-default\">\n\t\t\t\t\t<div class=\"elementor-column elementor-col-100 elementor-top-column elementor-element elementor-element-76d2243c layouts-column-align-inherit layouts-section-position-none\" data-id=\"76d2243c\" data-element_type=\"column\">\n\t\t\t<div class=\"elementor-widget-wrap elementor-element-populated\">\n\t\t\t\t\t\t<div class=\"hf-elementor-layout elementor-element elementor-element-0662388 elementor-widget-laptop__width-initial elementor-widget elementor-widget-heading\" data-id=\"0662388\" data-element_type=\"widget\" data-widget_type=\"heading.default\">\n\t\t\t\t<div class=\"elementor-widget-container\">\n\t\t\t<h2 class=\"elementor-heading-title elementor-size-default\">Organisation Chart<\/h2>\t\t<\/div>\n\t\t\t\t<\/div>\n\t\t\t\t<div class=\"hf-elementor-layout elementor-element elementor-element-62561cb5 elementor-widget elementor-widget-image\" data-id=\"62561cb5\" data-element_type=\"widget\" data-widget_type=\"image.default\">\n\t\t\t\t<div class=\"elementor-widget-container\">\n\t\t\t\t\t\t\t\t\t\t\t\t\t<img decoding=\"async\" src=\"https:\/\/adiyamanparkhospital.com.tr\/wp-content\/uploads\/2024\/12\/Organizasyon-semamiz.png\" title=\"Our organisation-chart\" alt=\"Organizasyon-\u015femam\u0131z\" loading=\"lazy\" \/>\t\t\t\t\t\t\t\t\t\t\t\t\t<\/div>\n\t\t\t\t<\/div>\n\t\t\t\t\t<\/div>\n\t\t<\/div>\n\t\t\t\t\t<\/div>\n\t\t<\/div>\n\t\t\t\t<\/div>","protected":false},"excerpt":{"rendered":"<p>Organisation Chart<\/p>","protected":false},"author":1,"featured_media":0,"parent":0,"menu_order":0,"comment_status":"closed","ping_status":"closed","template":"","meta":{"_acf_changed":false,"footnotes":""},"class_list":["post-40910","page","type-page","status-publish","hentry"],"acf":[],"yoast_head":"<!-- This site is optimized with the Yoast SEO Premium plugin v20.13 (Yoast SEO v20.13) - https:\/\/yoast.com\/wordpress\/plugins\/seo\/ -->\n<title>Organizasyon \u015eemam\u0131z | Ad\u0131yaman Park Hospital Y\u00f6netim Yap\u0131s\u0131<\/title>\n<meta name=\"description\" content=\"Ad\u0131yaman Park Hospital organizasyon \u015femam\u0131z\u0131 inceleyerek y\u00f6netim yap\u0131m\u0131z hakk\u0131nda detayl\u0131 bilgi edinin. Sa\u011fl\u0131k hizmetlerimizi etkin ve verimli sunan ekibimizi ke\u015ffedin.\" \/>\n<meta name=\"robots\" content=\"index, follow, max-snippet:-1, max-image-preview:large, max-video-preview:-1\" \/>\n<link rel=\"canonical\" href=\"https:\/\/adiyamanparkhospital.com.tr\/en\/organizasyon-semamiz-2\/\" \/>\n<meta property=\"og:locale\" content=\"en_GB\" \/>\n<meta property=\"og:type\" content=\"article\" \/>\n<meta property=\"og:title\" content=\"Organizasyon \u015eemam\u0131z\" \/>\n<meta property=\"og:description\" content=\"Ad\u0131yaman Park Hospital organizasyon \u015femam\u0131z\u0131 inceleyerek y\u00f6netim yap\u0131m\u0131z hakk\u0131nda detayl\u0131 bilgi edinin. Sa\u011fl\u0131k hizmetlerimizi etkin ve verimli sunan ekibimizi ke\u015ffedin.\" \/>\n<meta property=\"og:url\" content=\"https:\/\/adiyamanparkhospital.com.tr\/en\/organizasyon-semamiz-2\/\" \/>\n<meta property=\"og:site_name\" content=\"Park Hospital | Ad\u0131yaman\" \/>\n<meta property=\"article:modified_time\" content=\"2025-02-10T12:35:38+00:00\" \/>\n<meta property=\"og:image\" content=\"https:\/\/adiyamanparkhospital.com.tr\/wp-content\/uploads\/2024\/12\/Organizasyon-semamiz.png\" \/>\n<meta name=\"twitter:card\" content=\"summary_large_image\" \/>\n<meta name=\"twitter:label1\" content=\"Estimated reading time\" \/>\n\t<meta name=\"twitter:data1\" content=\"1 minute\" \/>\n<script type=\"application\/ld+json\" class=\"yoast-schema-graph\">{\"@context\":\"https:\/\/schema.org\",\"@graph\":[{\"@type\":\"WebPage\",\"@id\":\"https:\/\/adiyamanparkhospital.com.tr\/organizasyon-semamiz-2\/\",\"url\":\"https:\/\/adiyamanparkhospital.com.tr\/organizasyon-semamiz-2\/\",\"name\":\"Organizasyon \u015eemam\u0131z | Ad\u0131yaman Park Hospital Y\u00f6netim Yap\u0131s\u0131\",\"isPartOf\":{\"@id\":\"https:\/\/adiyamanparkhospital.com.tr\/#website\"},\"datePublished\":\"2024-12-11T11:50:07+00:00\",\"dateModified\":\"2025-02-10T12:35:38+00:00\",\"description\":\"Ad\u0131yaman Park Hospital organizasyon \u015femam\u0131z\u0131 inceleyerek y\u00f6netim yap\u0131m\u0131z hakk\u0131nda detayl\u0131 bilgi edinin. Sa\u011fl\u0131k hizmetlerimizi etkin ve verimli sunan ekibimizi ke\u015ffedin.\",\"breadcrumb\":{\"@id\":\"https:\/\/adiyamanparkhospital.com.tr\/organizasyon-semamiz-2\/#breadcrumb\"},\"inLanguage\":\"en-GB\",\"potentialAction\":[{\"@type\":\"ReadAction\",\"target\":[\"https:\/\/adiyamanparkhospital.com.tr\/organizasyon-semamiz-2\/\"]}]},{\"@type\":\"BreadcrumbList\",\"@id\":\"https:\/\/adiyamanparkhospital.com.tr\/organizasyon-semamiz-2\/#breadcrumb\",\"itemListElement\":[{\"@type\":\"ListItem\",\"position\":1,\"name\":\"Home\",\"item\":\"https:\/\/adiyamanparkhospital.com.tr\/\"},{\"@type\":\"ListItem\",\"position\":2,\"name\":\"Organizasyon \u015eemam\u0131z\"}]},{\"@type\":\"WebSite\",\"@id\":\"https:\/\/adiyamanparkhospital.com.tr\/#website\",\"url\":\"https:\/\/adiyamanparkhospital.com.tr\/\",\"name\":\"Park Hospital | Ad\u0131yman\",\"description\":\"Ad\u0131yaman \u00d6zel Park Hospital | Alan\u0131nda Yetkin Doktor Kadrosu\",\"publisher\":{\"@id\":\"https:\/\/adiyamanparkhospital.com.tr\/#organization\"},\"alternateName\":\"Park Hospital\",\"potentialAction\":[{\"@type\":\"SearchAction\",\"target\":{\"@type\":\"EntryPoint\",\"urlTemplate\":\"https:\/\/adiyamanparkhospital.com.tr\/?s={search_term_string}\"},\"query-input\":\"required name=search_term_string\"}],\"inLanguage\":\"en-GB\"},{\"@type\":\"Organization\",\"@id\":\"https:\/\/adiyamanparkhospital.com.tr\/#organization\",\"name\":\"Park Hospital | Ad\u0131yman\",\"alternateName\":\"Park Hospital Ad\u0131yaman \u00d6zel Hastane\",\"url\":\"https:\/\/adiyamanparkhospital.com.tr\/\",\"logo\":{\"@type\":\"ImageObject\",\"inLanguage\":\"en-GB\",\"@id\":\"https:\/\/adiyamanparkhospital.com.tr\/#\/schema\/logo\/image\/\",\"url\":\"https:\/\/adiyamanparkhospital.com.tr\/wp-content\/uploads\/2025\/02\/cropped-LOGO300X300.png\",\"contentUrl\":\"https:\/\/adiyamanparkhospital.com.tr\/wp-content\/uploads\/2025\/02\/cropped-LOGO300X300.png\",\"width\":512,\"height\":512,\"caption\":\"Park Hospital | Ad\u0131yman\"},\"image\":{\"@id\":\"https:\/\/adiyamanparkhospital.com.tr\/#\/schema\/logo\/image\/\"},\"sameAs\":[\"https:\/\/www.instagram.com\/adiyamanparkhospital\"]}]}<\/script>\n<!-- \/ Yoast SEO Premium plugin. -->","yoast_head_json":{"title":"Organizasyon \u015eemam\u0131z | Ad\u0131yaman Park Hospital Y\u00f6netim Yap\u0131s\u0131","description":"Ad\u0131yaman Park Hospital organizasyon \u015femam\u0131z\u0131 inceleyerek y\u00f6netim yap\u0131m\u0131z hakk\u0131nda detayl\u0131 bilgi edinin. Sa\u011fl\u0131k hizmetlerimizi etkin ve verimli sunan ekibimizi ke\u015ffedin.","robots":{"index":"index","follow":"follow","max-snippet":"max-snippet:-1","max-image-preview":"max-image-preview:large","max-video-preview":"max-video-preview:-1"},"canonical":"https:\/\/adiyamanparkhospital.com.tr\/en\/organizasyon-semamiz-2\/","og_locale":"en_GB","og_type":"article","og_title":"Organizasyon \u015eemam\u0131z","og_description":"Ad\u0131yaman Park Hospital organizasyon \u015femam\u0131z\u0131 inceleyerek y\u00f6netim yap\u0131m\u0131z hakk\u0131nda detayl\u0131 bilgi edinin. Sa\u011fl\u0131k hizmetlerimizi etkin ve verimli sunan ekibimizi ke\u015ffedin.","og_url":"https:\/\/adiyamanparkhospital.com.tr\/en\/organizasyon-semamiz-2\/","og_site_name":"Park Hospital | Ad\u0131yaman","article_modified_time":"2025-02-10T12:35:38+00:00","og_image":[{"url":"https:\/\/adiyamanparkhospital.com.tr\/wp-content\/uploads\/2024\/12\/Organizasyon-semamiz.png"}],"twitter_card":"summary_large_image","twitter_misc":{"Estimated reading time":"1 minute"},"schema":{"@context":"https:\/\/schema.org","@graph":[{"@type":"WebPage","@id":"https:\/\/adiyamanparkhospital.com.tr\/organizasyon-semamiz-2\/","url":"https:\/\/adiyamanparkhospital.com.tr\/organizasyon-semamiz-2\/","name":"Organizasyon \u015eemam\u0131z | Ad\u0131yaman Park Hospital Y\u00f6netim Yap\u0131s\u0131","isPartOf":{"@id":"https:\/\/adiyamanparkhospital.com.tr\/#website"},"datePublished":"2024-12-11T11:50:07+00:00","dateModified":"2025-02-10T12:35:38+00:00","description":"Ad\u0131yaman Park Hospital organizasyon \u015femam\u0131z\u0131 inceleyerek y\u00f6netim yap\u0131m\u0131z hakk\u0131nda detayl\u0131 bilgi edinin. Sa\u011fl\u0131k hizmetlerimizi etkin ve verimli sunan ekibimizi ke\u015ffedin.","breadcrumb":{"@id":"https:\/\/adiyamanparkhospital.com.tr\/organizasyon-semamiz-2\/#breadcrumb"},"inLanguage":"en-GB","potentialAction":[{"@type":"ReadAction","target":["https:\/\/adiyamanparkhospital.com.tr\/organizasyon-semamiz-2\/"]}]},{"@type":"BreadcrumbList","@id":"https:\/\/adiyamanparkhospital.com.tr\/organizasyon-semamiz-2\/#breadcrumb","itemListElement":[{"@type":"ListItem","position":1,"name":"Home","item":"https:\/\/adiyamanparkhospital.com.tr\/"},{"@type":"ListItem","position":2,"name":"Organizasyon \u015eemam\u0131z"}]},{"@type":"WebSite","@id":"https:\/\/adiyamanparkhospital.com.tr\/#website","url":"https:\/\/adiyamanparkhospital.com.tr\/","name":"Park Hospital | Ad\u0131yman","description":"Ad\u0131yaman \u00d6zel Park Hospital | Alan\u0131nda Yetkin Doktor Kadrosu","publisher":{"@id":"https:\/\/adiyamanparkhospital.com.tr\/#organization"},"alternateName":"Park Hospital","potentialAction":[{"@type":"SearchAction","target":{"@type":"EntryPoint","urlTemplate":"https:\/\/adiyamanparkhospital.com.tr\/?s={search_term_string}"},"query-input":"required name=search_term_string"}],"inLanguage":"en-GB"},{"@type":"Organization","@id":"https:\/\/adiyamanparkhospital.com.tr\/#organization","name":"Park Hospital | Ad\u0131yman","alternateName":"Park Hospital Ad\u0131yaman \u00d6zel Hastane","url":"https:\/\/adiyamanparkhospital.com.tr\/","logo":{"@type":"ImageObject","inLanguage":"en-GB","@id":"https:\/\/adiyamanparkhospital.com.tr\/#\/schema\/logo\/image\/","url":"https:\/\/adiyamanparkhospital.com.tr\/wp-content\/uploads\/2025\/02\/cropped-LOGO300X300.png","contentUrl":"https:\/\/adiyamanparkhospital.com.tr\/wp-content\/uploads\/2025\/02\/cropped-LOGO300X300.png","width":512,"height":512,"caption":"Park Hospital | Ad\u0131yman"},"image":{"@id":"https:\/\/adiyamanparkhospital.com.tr\/#\/schema\/logo\/image\/"},"sameAs":["https:\/\/www.instagram.com\/adiyamanparkhospital"]}]}},"_links":{"self":[{"href":"https:\/\/adiyamanparkhospital.com.tr\/en\/wp-json\/wp\/v2\/pages\/40910","targetHints":{"allow":["GET"]}}],"collection":[{"href":"https:\/\/adiyamanparkhospital.com.tr\/en\/wp-json\/wp\/v2\/pages"}],"about":[{"href":"https:\/\/adiyamanparkhospital.com.tr\/en\/wp-json\/wp\/v2\/types\/page"}],"author":[{"embeddable":true,"href":"https:\/\/adiyamanparkhospital.com.tr\/en\/wp-json\/wp\/v2\/users\/1"}],"replies":[{"embeddable":true,"href":"https:\/\/adiyamanparkhospital.com.tr\/en\/wp-json\/wp\/v2\/comments?post=40910"}],"version-history":[{"count":0,"href":"https:\/\/adiyamanparkhospital.com.tr\/en\/wp-json\/wp\/v2\/pages\/40910\/revisions"}],"wp:attachment":[{"href":"https:\/\/adiyamanparkhospital.com.tr\/en\/wp-json\/wp\/v2\/media?parent=40910"}],"curies":[{"name":"wp","href":"https:\/\/api.w.org\/{rel}","templated":true}]}}